{"id":32008,"date":"2025-12-13T09:35:42","date_gmt":"2025-12-13T09:35:42","guid":{"rendered":"https:\/\/modesthanim.com\/product\/retro-kaban-taba\/"},"modified":"2026-04-03T10:57:06","modified_gmt":"2026-04-03T10:57:06","slug":"retro-kaban-taba","status":"publish","type":"product","link":"https:\/\/mod.wisdar.net\/tr\/urun\/retro-kaban-taba\/","title":{"rendered":"Retro Kaban Taba"},"content":{"rendered":"<p>Renk: Taba<br \/>\nKuma\u015f: Kal\u0131n Ka\u015fe (%40 Pes %40 Akrilik %20 Pamuk)<br \/>\nMevsim: K\u0131\u015fl\u0131k<br \/>\nAstarl\u0131d\u0131r.<br \/>\nKemerlidir.<br \/>\nBoy: Yakla\u015f\u0131k 120 cm<br \/>\nBeden se\u00e7enekleri:<br \/>\nS beden (34-36 uyumlu, g\u00f6\u011f\u00fcs: yakla\u015f\u0131k 108 cm)<br \/>\nM beden (38-40 uyumlu)<br \/>\nL beden (42-44 uyumlu)<br \/>\nNot: Verilen \u00f6l\u00e7\u00fcler en k\u00fc\u00e7\u00fck bedene aittir, bedenler aras\u0131nda ortalama 4 cm fark bulunmaktad\u0131r.<br \/>\nManken boyu: 1.75 m<br \/>\nManken \u00fczerindeki beden S bedendir.<br \/>\nBak\u0131m talimat\u0131:<br \/>\nKuru temizleme uygulay\u0131n\u0131z.<br \/>\nKurutma makinesine at\u0131lmamal\u0131d\u0131r.<br \/>\nK\u0131\u015f koleksiyonu \u00fcr\u00fcnleri; kuma\u015f i\u00e7erikleri sebebiyle kullan\u0131m ko\u015fullar\u0131na ve kullan\u0131m s\u0131kl\u0131\u011f\u0131na ba\u011fl\u0131 olarak zaman i\u00e7inde pamuklanmaya meyillidir. D\u00fczenli aral\u0131klarla pamuklar\u0131n\u0131 toplay\u0131n\u0131z. Sert ve sivri zeminlere s\u00fcrt\u00fcnmeden ka\u00e7\u0131n\u0131n\u0131z.<\/p>\n<p>\u2014 Teknik Detaylar \u2014<br \/>\nMarka: Minik Terzi<br \/>\nSezon: KI\u015e<br \/>\nCinsiyet: Kad\u0131n<br \/>\nMalzeme: Ka\u015fe \/ Akrilik \/ Pes<br \/>\nKuma\u015f \u0130\u00e7eri\u011fi: %30 Pes %40 Akrilik %30 Pamuk<br \/>\nKal\u0131p: Bol Kal\u0131p<br \/>\nKol Boyu: Uzun Kollu<br \/>\nYaka Tipi: V Yaka<br \/>\nManken \u00d6l\u00e7\u00fcleri: 1,75 m<br \/>\nMankenin Giydi\u011fi Beden: S Beden<br \/>\nA\u00e7\u0131klama: Astarl\u0131d\u0131r, kemerlidir.<\/p>\n","protected":false},"excerpt":{"rendered":"<p>Renk: Taba<br \/>\nKuma\u015f: Kal\u0131n Ka\u015fe (%40 Pes %40 Akrilik %20 Pamuk)<br \/>\nMevsim: K\u0131\u015fl\u0131k<br \/>\nAstarl\u0131d\u0131r.<br \/>\nKemerlidir.<br \/>\nBoy: Yakla\u015f\u0131k 120 cm<br \/>\nBeden se\u00e7enekleri:<br \/>\nS beden (34-36 uyumlu, g\u00f6\u011f\u00fcs: yakla\u015f\u0131k 108 cm)<br \/>\nM beden (38-40 uyumlu)<br \/>\nL beden (42-44 uyumlu)<br \/>\nNot: Verilen \u00f6l\u00e7\u00fcler en k\u00fc\u00e7\u00fck bedene aittir, bedenler aras\u0131nda ortalama 4 cm fark bulunmaktad\u0131r.<br \/>\nManken boyu: 1.75 m<br \/>\nManken \u00fczerindeki beden S bedendir.<br \/>\nBak\u0131m talimat\u0131:<br \/>\nKuru temizleme uygulay\u0131n\u0131z.<br \/>\nKurutma makinesine at\u0131lmamal\u0131d\u0131r.<br \/>\nK\u0131\u015f koleksiyonu \u00fcr\u00fcnleri; kuma\u015f i\u00e7erikleri sebebiyle kullan\u0131m ko\u015fullar\u0131na ve kullan\u0131m s\u0131kl\u0131\u011f\u0131na ba\u011fl\u0131 olarak zaman i\u00e7inde pamuklanmaya meyillidir. D\u00fczenli aral\u0131klarla pamuklar\u0131n\u0131 toplay\u0131n\u0131z. Sert ve sivri zeminlere s\u00fcrt\u00fcnmeden ka\u00e7\u0131n\u0131n\u0131z.<\/p>\n<p>\u2014 Teknik Detaylar \u2014<br \/>\nMarka: Minik Terzi<br \/>\nSezon: KI\u015e<br \/>\nCinsiyet: Kad\u0131n<br \/>\nMalzeme: Ka\u015fe \/ Akrilik \/ Pes<br \/>\nKuma\u015f \u0130\u00e7eri\u011fi: %30 Pes %40 Akrilik %30 Pamuk<br \/>\nKal\u0131p: Bol Kal\u0131p<br \/>\nKol Boyu: Uzun Kollu<br \/>\nYaka Tipi: V Yaka<br \/>\nManken \u00d6l\u00e7\u00fcleri: 1,75 m<br \/>\nMankenin Giydi\u011fi Beden: S Beden<br \/>\nA\u00e7\u0131klama: Astarl\u0131d\u0131r, kemerlidir.<\/p>\n","protected":false},"featured_media":32000,"comment_status":"open","ping_status":"closed","template":"","meta":[],"product_brand":[],"product_cat":[2047],"product_tag":[],"class_list":{"0":"post-32008","1":"product","2":"type-product","3":"status-publish","4":"has-post-thumbnail","6":"product_cat-paltolar","7":"pa_brand-minik-terzi","8":"pa_color-taba","9":"pa_size-l","10":"pa_size-m","11":"pa_size-s","13":"first","14":"instock","15":"sale","16":"shipping-taxable","17":"purchasable","18":"product-type-variable"},"_links":{"self":[{"href":"https:\/\/mod.wisdar.net\/tr\/wp-json\/wp\/v2\/product\/32008","targetHints":{"allow":["GET"]}}],"collection":[{"href":"https:\/\/mod.wisdar.net\/tr\/wp-json\/wp\/v2\/product"}],"about":[{"href":"https:\/\/mod.wisdar.net\/tr\/wp-json\/wp\/v2\/types\/product"}],"replies":[{"embeddable":true,"href":"https:\/\/mod.wisdar.net\/tr\/wp-json\/wp\/v2\/comments?post=32008"}],"wp:featuredmedia":[{"embeddable":true,"href":"https:\/\/mod.wisdar.net\/tr\/wp-json\/wp\/v2\/media\/32000"}],"wp:attachment":[{"href":"https:\/\/mod.wisdar.net\/tr\/wp-json\/wp\/v2\/media?parent=32008"}],"wp:term":[{"taxonomy":"product_brand","embeddable":true,"href":"https:\/\/mod.wisdar.net\/tr\/wp-json\/wp\/v2\/product_brand?post=32008"},{"taxonomy":"product_cat","embeddable":true,"href":"https:\/\/mod.wisdar.net\/tr\/wp-json\/wp\/v2\/product_cat?post=32008"},{"taxonomy":"product_tag","embeddable":true,"href":"https:\/\/mod.wisdar.net\/tr\/wp-json\/wp\/v2\/product_tag?post=32008"}],"curies":[{"name":"wp","href":"https:\/\/api.w.org\/{rel}","templated":true}]}}