{"id":32213,"date":"2025-12-13T09:59:07","date_gmt":"2025-12-13T09:59:07","guid":{"rendered":"https:\/\/modesthanim.com\/product\/dugmeli-orme-triko-kisa-hirka-ekru\/"},"modified":"2026-02-18T07:05:30","modified_gmt":"2026-02-18T07:05:30","slug":"dugmeli-orme-triko-kisa-hirka-ekru","status":"publish","type":"product","link":"https:\/\/mod.wisdar.net\/tr\/urun\/dugmeli-orme-triko-kisa-hirka-ekru\/","title":{"rendered":"D\u00fc\u011fmeli \u00d6rme Triko K\u0131sa H\u0131rka Ekru"},"content":{"rendered":"<p>\u2014 Technical Details \u2014<br \/>\nMarka: Minik Terzi<br \/>\nSezon: KI\u015e<br \/>\nCinsiyet: Kad\u0131n<br \/>\nMalzeme: Akrilik<br \/>\nKuma\u015f \u0130\u00e7eri\u011fi: %80 Akrilik %13 Pes %7 Pbt<br \/>\nKal\u0131p: Tam Kal\u0131p<br \/>\nKol Boyu: Uzun Kollu<br \/>\nYaka Tipi: V Yaka<br \/>\nManken \u00d6l\u00e7\u00fcleri: 1,76<br \/>\nMankenin Giydi\u011fi Beden: SM<br \/>\nA\u00e7\u0131klama: Sererek kurutunuz ve katlayarak muhafaza ediniz.<\/p>\n","protected":false},"excerpt":{"rendered":"<p>\u2014 Technical Details \u2014<br \/>\nMarka: Minik Terzi<br \/>\nSezon: KI\u015e<br \/>\nCinsiyet: Kad\u0131n<br \/>\nMalzeme: Akrilik<br \/>\nKuma\u015f \u0130\u00e7eri\u011fi: %80 Akrilik %13 Pes %7 Pbt<br \/>\nKal\u0131p: Tam Kal\u0131p<br \/>\nKol Boyu: Uzun Kollu<br \/>\nYaka Tipi: V Yaka<br \/>\nManken \u00d6l\u00e7\u00fcleri: 1,76<br \/>\nMankenin Giydi\u011fi Beden: SM<br \/>\nA\u00e7\u0131klama: Sererek kurutunuz ve katlayarak muhafaza ediniz.<\/p>\n","protected":false},"featured_media":32201,"comment_status":"open","ping_status":"closed","template":"","meta":[],"product_brand":[],"product_cat":[1909],"product_tag":[7426,7308,7547,7895],"class_list":{"0":"post-32213","1":"product","2":"type-product","3":"status-publish","4":"has-post-thumbnail","6":"product_cat-bluzlar-ve-gomlekler","7":"product_tag-gunluk-giyim-3","8":"product_tag-hirka","9":"product_tag-kadin-giyim","10":"product_tag-kis-modasi","11":"pa_brand-minik-terzi","12":"pa_color-ekru","13":"pa_size-ml","14":"pa_size-sm","16":"first","17":"instock","18":"shipping-taxable","19":"purchasable","20":"product-type-variable"},"_links":{"self":[{"href":"https:\/\/mod.wisdar.net\/tr\/wp-json\/wp\/v2\/product\/32213","targetHints":{"allow":["GET"]}}],"collection":[{"href":"https:\/\/mod.wisdar.net\/tr\/wp-json\/wp\/v2\/product"}],"about":[{"href":"https:\/\/mod.wisdar.net\/tr\/wp-json\/wp\/v2\/types\/product"}],"replies":[{"embeddable":true,"href":"https:\/\/mod.wisdar.net\/tr\/wp-json\/wp\/v2\/comments?post=32213"}],"wp:featuredmedia":[{"embeddable":true,"href":"https:\/\/mod.wisdar.net\/tr\/wp-json\/wp\/v2\/media\/32201"}],"wp:attachment":[{"href":"https:\/\/mod.wisdar.net\/tr\/wp-json\/wp\/v2\/media?parent=32213"}],"wp:term":[{"taxonomy":"product_brand","embeddable":true,"href":"https:\/\/mod.wisdar.net\/tr\/wp-json\/wp\/v2\/product_brand?post=32213"},{"taxonomy":"product_cat","embeddable":true,"href":"https:\/\/mod.wisdar.net\/tr\/wp-json\/wp\/v2\/product_cat?post=32213"},{"taxonomy":"product_tag","embeddable":true,"href":"https:\/\/mod.wisdar.net\/tr\/wp-json\/wp\/v2\/product_tag?post=32213"}],"curies":[{"name":"wp","href":"https:\/\/api.w.org\/{rel}","templated":true}]}}