{"id":32469,"date":"2025-12-14T18:35:19","date_gmt":"2025-12-14T18:35:19","guid":{"rendered":"https:\/\/modesthanim.com\/product\/ustu-parcali-etek-siyah\/"},"modified":"2025-12-25T23:16:18","modified_gmt":"2025-12-25T23:16:18","slug":"ustu-parcali-etek-siyah","status":"publish","type":"product","link":"https:\/\/mod.wisdar.net\/tr\/urun\/ustu-parcali-etek-siyah\/","title":{"rendered":"\u00dcst\u00fc Par\u00e7al\u0131 Etek Siyah"},"content":{"rendered":"<p>Do\u011fal tonlardaki bu siyah etek, minimal tasar\u0131m\u0131yla zamans\u0131z bir \u015f\u0131kl\u0131k sunar. \u00dcst k\u0131sm\u0131ndaki par\u00e7al\u0131 diki\u015f detay\u0131, ete\u011fe zarif bir hareket katarken bel hatt\u0131n\u0131 vurgular. D\u00f6k\u00fcml\u00fc ve rahat kesimi sayesinde yaz sezonunda konforlu bir kullan\u0131m sa\u011flar. Yumu\u015fak dokulu kuma\u015f\u0131, g\u00fcnl\u00fck kombinlerden \u00f6zel davetlere kadar geni\u015f bir kullan\u0131m alan\u0131 sunar. Sandalet, d\u00fcz ayakkab\u0131 veya topuklularla kolayca tamamlanabilen bu model, do\u011fal ve sofistike bir tarz arayanlar i\u00e7in ideal bir se\u00e7imdir.<\/p>\n<p>\u2014 Technical Details \u2014<br \/>\nMarka: Minik Terzi<br \/>\nSezon: YAZ<br \/>\nCinsiyet: Kad\u0131n<br \/>\nMalzeme: Pamuk<br \/>\nKuma\u015f \u0130\u00e7eri\u011fi: %100 Pamuk<br \/>\nKal\u0131p: Tam Kal\u0131p<br \/>\nMankenin Giydi\u011fi Beden: S Beden<br \/>\nA\u00e7\u0131klama: Ters \u00c7evirerek K\u0131sa Programda 30 Derecede y\u0131kay\u0131n\u0131z.<\/p>\n","protected":false},"excerpt":{"rendered":"<p>Do\u011fal tonlardaki bu siyah etek, minimal tasar\u0131m\u0131yla zamans\u0131z bir \u015f\u0131kl\u0131k sunar. \u00dcst k\u0131sm\u0131ndaki par\u00e7al\u0131 diki\u015f detay\u0131, ete\u011fe zarif bir hareket katarken bel hatt\u0131n\u0131 vurgular. D\u00f6k\u00fcml\u00fc ve rahat kesimi sayesinde yaz sezonunda konforlu bir kullan\u0131m sa\u011flar. Yumu\u015fak dokulu kuma\u015f\u0131, g\u00fcnl\u00fck kombinlerden \u00f6zel davetlere kadar geni\u015f bir kullan\u0131m alan\u0131 sunar. Sandalet, d\u00fcz ayakkab\u0131 veya topuklularla kolayca tamamlanabilen bu model, do\u011fal ve sofistike bir tarz arayanlar i\u00e7in ideal bir se\u00e7imdir.<\/p>\n<p>\u2014 Technical Details \u2014<br \/>\nMarka: Minik Terzi<br \/>\nSezon: YAZ<br \/>\nCinsiyet: Kad\u0131n<br \/>\nMalzeme: Pamuk<br \/>\nKuma\u015f \u0130\u00e7eri\u011fi: %100 Pamuk<br \/>\nKal\u0131p: Tam Kal\u0131p<br \/>\nMankenin Giydi\u011fi Beden: S Beden<br \/>\nA\u00e7\u0131klama: Ters \u00c7evirerek K\u0131sa Programda 30 Derecede y\u0131kay\u0131n\u0131z.<\/p>\n","protected":false},"featured_media":32463,"comment_status":"open","ping_status":"closed","template":"","meta":[],"product_brand":[],"product_cat":[1853],"product_tag":[5049,4273,5051,5050,5048,5052,3041],"class_list":{"0":"post-32469","1":"product","2":"type-product","3":"status-publish","4":"has-post-thumbnail","6":"product_cat-womens-fashion-ar","7":"product_tag-black-skirt","8":"product_tag-cotton-skirt","9":"product_tag-elegant-skirt","10":"product_tag-split-hem","11":"product_tag-summer-skirt","12":"product_tag-versatile-skirt","13":"product_tag-womens-fashion","14":"pa_brand-minik-terzi","16":"first","17":"instock","18":"sale","19":"shipping-taxable","20":"purchasable","21":"product-type-variable"},"_links":{"self":[{"href":"https:\/\/mod.wisdar.net\/tr\/wp-json\/wp\/v2\/product\/32469","targetHints":{"allow":["GET"]}}],"collection":[{"href":"https:\/\/mod.wisdar.net\/tr\/wp-json\/wp\/v2\/product"}],"about":[{"href":"https:\/\/mod.wisdar.net\/tr\/wp-json\/wp\/v2\/types\/product"}],"replies":[{"embeddable":true,"href":"https:\/\/mod.wisdar.net\/tr\/wp-json\/wp\/v2\/comments?post=32469"}],"wp:featuredmedia":[{"embeddable":true,"href":"https:\/\/mod.wisdar.net\/tr\/wp-json\/wp\/v2\/media\/32463"}],"wp:attachment":[{"href":"https:\/\/mod.wisdar.net\/tr\/wp-json\/wp\/v2\/media?parent=32469"}],"wp:term":[{"taxonomy":"product_brand","embeddable":true,"href":"https:\/\/mod.wisdar.net\/tr\/wp-json\/wp\/v2\/product_brand?post=32469"},{"taxonomy":"product_cat","embeddable":true,"href":"https:\/\/mod.wisdar.net\/tr\/wp-json\/wp\/v2\/product_cat?post=32469"},{"taxonomy":"product_tag","embeddable":true,"href":"https:\/\/mod.wisdar.net\/tr\/wp-json\/wp\/v2\/product_tag?post=32469"}],"curies":[{"name":"wp","href":"https:\/\/api.w.org\/{rel}","templated":true}]}}