{"id":32525,"date":"2025-12-14T18:45:31","date_gmt":"2025-12-14T18:45:31","guid":{"rendered":"https:\/\/modesthanim.com\/product\/etek-ucu-parcali-kemerli-etek-murdum\/"},"modified":"2026-03-23T14:01:57","modified_gmt":"2026-03-23T14:01:57","slug":"etek-ucu-parcali-kemerli-etek-murdum","status":"publish","type":"product","link":"https:\/\/mod.wisdar.net\/tr\/urun\/etek-ucu-parcali-kemerli-etek-murdum\/","title":{"rendered":"Etek Ucu Par\u00e7al\u0131 Kemerli Etek M\u00fcrd\u00fcm"},"content":{"rendered":"<p>Beden Yard\u0131m Rehberi <\/p>\n<p>BEDEN KILAVUZU<\/p>\n<p>\u00a0<\/p>\n<p>\t\t\t\u00d6l\u00e7\u00fcler<br \/>\n\t\t\t34<br \/>\n\t\t\t36<br \/>\n\t\t\t38<br \/>\n\t\t\t40<\/p>\n<p>\t\t\tBoy<br \/>\n\t\t\t93 cm<br \/>\n\t\t\t93 cm<br \/>\n\t\t\t93 cm<br \/>\n\t\t\t93 cm<\/p>\n<p>\t\t\tBel<br \/>\n\t\t\t68 cm<br \/>\n\t\t\t72 cm<br \/>\n\t\t\t76 cm<br \/>\n\t\t\t80 cm<\/p>\n<p>\t\t\tBasen<br \/>\n\t\t\t124 cm<br \/>\n\t\t\t128 cm<br \/>\n\t\t\t132 cm<br \/>\n\t\t\t136 cm<\/p>\n<p>\u2014 Technical Details \u2014<br \/>\nAstars\u0131zd\u0131r: Astars\u0131zd\u0131r.<br \/>\nMarka: Minik Terzi<br \/>\nSezon: MEVS\u0130ML\u0130K<br \/>\nCinsiyet: Kad\u0131n<br \/>\nMalzeme: Pamuk \/ Polyester<br \/>\nKuma\u015f \u0130\u00e7eri\u011fi: %50 Pamuk %50 Pes<br \/>\nKal\u0131p: Tam Kal\u0131p<br \/>\nManken \u00d6l\u00e7\u00fcleri: 1,76<br \/>\nMankenin Giydi\u011fi Beden: 34<br \/>\nA\u00e7\u0131klama: Ceplidir.<\/p>\n","protected":false},"excerpt":{"rendered":"<p>Beden Yard\u0131m Rehberi <\/p>\n<p>BEDEN KILAVUZU<\/p>\n<p>\u00a0<\/p>\n<p>\t\t\t\u00d6l\u00e7\u00fcler<br \/>\n\t\t\t34<br \/>\n\t\t\t36<br \/>\n\t\t\t38<br \/>\n\t\t\t40<\/p>\n<p>\t\t\tBoy<br \/>\n\t\t\t93 cm<br \/>\n\t\t\t93 cm<br \/>\n\t\t\t93 cm<br \/>\n\t\t\t93 cm<\/p>\n<p>\t\t\tBel<br \/>\n\t\t\t68 cm<br \/>\n\t\t\t72 cm<br \/>\n\t\t\t76 cm<br \/>\n\t\t\t80 cm<\/p>\n<p>\t\t\tBasen<br \/>\n\t\t\t124 cm<br \/>\n\t\t\t128 cm<br \/>\n\t\t\t132 cm<br \/>\n\t\t\t136 cm<\/p>\n<p>\u2014 Technical Details \u2014<br \/>\nAstars\u0131zd\u0131r: Astars\u0131zd\u0131r.<br \/>\nMarka: Minik Terzi<br \/>\nSezon: MEVS\u0130ML\u0130K<br \/>\nCinsiyet: Kad\u0131n<br \/>\nMalzeme: Pamuk \/ Polyester<br \/>\nKuma\u015f \u0130\u00e7eri\u011fi: %50 Pamuk %50 Pes<br \/>\nKal\u0131p: Tam Kal\u0131p<br \/>\nManken \u00d6l\u00e7\u00fcleri: 1,76<br \/>\nMankenin Giydi\u011fi Beden: 34<br \/>\nA\u00e7\u0131klama: Ceplidir.<\/p>\n","protected":false},"featured_media":32511,"comment_status":"open","ping_status":"closed","template":"","meta":[],"product_brand":[],"product_cat":[1969],"product_tag":[7612],"class_list":{"0":"post-32525","1":"product","2":"type-product","3":"status-publish","4":"has-post-thumbnail","6":"product_cat-etekler","7":"product_tag-kadin-etegi","8":"pa_brand-minik-terzi","9":"pa_color-murdum","10":"pa_size-4698","11":"pa_size-4701","12":"pa_size-4706","13":"pa_size-4711","15":"first","16":"instock","17":"shipping-taxable","18":"purchasable","19":"product-type-variable"},"_links":{"self":[{"href":"https:\/\/mod.wisdar.net\/tr\/wp-json\/wp\/v2\/product\/32525","targetHints":{"allow":["GET"]}}],"collection":[{"href":"https:\/\/mod.wisdar.net\/tr\/wp-json\/wp\/v2\/product"}],"about":[{"href":"https:\/\/mod.wisdar.net\/tr\/wp-json\/wp\/v2\/types\/product"}],"replies":[{"embeddable":true,"href":"https:\/\/mod.wisdar.net\/tr\/wp-json\/wp\/v2\/comments?post=32525"}],"wp:featuredmedia":[{"embeddable":true,"href":"https:\/\/mod.wisdar.net\/tr\/wp-json\/wp\/v2\/media\/32511"}],"wp:attachment":[{"href":"https:\/\/mod.wisdar.net\/tr\/wp-json\/wp\/v2\/media?parent=32525"}],"wp:term":[{"taxonomy":"product_brand","embeddable":true,"href":"https:\/\/mod.wisdar.net\/tr\/wp-json\/wp\/v2\/product_brand?post=32525"},{"taxonomy":"product_cat","embeddable":true,"href":"https:\/\/mod.wisdar.net\/tr\/wp-json\/wp\/v2\/product_cat?post=32525"},{"taxonomy":"product_tag","embeddable":true,"href":"https:\/\/mod.wisdar.net\/tr\/wp-json\/wp\/v2\/product_tag?post=32525"}],"curies":[{"name":"wp","href":"https:\/\/api.w.org\/{rel}","templated":true}]}}