{"id":32637,"date":"2025-12-14T18:46:44","date_gmt":"2025-12-14T18:46:44","guid":{"rendered":"https:\/\/modesthanim.com\/product\/etek-ucu-parcali-klos-kesim-kot-etek-kahverengi\/"},"modified":"2026-03-23T13:53:05","modified_gmt":"2026-03-23T13:53:05","slug":"etek-ucu-parcali-klos-kesim-kot-etek-kahverengi","status":"publish","type":"product","link":"https:\/\/mod.wisdar.net\/tr\/urun\/etek-ucu-parcali-klos-kesim-kot-etek-kahverengi\/","title":{"rendered":"Etek Ucu Par\u00e7al\u0131 Klo\u015f Kesim Kot Etek Kahverengi"},"content":{"rendered":"<p>Ceplidir. Tersten ve ayn\u0131 renk \u00fcr\u00fcnlerle birlikte y\u0131kay\u0131n\u0131z.<\/p>\n","protected":false},"excerpt":{"rendered":"<p>Ceplidir. Tersten ve ayn\u0131 renk \u00fcr\u00fcnlerle birlikte y\u0131kay\u0131n\u0131z.<\/p>\n","protected":false},"featured_media":32631,"comment_status":"open","ping_status":"closed","template":"","meta":[],"product_brand":[],"product_cat":[1969],"product_tag":[7426,8246,8247],"class_list":{"0":"post-32637","1":"product","2":"type-product","3":"status-publish","4":"has-post-thumbnail","6":"product_cat-etekler","7":"product_tag-gunluk-giyim-3","8":"product_tag-kahverengi-etek","9":"product_tag-klos-etek","10":"pa_brand-minik-terzi","11":"pa_color-kahverengi","12":"pa_size-l","13":"pa_size-m","14":"pa_size-s","15":"pa_size-xs","17":"first","18":"instock","19":"shipping-taxable","20":"purchasable","21":"product-type-variable"},"_links":{"self":[{"href":"https:\/\/mod.wisdar.net\/tr\/wp-json\/wp\/v2\/product\/32637","targetHints":{"allow":["GET"]}}],"collection":[{"href":"https:\/\/mod.wisdar.net\/tr\/wp-json\/wp\/v2\/product"}],"about":[{"href":"https:\/\/mod.wisdar.net\/tr\/wp-json\/wp\/v2\/types\/product"}],"replies":[{"embeddable":true,"href":"https:\/\/mod.wisdar.net\/tr\/wp-json\/wp\/v2\/comments?post=32637"}],"wp:featuredmedia":[{"embeddable":true,"href":"https:\/\/mod.wisdar.net\/tr\/wp-json\/wp\/v2\/media\/32631"}],"wp:attachment":[{"href":"https:\/\/mod.wisdar.net\/tr\/wp-json\/wp\/v2\/media?parent=32637"}],"wp:term":[{"taxonomy":"product_brand","embeddable":true,"href":"https:\/\/mod.wisdar.net\/tr\/wp-json\/wp\/v2\/product_brand?post=32637"},{"taxonomy":"product_cat","embeddable":true,"href":"https:\/\/mod.wisdar.net\/tr\/wp-json\/wp\/v2\/product_cat?post=32637"},{"taxonomy":"product_tag","embeddable":true,"href":"https:\/\/mod.wisdar.net\/tr\/wp-json\/wp\/v2\/product_tag?post=32637"}],"curies":[{"name":"wp","href":"https:\/\/api.w.org\/{rel}","templated":true}]}}