{"id":32744,"date":"2025-12-14T18:55:22","date_gmt":"2025-12-14T18:55:22","guid":{"rendered":"https:\/\/modesthanim.com\/product\/suet-klos-etek-vizon\/"},"modified":"2026-04-03T08:34:11","modified_gmt":"2026-04-03T08:34:11","slug":"suet-klos-etek-vizon","status":"publish","type":"product","link":"https:\/\/mod.wisdar.net\/tr\/urun\/suet-klos-etek-vizon\/","title":{"rendered":"S\u00fcet Klo\u015f Etek Vizon"},"content":{"rendered":"<p>Beden Yard\u0131m Rehberi <\/p>\n<p>BEDEN KILAVUZU<\/p>\n<p>\u00a0<\/p>\n<p>\t\t\t\u00d6l\u00e7\u00fcler<br \/>\n\t\t\t34<br \/>\n\t\t\t36<br \/>\n\t\t\t38<br \/>\n\t\t\t40<\/p>\n<p>\t\t\tBoy<br \/>\n\t\t\t105 cm<br \/>\n\t\t\t107 cm<br \/>\n\t\t\t109 cm<br \/>\n\t\t\t111 cm<\/p>\n<p>\t\t\tBel<br \/>\n\t\t\t68 cm<br \/>\n\t\t\t72 cm<br \/>\n\t\t\t76 cm<br \/>\n\t\t\t80 cm<\/p>\n<p>\t\t\tBasen<br \/>\n\t\t\t98 cm<br \/>\n\t\t\t102 cm<br \/>\n\t\t\t106 cm<br \/>\n\t\t\t110 cm<\/p>\n<p>\u2014 Technical Details \u2014<br \/>\n\u00dcr\u00fcn Hakk\u0131nda: Ceplidir.<br \/>\nMarka: Minik Terzi<br \/>\nSezon: KI\u015e<br \/>\nCinsiyet: Kad\u0131n<br \/>\nMalzeme: Pes<br \/>\nKuma\u015f \u0130\u00e7eri\u011fi: %100 Pes<br \/>\nKal\u0131p: Tam Kal\u0131p<br \/>\nManken \u00d6l\u00e7\u00fcleri: 1,76<br \/>\nMankenin Giydi\u011fi Beden: 34<br \/>\nA\u00e7\u0131klama: Astars\u0131zd\u0131r, i\u00e7 g\u00f6stermez.<\/p>\n","protected":false},"excerpt":{"rendered":"<p>Beden Yard\u0131m Rehberi <\/p>\n<p>BEDEN KILAVUZU<\/p>\n<p>\u00a0<\/p>\n<p>\t\t\t\u00d6l\u00e7\u00fcler<br \/>\n\t\t\t34<br \/>\n\t\t\t36<br \/>\n\t\t\t38<br \/>\n\t\t\t40<\/p>\n<p>\t\t\tBoy<br \/>\n\t\t\t105 cm<br \/>\n\t\t\t107 cm<br \/>\n\t\t\t109 cm<br \/>\n\t\t\t111 cm<\/p>\n<p>\t\t\tBel<br \/>\n\t\t\t68 cm<br \/>\n\t\t\t72 cm<br \/>\n\t\t\t76 cm<br \/>\n\t\t\t80 cm<\/p>\n<p>\t\t\tBasen<br \/>\n\t\t\t98 cm<br \/>\n\t\t\t102 cm<br \/>\n\t\t\t106 cm<br \/>\n\t\t\t110 cm<\/p>\n<p>\u2014 Technical Details \u2014<br \/>\n\u00dcr\u00fcn Hakk\u0131nda: Ceplidir.<br \/>\nMarka: Minik Terzi<br \/>\nSezon: KI\u015e<br \/>\nCinsiyet: Kad\u0131n<br \/>\nMalzeme: Pes<br \/>\nKuma\u015f \u0130\u00e7eri\u011fi: %100 Pes<br \/>\nKal\u0131p: Tam Kal\u0131p<br \/>\nManken \u00d6l\u00e7\u00fcleri: 1,76<br \/>\nMankenin Giydi\u011fi Beden: 34<br \/>\nA\u00e7\u0131klama: Astars\u0131zd\u0131r, i\u00e7 g\u00f6stermez.<\/p>\n","protected":false},"featured_media":32734,"comment_status":"open","ping_status":"closed","template":"","meta":[],"product_brand":[],"product_cat":[1969],"product_tag":[7547,7895],"class_list":{"0":"post-32744","1":"product","2":"type-product","3":"status-publish","4":"has-post-thumbnail","6":"product_cat-etekler","7":"product_tag-kadin-giyim","8":"product_tag-kis-modasi","9":"pa_brand-minik-terzi","10":"pa_color-vizon","11":"pa_size-4698","12":"pa_size-4701","13":"pa_size-4706","14":"pa_size-4711","16":"first","17":"instock","18":"shipping-taxable","19":"purchasable","20":"product-type-variable"},"_links":{"self":[{"href":"https:\/\/mod.wisdar.net\/tr\/wp-json\/wp\/v2\/product\/32744","targetHints":{"allow":["GET"]}}],"collection":[{"href":"https:\/\/mod.wisdar.net\/tr\/wp-json\/wp\/v2\/product"}],"about":[{"href":"https:\/\/mod.wisdar.net\/tr\/wp-json\/wp\/v2\/types\/product"}],"replies":[{"embeddable":true,"href":"https:\/\/mod.wisdar.net\/tr\/wp-json\/wp\/v2\/comments?post=32744"}],"wp:featuredmedia":[{"embeddable":true,"href":"https:\/\/mod.wisdar.net\/tr\/wp-json\/wp\/v2\/media\/32734"}],"wp:attachment":[{"href":"https:\/\/mod.wisdar.net\/tr\/wp-json\/wp\/v2\/media?parent=32744"}],"wp:term":[{"taxonomy":"product_brand","embeddable":true,"href":"https:\/\/mod.wisdar.net\/tr\/wp-json\/wp\/v2\/product_brand?post=32744"},{"taxonomy":"product_cat","embeddable":true,"href":"https:\/\/mod.wisdar.net\/tr\/wp-json\/wp\/v2\/product_cat?post=32744"},{"taxonomy":"product_tag","embeddable":true,"href":"https:\/\/mod.wisdar.net\/tr\/wp-json\/wp\/v2\/product_tag?post=32744"}],"curies":[{"name":"wp","href":"https:\/\/api.w.org\/{rel}","templated":true}]}}