{"id":33012,"date":"2025-12-14T19:11:11","date_gmt":"2025-12-14T19:11:11","guid":{"rendered":"https:\/\/modesthanim.com\/product\/dugum-detayli-kazak-murdum\/"},"modified":"2026-02-19T21:28:36","modified_gmt":"2026-02-19T21:28:36","slug":"dugum-detayli-kazak-murdum","status":"publish","type":"product","link":"https:\/\/mod.wisdar.net\/tr\/urun\/dugum-detayli-kazak-murdum\/","title":{"rendered":"D\u00fc\u011f\u00fcm Detayl\u0131 Kazak M\u00fcrd\u00fcm"},"content":{"rendered":"<p>Beden Yard\u0131m Rehberi <\/p>\n<p>BEDEN KILAVUZU<\/p>\n<p>\u00a0<\/p>\n<p>\t\t\t\u00d6l\u00e7\u00fcler<br \/>\n\t\t\tSM<br \/>\n\t\t\tML<\/p>\n<p>\t\t\tBoy<br \/>\n\t\t\t50 cm<br \/>\n\t\t\t52 cm<\/p>\n<p>\t\t\tG\u00f6\u011f\u00fcs \u00c7evresi<br \/>\n\t\t\t104 cm<br \/>\n\t\t\t108 cm<\/p>\n<p>\t\t\tKol Boyu<br \/>\n\t\t\t51 cm<br \/>\n\t\t\t51 cm<\/p>\n<p>\u2014 Technical Details \u2014<br \/>\nMarka: Minik Terzi<br \/>\nSezon: KI\u015e<br \/>\nCinsiyet: Kad\u0131n<br \/>\nMalzeme: Akrilik<br \/>\nKuma\u015f \u0130\u00e7eri\u011fi: %78 Akrilik %10 Pa %12 Pbt<br \/>\nKal\u0131p: Tam Kal\u0131p<br \/>\nKol Boyu: Uzun Kollu<br \/>\nYaka Tipi: Bisiklet Yaka<br \/>\nManken \u00d6l\u00e7\u00fcleri: 1,76<br \/>\nMankenin Giydi\u011fi Beden: SM<br \/>\nA\u00e7\u0131klama: Sererek kurutunuz ve katlayarak muhafaza ediniz.<\/p>\n","protected":false},"excerpt":{"rendered":"<p>Beden Yard\u0131m Rehberi <\/p>\n<p>BEDEN KILAVUZU<\/p>\n<p>\u00a0<\/p>\n<p>\t\t\t\u00d6l\u00e7\u00fcler<br \/>\n\t\t\tSM<br \/>\n\t\t\tML<\/p>\n<p>\t\t\tBoy<br \/>\n\t\t\t50 cm<br \/>\n\t\t\t52 cm<\/p>\n<p>\t\t\tG\u00f6\u011f\u00fcs \u00c7evresi<br \/>\n\t\t\t104 cm<br \/>\n\t\t\t108 cm<\/p>\n<p>\t\t\tKol Boyu<br \/>\n\t\t\t51 cm<br \/>\n\t\t\t51 cm<\/p>\n<p>\u2014 Technical Details \u2014<br \/>\nMarka: Minik Terzi<br \/>\nSezon: KI\u015e<br \/>\nCinsiyet: Kad\u0131n<br \/>\nMalzeme: Akrilik<br \/>\nKuma\u015f \u0130\u00e7eri\u011fi: %78 Akrilik %10 Pa %12 Pbt<br \/>\nKal\u0131p: Tam Kal\u0131p<br \/>\nKol Boyu: Uzun Kollu<br \/>\nYaka Tipi: Bisiklet Yaka<br \/>\nManken \u00d6l\u00e7\u00fcleri: 1,76<br \/>\nMankenin Giydi\u011fi Beden: SM<br \/>\nA\u00e7\u0131klama: Sererek kurutunuz ve katlayarak muhafaza ediniz.<\/p>\n","protected":false},"featured_media":33003,"comment_status":"open","ping_status":"closed","template":"","meta":[],"product_brand":[],"product_cat":[1909],"product_tag":[8117,7426,7547,7895],"class_list":{"0":"post-33012","1":"product","2":"type-product","3":"status-publish","4":"has-post-thumbnail","6":"product_cat-bluzlar-ve-gomlekler","7":"product_tag-bogazli-2","8":"product_tag-gunluk-giyim-3","9":"product_tag-kadin-giyim","10":"product_tag-kis-modasi","11":"pa_brand-minik-terzi","12":"pa_color-murdum","13":"pa_size-ml","14":"pa_size-sm","16":"first","17":"outofstock","18":"shipping-taxable","19":"product-type-variable"},"_links":{"self":[{"href":"https:\/\/mod.wisdar.net\/tr\/wp-json\/wp\/v2\/product\/33012","targetHints":{"allow":["GET"]}}],"collection":[{"href":"https:\/\/mod.wisdar.net\/tr\/wp-json\/wp\/v2\/product"}],"about":[{"href":"https:\/\/mod.wisdar.net\/tr\/wp-json\/wp\/v2\/types\/product"}],"replies":[{"embeddable":true,"href":"https:\/\/mod.wisdar.net\/tr\/wp-json\/wp\/v2\/comments?post=33012"}],"wp:featuredmedia":[{"embeddable":true,"href":"https:\/\/mod.wisdar.net\/tr\/wp-json\/wp\/v2\/media\/33003"}],"wp:attachment":[{"href":"https:\/\/mod.wisdar.net\/tr\/wp-json\/wp\/v2\/media?parent=33012"}],"wp:term":[{"taxonomy":"product_brand","embeddable":true,"href":"https:\/\/mod.wisdar.net\/tr\/wp-json\/wp\/v2\/product_brand?post=33012"},{"taxonomy":"product_cat","embeddable":true,"href":"https:\/\/mod.wisdar.net\/tr\/wp-json\/wp\/v2\/product_cat?post=33012"},{"taxonomy":"product_tag","embeddable":true,"href":"https:\/\/mod.wisdar.net\/tr\/wp-json\/wp\/v2\/product_tag?post=33012"}],"curies":[{"name":"wp","href":"https:\/\/api.w.org\/{rel}","templated":true}]}}