{"id":33726,"date":"2025-12-14T19:28:12","date_gmt":"2025-12-14T19:28:12","guid":{"rendered":"https:\/\/modesthanim.com\/product\/kemer-tokali-klasik-uzun-trenckot-siyah\/"},"modified":"2026-01-15T07:47:13","modified_gmt":"2026-01-15T07:47:13","slug":"kemer-tokali-klasik-uzun-trenckot-siyah","status":"publish","type":"product","link":"https:\/\/mod.wisdar.net\/tr\/urun\/kemer-tokali-klasik-uzun-trenckot-siyah\/","title":{"rendered":"Kemer Tokal\u0131 Klasik Uzun Tren\u00e7kot Siyah"},"content":{"rendered":"<p>Beden Yard\u0131m Rehberi <\/p>\n<p>BEDEN KILAVUZU<\/p>\n<p>\u00a0<\/p>\n<p>\t\t\t\u00d6l\u00e7\u00fcler<br \/>\n\t\t\tS<br \/>\n\t\t\tM<br \/>\n\t\t\tL<\/p>\n<p>\t\t\tBoy<br \/>\n\t\t\t121 cm<br \/>\n\t\t\t121,5 cm<br \/>\n\t\t\t122 cm<\/p>\n<p>\t\t\tG\u00f6\u011f\u00fcs \u00c7evresi<br \/>\n\t\t\t100 cm<br \/>\n\t\t\t106 cm<br \/>\n\t\t\t112 cm<\/p>\n<p>\t\t\tKol Boyu<br \/>\n\t\t\t60 cm<br \/>\n\t\t\t61 cm<br \/>\n\t\t\t62 cm<\/p>\n<p>\u2014 Technical Details \u2014<br \/>\n\u00dcr\u00fcn Hakk\u0131nda: Elde y\u0131kanmaz kuru temizleme yap\u0131n\u0131z.<br \/>\nMarka: Minik Terzi<br \/>\nSezon: MEVS\u0130ML\u0130K<br \/>\nCinsiyet: Kad\u0131n<br \/>\nMalzeme: Pamuk \/ Polyester<br \/>\nKuma\u015f \u0130\u00e7eri\u011fi: %50 Pamuk %50 Pes<br \/>\nKal\u0131p: Tam Kal\u0131p<br \/>\nKol Boyu: Uzun Kollu<br \/>\nYaka Tipi: Geni\u015f Yaka<br \/>\nManken \u00d6l\u00e7\u00fcleri: 1,76<br \/>\nMankenin Giydi\u011fi Beden: S Beden<br \/>\nA\u00e7\u0131klama: Astarl\u0131d\u0131r<\/p>\n","protected":false},"excerpt":{"rendered":"<p>Beden Yard\u0131m Rehberi <\/p>\n<p>BEDEN KILAVUZU<\/p>\n<p>\u00a0<\/p>\n<p>\t\t\t\u00d6l\u00e7\u00fcler<br \/>\n\t\t\tS<br \/>\n\t\t\tM<br \/>\n\t\t\tL<\/p>\n<p>\t\t\tBoy<br \/>\n\t\t\t121 cm<br \/>\n\t\t\t121,5 cm<br \/>\n\t\t\t122 cm<\/p>\n<p>\t\t\tG\u00f6\u011f\u00fcs \u00c7evresi<br \/>\n\t\t\t100 cm<br \/>\n\t\t\t106 cm<br \/>\n\t\t\t112 cm<\/p>\n<p>\t\t\tKol Boyu<br \/>\n\t\t\t60 cm<br \/>\n\t\t\t61 cm<br \/>\n\t\t\t62 cm<\/p>\n<p>\u2014 Technical Details \u2014<br \/>\n\u00dcr\u00fcn Hakk\u0131nda: Elde y\u0131kanmaz kuru temizleme yap\u0131n\u0131z.<br \/>\nMarka: Minik Terzi<br \/>\nSezon: MEVS\u0130ML\u0130K<br \/>\nCinsiyet: Kad\u0131n<br \/>\nMalzeme: Pamuk \/ Polyester<br \/>\nKuma\u015f \u0130\u00e7eri\u011fi: %50 Pamuk %50 Pes<br \/>\nKal\u0131p: Tam Kal\u0131p<br \/>\nKol Boyu: Uzun Kollu<br \/>\nYaka Tipi: Geni\u015f Yaka<br \/>\nManken \u00d6l\u00e7\u00fcleri: 1,76<br \/>\nMankenin Giydi\u011fi Beden: S Beden<br \/>\nA\u00e7\u0131klama: Astarl\u0131d\u0131r<\/p>\n","protected":false},"featured_media":33712,"comment_status":"open","ping_status":"closed","template":"","meta":[],"product_brand":[],"product_cat":[2047],"product_tag":[7960,7668,6312,6776],"class_list":{"0":"post-33726","1":"product","2":"type-product","3":"status-publish","4":"has-post-thumbnail","6":"product_cat-paltolar","7":"product_tag-kadin-dis-giyim","8":"product_tag-kemerli","9":"product_tag-long-coat","10":"product_tag-trenckot","11":"pa_brand-minik-terzi","12":"pa_color-siyah","13":"pa_size-l","14":"pa_size-m","15":"pa_size-s","17":"first","18":"instock","19":"sale","20":"shipping-taxable","21":"purchasable","22":"product-type-variable"},"_links":{"self":[{"href":"https:\/\/mod.wisdar.net\/tr\/wp-json\/wp\/v2\/product\/33726","targetHints":{"allow":["GET"]}}],"collection":[{"href":"https:\/\/mod.wisdar.net\/tr\/wp-json\/wp\/v2\/product"}],"about":[{"href":"https:\/\/mod.wisdar.net\/tr\/wp-json\/wp\/v2\/types\/product"}],"replies":[{"embeddable":true,"href":"https:\/\/mod.wisdar.net\/tr\/wp-json\/wp\/v2\/comments?post=33726"}],"wp:featuredmedia":[{"embeddable":true,"href":"https:\/\/mod.wisdar.net\/tr\/wp-json\/wp\/v2\/media\/33712"}],"wp:attachment":[{"href":"https:\/\/mod.wisdar.net\/tr\/wp-json\/wp\/v2\/media?parent=33726"}],"wp:term":[{"taxonomy":"product_brand","embeddable":true,"href":"https:\/\/mod.wisdar.net\/tr\/wp-json\/wp\/v2\/product_brand?post=33726"},{"taxonomy":"product_cat","embeddable":true,"href":"https:\/\/mod.wisdar.net\/tr\/wp-json\/wp\/v2\/product_cat?post=33726"},{"taxonomy":"product_tag","embeddable":true,"href":"https:\/\/mod.wisdar.net\/tr\/wp-json\/wp\/v2\/product_tag?post=33726"}],"curies":[{"name":"wp","href":"https:\/\/api.w.org\/{rel}","templated":true}]}}