{"id":34212,"date":"2025-12-14T21:49:46","date_gmt":"2025-12-14T21:49:46","guid":{"rendered":"https:\/\/modesthanim.com\/product\/ftz-kadin-melanj-takim-siyah-31146\/"},"modified":"2026-02-19T20:34:16","modified_gmt":"2026-02-19T20:34:16","slug":"ftz-kadin-melanj-takim-siyah-31146","status":"publish","type":"product","link":"https:\/\/mod.wisdar.net\/tr\/urun\/ftz-kadin-melanj-takim-siyah-31146\/","title":{"rendered":"FTZ Kad\u0131n Melanj Tak\u0131m Siyah 31146"},"content":{"rendered":"<p>Kuma\u015f: %30 Viskon %20 Pamuk %50 Akrilik<br \/>\nKol Uzunlu\u011fu: 62.5 cm<br \/>\nYaka Tipi: G\u00f6mlek Yakas\u0131<br \/>\nDesen: Desenli<br \/>\nKal\u0131p: Rahat Kesim<br \/>\nModel \u00d6l\u00e7\u00fcleri<br \/>\nBeden: 36 Boy: 1.77 cm G\u00f6\u011f\u00fcs: 85 cm Bel: 62 cm Kal\u00e7a: 92 cm<br \/>\n\u00dcr\u00fcn \u00d6l\u00e7\u00fcleri<br \/>\nUzunluk: 56.5 cm G\u00f6\u011f\u00fcs: 53 cm Bel: 35 cm Kal\u00e7a: 45 cm<br \/>\nY\u0131kama Talimatlar\u0131:<br \/>\n\u2013 So\u011fuk y\u0131kay\u0131n (30C veya 65F ile 85F)<br \/>\n\u2013 Kurutma makinesinde kurutmay\u0131n<br \/>\n\u2013 Kuru temizleme, Trichloroethylene ile minimum \u00e7\u00f6z\u00fcc\u00fc kullan\u0131n<br \/>\n\u2013 D\u00fc\u015f\u00fck s\u0131cakl\u0131kta \u00fct\u00fcleyin<br \/>\n\u2013 \u00c7ama\u015f\u0131r suyu kullanmay\u0131n<\/p>\n<p>\u2014 Teknik Detaylar \u2014<br \/>\nKuma\u015f Tipi: Megan<br \/>\nKal\u0131p: D\u00fczenli<br \/>\nKal\u0131p \u00d6zellikleri: D\u00fczenli<br \/>\nUzunluk: 56.5<br \/>\nDesen: Desenli<br \/>\nAstar Durumu: Astars\u0131z<br \/>\nBel: 35<br \/>\nCepler: Yok<br \/>\nKal\u0131nl\u0131k: \u0130nce<br \/>\nKemer Ge\u00e7irme Durumu: Kemersiz<br \/>\nKol Uzunlu\u011fu: 62.2<br \/>\nKol Tipi: Standart<br \/>\nMalzeme: Viskon Kar\u0131\u015f\u0131m\u0131<br \/>\nPar\u00e7a Say\u0131s\u0131: 2<br \/>\nBeden Aral\u0131\u011f\u0131: 38\/44<\/p>\n","protected":false},"excerpt":{"rendered":"<p>Kuma\u015f: %30 Viskon %20 Pamuk %50 Akrilik<br \/>\nKol Uzunlu\u011fu: 62.5 cm<br \/>\nYaka Tipi: G\u00f6mlek Yakas\u0131<br \/>\nDesen: Desenli<br \/>\nKal\u0131p: Rahat Kesim<br \/>\nModel \u00d6l\u00e7\u00fcleri<br \/>\nBeden: 36 Boy: 1.77 cm G\u00f6\u011f\u00fcs: 85 cm Bel: 62 cm Kal\u00e7a: 92 cm<br \/>\n\u00dcr\u00fcn \u00d6l\u00e7\u00fcleri<br \/>\nUzunluk: 56.5 cm G\u00f6\u011f\u00fcs: 53 cm Bel: 35 cm Kal\u00e7a: 45 cm<br \/>\nY\u0131kama Talimatlar\u0131:<br \/>\n\u2013 So\u011fuk y\u0131kay\u0131n (30C veya 65F ile 85F)<br \/>\n\u2013 Kurutma makinesinde kurutmay\u0131n<br \/>\n\u2013 Kuru temizleme, Trichloroethylene ile minimum \u00e7\u00f6z\u00fcc\u00fc kullan\u0131n<br \/>\n\u2013 D\u00fc\u015f\u00fck s\u0131cakl\u0131kta \u00fct\u00fcleyin<br \/>\n\u2013 \u00c7ama\u015f\u0131r suyu kullanmay\u0131n<\/p>\n<p>\u2014 Teknik Detaylar \u2014<br \/>\nKuma\u015f Tipi: Megan<br \/>\nKal\u0131p: D\u00fczenli<br \/>\nKal\u0131p \u00d6zellikleri: D\u00fczenli<br \/>\nUzunluk: 56.5<br \/>\nDesen: Desenli<br \/>\nAstar Durumu: Astars\u0131z<br \/>\nBel: 35<br \/>\nCepler: Yok<br \/>\nKal\u0131nl\u0131k: \u0130nce<br \/>\nKemer Ge\u00e7irme Durumu: Kemersiz<br \/>\nKol Uzunlu\u011fu: 62.2<br \/>\nKol Tipi: Standart<br \/>\nMalzeme: Viskon Kar\u0131\u015f\u0131m\u0131<br \/>\nPar\u00e7a Say\u0131s\u0131: 2<br \/>\nBeden Aral\u0131\u011f\u0131: 38\/44<\/p>\n","protected":false},"featured_media":34205,"comment_status":"open","ping_status":"closed","template":"","meta":[],"product_brand":[],"product_cat":[1900],"product_tag":[7488,6882,7074],"class_list":{"0":"post-34212","1":"product","2":"type-product","3":"status-publish","4":"has-post-thumbnail","6":"product_cat-koordinatlar-setler","7":"product_tag-pamuk","8":"product_tag-rahat-kesim-2","9":"product_tag-siyah","10":"pa_brand-ftz-women","11":"pa_color-siyah","12":"pa_size-4706","13":"pa_size-4711","14":"pa_size-4713","15":"pa_size-4751","17":"first","18":"outofstock","19":"shipping-taxable","20":"product-type-variable"},"_links":{"self":[{"href":"https:\/\/mod.wisdar.net\/tr\/wp-json\/wp\/v2\/product\/34212","targetHints":{"allow":["GET"]}}],"collection":[{"href":"https:\/\/mod.wisdar.net\/tr\/wp-json\/wp\/v2\/product"}],"about":[{"href":"https:\/\/mod.wisdar.net\/tr\/wp-json\/wp\/v2\/types\/product"}],"replies":[{"embeddable":true,"href":"https:\/\/mod.wisdar.net\/tr\/wp-json\/wp\/v2\/comments?post=34212"}],"wp:featuredmedia":[{"embeddable":true,"href":"https:\/\/mod.wisdar.net\/tr\/wp-json\/wp\/v2\/media\/34205"}],"wp:attachment":[{"href":"https:\/\/mod.wisdar.net\/tr\/wp-json\/wp\/v2\/media?parent=34212"}],"wp:term":[{"taxonomy":"product_brand","embeddable":true,"href":"https:\/\/mod.wisdar.net\/tr\/wp-json\/wp\/v2\/product_brand?post=34212"},{"taxonomy":"product_cat","embeddable":true,"href":"https:\/\/mod.wisdar.net\/tr\/wp-json\/wp\/v2\/product_cat?post=34212"},{"taxonomy":"product_tag","embeddable":true,"href":"https:\/\/mod.wisdar.net\/tr\/wp-json\/wp\/v2\/product_tag?post=34212"}],"curies":[{"name":"wp","href":"https:\/\/api.w.org\/{rel}","templated":true}]}}