{"id":34250,"date":"2025-12-14T21:54:56","date_gmt":"2025-12-14T21:54:56","guid":{"rendered":"https:\/\/modesthanim.com\/product\/ftz-women-kadin-kupra-takim-bordo-31153\/"},"modified":"2026-04-02T21:36:42","modified_gmt":"2026-04-02T21:36:42","slug":"ftz-women-kadin-kupra-takim-bordo-31153","status":"publish","type":"product","link":"https:\/\/mod.wisdar.net\/tr\/urun\/ftz-women-kadin-kupra-takim-bordo-31153\/","title":{"rendered":"FTZ Women Kad\u0131n Kupra Tak\u0131m  Bordo 31153"},"content":{"rendered":"<p>Kuma\u015f : %30 Viskon %20 Pamuk %50 Akrilik<br \/>\nKol : 60,5\u00a0cm<br \/>\nYaka Tipi : G\u00f6mlek Yaka<br \/>\nDesen : D\u00fcz<br \/>\nKal\u0131p : Rahat\u00a0Kal\u0131p<br \/>\nModel \u00d6l\u00e7\u00fcs\u00fc: Beden: 36\u00a0 Boy: 1.77\u00a0cm\u00a0 \u00a0 G\u00f6\u011f\u00fcs: 85 cm\u00a0 \u00a0 Bel: 62\u00a0cm\u00a0 \u00a0Kal\u00e7a: 92\u00a0cm<br \/>\n\u00dcr\u00fcn \u00d6l\u00e7\u00fcs\u00fc: Boy: 57\u00a0cm\u00a0 \u00a0 G\u00f6\u011f\u00fcs: 51\u00a0cm\u00a0 \u00a0 Bel: 37\u00a0cm\u00a0 \u00a0Kal\u00e7a: 62\u00a0cm<br \/>\nY\u0131kama Talimat\u0131 :<br \/>\n\u2013 Makine ile So\u011fuk Y\u0131kama Yap\u0131n\u0131z (30C veya 65F ile 85F)<br \/>\n\u2013 Kurutma Makinesinde Kurutulamaz<br \/>\n\u2013 Kuru Temizleme , Trikloretilen Ay\u0131r\u0131\u00e7\u0131s\u0131yla Az \u00c7\u00f6z\u00fcc\u00fc Kullan\u0131n\u0131z<br \/>\n\u2013 D\u00fc\u015f\u00fck Is\u0131da \u00dct\u00fcleme Yap\u0131n\u0131z<br \/>\n\u2013 \u00c7ama\u015f\u0131r Suyu Kullanmay\u0131n\u0131z<\/p>\n<p>\u2014 Technical Details \u2014<br \/>\nKuma\u015f Tipi: Cupra<br \/>\nKal\u0131p: Regular<br \/>\nKal\u0131p \u00d6zellikleri: Regular<br \/>\nBoy: 57<br \/>\nDesen: D\u00fcz<br \/>\nAstar Durumu: Astars\u0131z<br \/>\nBel: 37<br \/>\nCep: Yok<br \/>\nKal\u0131nl\u0131k: \u0130nce<br \/>\nKemer Ku\u015fak Durumu: Kemersiz<br \/>\nKol Boyu: 60,5<br \/>\nKol Tipi: Standart<br \/>\nMateryal: Viskon Kar\u0131\u015f\u0131ml\u0131<br \/>\nPar\u00e7a Say\u0131s\u0131: 2<br \/>\nBeden Aral\u0131\u011f\u0131: (38-40\/42-44)<\/p>\n","protected":false},"excerpt":{"rendered":"<p>Kuma\u015f : %30 Viskon %20 Pamuk %50 Akrilik<br \/>\nKol : 60,5\u00a0cm<br \/>\nYaka Tipi : G\u00f6mlek Yaka<br \/>\nDesen : D\u00fcz<br \/>\nKal\u0131p : Rahat\u00a0Kal\u0131p<br \/>\nModel \u00d6l\u00e7\u00fcs\u00fc: Beden: 36\u00a0 Boy: 1.77\u00a0cm\u00a0 \u00a0 G\u00f6\u011f\u00fcs: 85 cm\u00a0 \u00a0 Bel: 62\u00a0cm\u00a0 \u00a0Kal\u00e7a: 92\u00a0cm<br \/>\n\u00dcr\u00fcn \u00d6l\u00e7\u00fcs\u00fc: Boy: 57\u00a0cm\u00a0 \u00a0 G\u00f6\u011f\u00fcs: 51\u00a0cm\u00a0 \u00a0 Bel: 37\u00a0cm\u00a0 \u00a0Kal\u00e7a: 62\u00a0cm<br \/>\nY\u0131kama Talimat\u0131 :<br \/>\n\u2013 Makine ile So\u011fuk Y\u0131kama Yap\u0131n\u0131z (30C veya 65F ile 85F)<br \/>\n\u2013 Kurutma Makinesinde Kurutulamaz<br \/>\n\u2013 Kuru Temizleme , Trikloretilen Ay\u0131r\u0131\u00e7\u0131s\u0131yla Az \u00c7\u00f6z\u00fcc\u00fc Kullan\u0131n\u0131z<br \/>\n\u2013 D\u00fc\u015f\u00fck Is\u0131da \u00dct\u00fcleme Yap\u0131n\u0131z<br \/>\n\u2013 \u00c7ama\u015f\u0131r Suyu Kullanmay\u0131n\u0131z<\/p>\n<p>\u2014 Technical Details \u2014<br \/>\nKuma\u015f Tipi: Cupra<br \/>\nKal\u0131p: Regular<br \/>\nKal\u0131p \u00d6zellikleri: Regular<br \/>\nBoy: 57<br \/>\nDesen: D\u00fcz<br \/>\nAstar Durumu: Astars\u0131z<br \/>\nBel: 37<br \/>\nCep: Yok<br \/>\nKal\u0131nl\u0131k: \u0130nce<br \/>\nKemer Ku\u015fak Durumu: Kemersiz<br \/>\nKol Boyu: 60,5<br \/>\nKol Tipi: Standart<br \/>\nMateryal: Viskon Kar\u0131\u015f\u0131ml\u0131<br \/>\nPar\u00e7a Say\u0131s\u0131: 2<br \/>\nBeden Aral\u0131\u011f\u0131: (38-40\/42-44)<\/p>\n","protected":false},"featured_media":34243,"comment_status":"open","ping_status":"closed","template":"","meta":[],"product_brand":[],"product_cat":[1900],"product_tag":[7150],"class_list":{"0":"post-34250","1":"product","2":"type-product","3":"status-publish","4":"has-post-thumbnail","6":"product_cat-koordinatlar-setler","7":"product_tag-bordo","8":"pa_brand-ftz-women","9":"pa_color-bordo","10":"pa_size-4706","11":"pa_size-4711","12":"pa_size-4713","13":"pa_size-4751","15":"first","16":"outofstock","17":"shipping-taxable","18":"product-type-variable"},"_links":{"self":[{"href":"https:\/\/mod.wisdar.net\/tr\/wp-json\/wp\/v2\/product\/34250","targetHints":{"allow":["GET"]}}],"collection":[{"href":"https:\/\/mod.wisdar.net\/tr\/wp-json\/wp\/v2\/product"}],"about":[{"href":"https:\/\/mod.wisdar.net\/tr\/wp-json\/wp\/v2\/types\/product"}],"replies":[{"embeddable":true,"href":"https:\/\/mod.wisdar.net\/tr\/wp-json\/wp\/v2\/comments?post=34250"}],"wp:featuredmedia":[{"embeddable":true,"href":"https:\/\/mod.wisdar.net\/tr\/wp-json\/wp\/v2\/media\/34243"}],"wp:attachment":[{"href":"https:\/\/mod.wisdar.net\/tr\/wp-json\/wp\/v2\/media?parent=34250"}],"wp:term":[{"taxonomy":"product_brand","embeddable":true,"href":"https:\/\/mod.wisdar.net\/tr\/wp-json\/wp\/v2\/product_brand?post=34250"},{"taxonomy":"product_cat","embeddable":true,"href":"https:\/\/mod.wisdar.net\/tr\/wp-json\/wp\/v2\/product_cat?post=34250"},{"taxonomy":"product_tag","embeddable":true,"href":"https:\/\/mod.wisdar.net\/tr\/wp-json\/wp\/v2\/product_tag?post=34250"}],"curies":[{"name":"wp","href":"https:\/\/api.w.org\/{rel}","templated":true}]}}