{"id":34388,"date":"2025-12-14T22:03:47","date_gmt":"2025-12-14T22:03:47","guid":{"rendered":"https:\/\/modesthanim.com\/product\/ftz-kadin-modal-cepli-takim-bej-30717\/"},"modified":"2026-02-13T19:44:30","modified_gmt":"2026-02-13T19:44:30","slug":"ftz-kadin-modal-cepli-takim-bej-30717","status":"publish","type":"product","link":"https:\/\/mod.wisdar.net\/tr\/urun\/ftz-kadin-modal-cepli-takim-bej-30717\/","title":{"rendered":"FTZ Kad\u0131n Modal Cepli Tak\u0131m Bej 30717"},"content":{"rendered":"<p>\u2014 Teknik Detaylar \u2014<br \/>\nKuma\u015f T\u00fcr\u00fc: Modal<br \/>\nKal\u0131p: Normal<br \/>\nKal\u0131p \u00d6zellikleri: Normal<br \/>\nUzunluk: 78<br \/>\nDesen: D\u00fcz<br \/>\nAstar Durumu: Astars\u0131z<br \/>\nBel: 33<br \/>\nCepler: Evet<br \/>\nKal\u0131nl\u0131k: \u0130nce<br \/>\nKemer Durumu: Kemersiz<br \/>\nKol Uzunlu\u011fu: 40<br \/>\nKol Tipi: Standart<br \/>\nMalzeme: Viskon Kar\u0131\u015f\u0131m\u0131<br \/>\nPar\u00e7a Say\u0131s\u0131: 2<br \/>\nBeden Aral\u0131\u011f\u0131: 38\/44<\/p>\n","protected":false},"excerpt":{"rendered":"<p>\u2014 Teknik Detaylar \u2014<br \/>\nKuma\u015f T\u00fcr\u00fc: Modal<br \/>\nKal\u0131p: Normal<br \/>\nKal\u0131p \u00d6zellikleri: Normal<br \/>\nUzunluk: 78<br \/>\nDesen: D\u00fcz<br \/>\nAstar Durumu: Astars\u0131z<br \/>\nBel: 33<br \/>\nCepler: Evet<br \/>\nKal\u0131nl\u0131k: \u0130nce<br \/>\nKemer Durumu: Kemersiz<br \/>\nKol Uzunlu\u011fu: 40<br \/>\nKol Tipi: Standart<br \/>\nMalzeme: Viskon Kar\u0131\u015f\u0131m\u0131<br \/>\nPar\u00e7a Say\u0131s\u0131: 2<br \/>\nBeden Aral\u0131\u011f\u0131: 38\/44<\/p>\n","protected":false},"featured_media":34381,"comment_status":"open","ping_status":"closed","template":"","meta":[],"product_brand":[],"product_cat":[1900],"product_tag":[6753,7419,6908,7376],"class_list":{"0":"post-34388","1":"product","2":"type-product","3":"status-publish","4":"has-post-thumbnail","6":"product_cat-koordinatlar-setler","7":"product_tag-bej","8":"product_tag-gunluk","9":"product_tag-kadin-takim","10":"product_tag-modal","11":"pa_brand-ftz-women","12":"pa_color-beige","13":"pa_size-4706","14":"pa_size-4711","15":"pa_size-4713","16":"pa_size-4751","18":"first","19":"instock","20":"sale","21":"shipping-taxable","22":"purchasable","23":"product-type-variable"},"_links":{"self":[{"href":"https:\/\/mod.wisdar.net\/tr\/wp-json\/wp\/v2\/product\/34388","targetHints":{"allow":["GET"]}}],"collection":[{"href":"https:\/\/mod.wisdar.net\/tr\/wp-json\/wp\/v2\/product"}],"about":[{"href":"https:\/\/mod.wisdar.net\/tr\/wp-json\/wp\/v2\/types\/product"}],"replies":[{"embeddable":true,"href":"https:\/\/mod.wisdar.net\/tr\/wp-json\/wp\/v2\/comments?post=34388"}],"wp:featuredmedia":[{"embeddable":true,"href":"https:\/\/mod.wisdar.net\/tr\/wp-json\/wp\/v2\/media\/34381"}],"wp:attachment":[{"href":"https:\/\/mod.wisdar.net\/tr\/wp-json\/wp\/v2\/media?parent=34388"}],"wp:term":[{"taxonomy":"product_brand","embeddable":true,"href":"https:\/\/mod.wisdar.net\/tr\/wp-json\/wp\/v2\/product_brand?post=34388"},{"taxonomy":"product_cat","embeddable":true,"href":"https:\/\/mod.wisdar.net\/tr\/wp-json\/wp\/v2\/product_cat?post=34388"},{"taxonomy":"product_tag","embeddable":true,"href":"https:\/\/mod.wisdar.net\/tr\/wp-json\/wp\/v2\/product_tag?post=34388"}],"curies":[{"name":"wp","href":"https:\/\/api.w.org\/{rel}","templated":true}]}}