{"id":34426,"date":"2025-12-14T22:09:02","date_gmt":"2025-12-14T22:09:02","guid":{"rendered":"https:\/\/modesthanim.com\/product\/ftz-kadin-dogal-hasir-iki-parcali-takim-31163\/"},"modified":"2026-04-03T18:34:10","modified_gmt":"2026-04-03T18:34:10","slug":"ftz-kadin-dogal-hasir-iki-parcali-takim-31163","status":"publish","type":"product","link":"https:\/\/mod.wisdar.net\/tr\/urun\/ftz-kadin-dogal-hasir-iki-parcali-takim-31163\/","title":{"rendered":"FTZ Kad\u0131n Do\u011fal Has\u0131r \u0130ki Par\u00e7al\u0131 Tak\u0131m 31163"},"content":{"rendered":"<p>Kuma\u015f: %30 Viskon %20 Pamuk %50 Akrilik<br \/>\nKol: Yok<br \/>\nYaka Tipi: D\u00fcz<br \/>\nDesen: D\u00fcz<br \/>\nKal\u0131p: Normal<br \/>\nModel \u00d6l\u00e7\u00fcleri<br \/>\nBeden: 36 Boy: 1.77 cm G\u00f6\u011f\u00fcs: 85 cm Bel: 62 cm Kal\u00e7a: 92 cm<br \/>\n\u00dcr\u00fcn \u00d6l\u00e7\u00fcleri<br \/>\nUzunluk: 54 cm G\u00f6\u011f\u00fcs: 48 cm Bel: 36 cm Kal\u00e7a: 38 cm<br \/>\nY\u0131kama Talimatlar\u0131:<br \/>\n\u2013 So\u011fuk Makinede Y\u0131kay\u0131n (30C veya 65F ile 85F)<br \/>\n\u2013 Kurutma Makinesinde Kurutmay\u0131n<br \/>\n\u2013 Kuru Temizleme, Trichloroethylene ile Minimum Solvent Kullan\u0131n<br \/>\n\u2013 D\u00fc\u015f\u00fck S\u0131cakl\u0131kta \u00dct\u00fcleyin<br \/>\n\u2013 \u00c7ama\u015f\u0131r Suyu Kullanmay\u0131n<\/p>\n<p>\u2014 Teknik Detaylar \u2014<br \/>\nKuma\u015f Tipi: DO\u011eAL<br \/>\nKal\u0131p: Normal<br \/>\nKal\u0131p \u00d6zellikleri: Normal<br \/>\nUzunluk: 54<br \/>\nDesen: D\u00fcz<br \/>\nAstar Durumu: Astarl\u0131<br \/>\nBel: 36<br \/>\nCepler: Var<br \/>\nKal\u0131nl\u0131k: \u0130nce<br \/>\nKemer Ge\u00e7irme Durumu: Ba\u011fc\u0131kl\u0131<br \/>\nKol Uzunlu\u011fu: Kolsuz<br \/>\nKol Tipi: Kolsuz<br \/>\nMalzeme: Viskon Kar\u0131\u015f\u0131m\u0131<br \/>\nPar\u00e7a Say\u0131s\u0131: 2<br \/>\nBeden Aral\u0131\u011f\u0131: 38\/44<\/p>\n","protected":false},"excerpt":{"rendered":"<p>Kuma\u015f: %30 Viskon %20 Pamuk %50 Akrilik<br \/>\nKol: Yok<br \/>\nYaka Tipi: D\u00fcz<br \/>\nDesen: D\u00fcz<br \/>\nKal\u0131p: Normal<br \/>\nModel \u00d6l\u00e7\u00fcleri<br \/>\nBeden: 36 Boy: 1.77 cm G\u00f6\u011f\u00fcs: 85 cm Bel: 62 cm Kal\u00e7a: 92 cm<br \/>\n\u00dcr\u00fcn \u00d6l\u00e7\u00fcleri<br \/>\nUzunluk: 54 cm G\u00f6\u011f\u00fcs: 48 cm Bel: 36 cm Kal\u00e7a: 38 cm<br \/>\nY\u0131kama Talimatlar\u0131:<br \/>\n\u2013 So\u011fuk Makinede Y\u0131kay\u0131n (30C veya 65F ile 85F)<br \/>\n\u2013 Kurutma Makinesinde Kurutmay\u0131n<br \/>\n\u2013 Kuru Temizleme, Trichloroethylene ile Minimum Solvent Kullan\u0131n<br \/>\n\u2013 D\u00fc\u015f\u00fck S\u0131cakl\u0131kta \u00dct\u00fcleyin<br \/>\n\u2013 \u00c7ama\u015f\u0131r Suyu Kullanmay\u0131n<\/p>\n<p>\u2014 Teknik Detaylar \u2014<br \/>\nKuma\u015f Tipi: DO\u011eAL<br \/>\nKal\u0131p: Normal<br \/>\nKal\u0131p \u00d6zellikleri: Normal<br \/>\nUzunluk: 54<br \/>\nDesen: D\u00fcz<br \/>\nAstar Durumu: Astarl\u0131<br \/>\nBel: 36<br \/>\nCepler: Var<br \/>\nKal\u0131nl\u0131k: \u0130nce<br \/>\nKemer Ge\u00e7irme Durumu: Ba\u011fc\u0131kl\u0131<br \/>\nKol Uzunlu\u011fu: Kolsuz<br \/>\nKol Tipi: Kolsuz<br \/>\nMalzeme: Viskon Kar\u0131\u015f\u0131m\u0131<br \/>\nPar\u00e7a Say\u0131s\u0131: 2<br \/>\nBeden Aral\u0131\u011f\u0131: 38\/44<\/p>\n","protected":false},"featured_media":34419,"comment_status":"open","ping_status":"closed","template":"","meta":[],"product_brand":[],"product_cat":[1900],"product_tag":[6921,7488],"class_list":{"0":"post-34426","1":"product","2":"type-product","3":"status-publish","4":"has-post-thumbnail","6":"product_cat-koordinatlar-setler","7":"product_tag-astarli","8":"product_tag-pamuk","9":"pa_brand-ftz-women","10":"pa_color-naturel","11":"pa_size-4706","12":"pa_size-4711","13":"pa_size-4713","14":"pa_size-4751","16":"first","17":"outofstock","18":"shipping-taxable","19":"product-type-variable"},"_links":{"self":[{"href":"https:\/\/mod.wisdar.net\/tr\/wp-json\/wp\/v2\/product\/34426","targetHints":{"allow":["GET"]}}],"collection":[{"href":"https:\/\/mod.wisdar.net\/tr\/wp-json\/wp\/v2\/product"}],"about":[{"href":"https:\/\/mod.wisdar.net\/tr\/wp-json\/wp\/v2\/types\/product"}],"replies":[{"embeddable":true,"href":"https:\/\/mod.wisdar.net\/tr\/wp-json\/wp\/v2\/comments?post=34426"}],"wp:featuredmedia":[{"embeddable":true,"href":"https:\/\/mod.wisdar.net\/tr\/wp-json\/wp\/v2\/media\/34419"}],"wp:attachment":[{"href":"https:\/\/mod.wisdar.net\/tr\/wp-json\/wp\/v2\/media?parent=34426"}],"wp:term":[{"taxonomy":"product_brand","embeddable":true,"href":"https:\/\/mod.wisdar.net\/tr\/wp-json\/wp\/v2\/product_brand?post=34426"},{"taxonomy":"product_cat","embeddable":true,"href":"https:\/\/mod.wisdar.net\/tr\/wp-json\/wp\/v2\/product_cat?post=34426"},{"taxonomy":"product_tag","embeddable":true,"href":"https:\/\/mod.wisdar.net\/tr\/wp-json\/wp\/v2\/product_tag?post=34426"}],"curies":[{"name":"wp","href":"https:\/\/api.w.org\/{rel}","templated":true}]}}