{"id":35820,"date":"2025-12-14T23:00:57","date_gmt":"2025-12-14T23:00:57","guid":{"rendered":"https:\/\/modesthanim.com\/product\/haki-renkli-sinem-elbise-takimi\/"},"modified":"2026-04-02T21:11:06","modified_gmt":"2026-04-02T21:11:06","slug":"haki-renkli-sinem-elbise-takimi","status":"publish","type":"product","link":"https:\/\/mod.wisdar.net\/tr\/urun\/haki-renkli-sinem-elbise-takimi\/","title":{"rendered":"Haki Renkli Sinem Elbise Tak\u0131m\u0131"},"content":{"rendered":"<p>Elbise, birinci s\u0131n\u0131f ipek Cupra kuma\u015ftan yap\u0131lm\u0131\u015ft\u0131r. Elbise kolsuzdur ve arkadan fermuarl\u0131d\u0131r. Ceket fermuarl\u0131d\u0131r ve etek ucunda ayarlanabilir ba\u011fc\u0131k detay\u0131na sahiptir. Ceket kollar\u0131 lastiklidir. Elbise uzunlu\u011fu 146cm, omuz 41cm, g\u00f6\u011f\u00fcs 54cm. Ceket uzunlu\u011fu 59cm, omuz 42cm, g\u00f6\u011f\u00fcs 58cm<\/p>\n","protected":false},"excerpt":{"rendered":"<p>Elbise, birinci s\u0131n\u0131f ipek Cupra kuma\u015ftan yap\u0131lm\u0131\u015ft\u0131r. Elbise kolsuzdur ve arkadan fermuarl\u0131d\u0131r. Ceket fermuarl\u0131d\u0131r ve etek ucunda ayarlanabilir ba\u011fc\u0131k detay\u0131na sahiptir. Ceket kollar\u0131 lastiklidir. Elbise uzunlu\u011fu 146cm, omuz 41cm, g\u00f6\u011f\u00fcs 54cm. Ceket uzunlu\u011fu 59cm, omuz 42cm, g\u00f6\u011f\u00fcs 58cm<\/p>\n","protected":false},"featured_media":35813,"comment_status":"open","ping_status":"closed","template":"","meta":[],"product_brand":[],"product_cat":[1900],"product_tag":[5012],"class_list":{"0":"post-35820","1":"product","2":"type-product","3":"status-publish","4":"has-post-thumbnail","6":"product_cat-koordinatlar-setler","7":"product_tag-elegant","8":"pa_brand-butikkolik","9":"pa_color-haki","10":"pa_size-4706","11":"pa_size-4711","12":"pa_size-4713","13":"pa_size-4751","14":"pa_size-4749","15":"pa_size-4747","17":"first","18":"outofstock","19":"sale","20":"shipping-taxable","21":"purchasable","22":"product-type-variable"},"_links":{"self":[{"href":"https:\/\/mod.wisdar.net\/tr\/wp-json\/wp\/v2\/product\/35820","targetHints":{"allow":["GET"]}}],"collection":[{"href":"https:\/\/mod.wisdar.net\/tr\/wp-json\/wp\/v2\/product"}],"about":[{"href":"https:\/\/mod.wisdar.net\/tr\/wp-json\/wp\/v2\/types\/product"}],"replies":[{"embeddable":true,"href":"https:\/\/mod.wisdar.net\/tr\/wp-json\/wp\/v2\/comments?post=35820"}],"wp:featuredmedia":[{"embeddable":true,"href":"https:\/\/mod.wisdar.net\/tr\/wp-json\/wp\/v2\/media\/35813"}],"wp:attachment":[{"href":"https:\/\/mod.wisdar.net\/tr\/wp-json\/wp\/v2\/media?parent=35820"}],"wp:term":[{"taxonomy":"product_brand","embeddable":true,"href":"https:\/\/mod.wisdar.net\/tr\/wp-json\/wp\/v2\/product_brand?post=35820"},{"taxonomy":"product_cat","embeddable":true,"href":"https:\/\/mod.wisdar.net\/tr\/wp-json\/wp\/v2\/product_cat?post=35820"},{"taxonomy":"product_tag","embeddable":true,"href":"https:\/\/mod.wisdar.net\/tr\/wp-json\/wp\/v2\/product_tag?post=35820"}],"curies":[{"name":"wp","href":"https:\/\/api.w.org\/{rel}","templated":true}]}}