{"id":38008,"date":"2025-12-15T07:37:55","date_gmt":"2025-12-15T07:37:55","guid":{"rendered":"https:\/\/modesthanim.com\/product\/ince-yazlik-tunik-haki\/"},"modified":"2026-02-18T07:15:36","modified_gmt":"2026-02-18T07:15:36","slug":"ince-yazlik-tunik-haki","status":"publish","type":"product","link":"https:\/\/mod.wisdar.net\/tr\/urun\/ince-yazlik-tunik-haki\/","title":{"rendered":"\u0130nce Yazl\u0131k Tunik Haki"},"content":{"rendered":"<p>Ters \u00c7evirerek k\u0131sa programda 30 Derecede y\u0131kay\u0131n\u0131z. \u00c7ekme Yapabilir. Kemerlidir<\/p>\n<p>\u2014 Technical Details \u2014<br \/>\nsezon: YAZ<br \/>\ncinsiyet: Kad\u0131n<br \/>\nmalzeme: Viskon<br \/>\nkol_boyu: Uzun Kollu<br \/>\nyaka_tipi: Hakim Yaka<br \/>\nmanken_olculeri: 1,80<br \/>\nmankenin_giydigi_beden: S Beden<\/p>\n","protected":false},"excerpt":{"rendered":"<p>Ters \u00c7evirerek k\u0131sa programda 30 Derecede y\u0131kay\u0131n\u0131z. \u00c7ekme Yapabilir. Kemerlidir<\/p>\n<p>\u2014 Technical Details \u2014<br \/>\nsezon: YAZ<br \/>\ncinsiyet: Kad\u0131n<br \/>\nmalzeme: Viskon<br \/>\nkol_boyu: Uzun Kollu<br \/>\nyaka_tipi: Hakim Yaka<br \/>\nmanken_olculeri: 1,80<br \/>\nmankenin_giydigi_beden: S Beden<\/p>\n","protected":false},"featured_media":37988,"comment_status":"open","ping_status":"closed","template":"","meta":[],"product_brand":[],"product_cat":[2050],"product_tag":[],"class_list":{"0":"post-38008","1":"product","2":"type-product","3":"status-publish","4":"has-post-thumbnail","6":"product_cat-blazer-ceketler","7":"pa_brand-minik-terzi","8":"pa_color-haki","9":"pa_size-l","10":"pa_size-m","11":"pa_size-s","12":"pa_size-xl","14":"first","15":"instock","16":"shipping-taxable","17":"purchasable","18":"product-type-variable"},"_links":{"self":[{"href":"https:\/\/mod.wisdar.net\/tr\/wp-json\/wp\/v2\/product\/38008","targetHints":{"allow":["GET"]}}],"collection":[{"href":"https:\/\/mod.wisdar.net\/tr\/wp-json\/wp\/v2\/product"}],"about":[{"href":"https:\/\/mod.wisdar.net\/tr\/wp-json\/wp\/v2\/types\/product"}],"replies":[{"embeddable":true,"href":"https:\/\/mod.wisdar.net\/tr\/wp-json\/wp\/v2\/comments?post=38008"}],"wp:featuredmedia":[{"embeddable":true,"href":"https:\/\/mod.wisdar.net\/tr\/wp-json\/wp\/v2\/media\/37988"}],"wp:attachment":[{"href":"https:\/\/mod.wisdar.net\/tr\/wp-json\/wp\/v2\/media?parent=38008"}],"wp:term":[{"taxonomy":"product_brand","embeddable":true,"href":"https:\/\/mod.wisdar.net\/tr\/wp-json\/wp\/v2\/product_brand?post=38008"},{"taxonomy":"product_cat","embeddable":true,"href":"https:\/\/mod.wisdar.net\/tr\/wp-json\/wp\/v2\/product_cat?post=38008"},{"taxonomy":"product_tag","embeddable":true,"href":"https:\/\/mod.wisdar.net\/tr\/wp-json\/wp\/v2\/product_tag?post=38008"}],"curies":[{"name":"wp","href":"https:\/\/api.w.org\/{rel}","templated":true}]}}