{"id":38190,"date":"2025-12-15T07:43:33","date_gmt":"2025-12-15T07:43:33","guid":{"rendered":"https:\/\/modesthanim.com\/product\/%100-keten-parcali-tunik-gul-kurusu\/"},"modified":"2026-01-21T19:14:42","modified_gmt":"2026-01-21T19:14:42","slug":"%100-keten-parcali-tunik-gul-kurusu","status":"publish","type":"product","link":"https:\/\/mod.wisdar.net\/tr\/urun\/%100-keten-parcali-tunik-gul-kurusu\/","title":{"rendered":"%100 Keten Par\u00e7al\u0131 Tunik G\u00fcl kurusu"},"content":{"rendered":"<p>\u00dcr\u00fcn \u00d6zellikleri<\/p>\n<p>    \u00dcr\u00fcn Tipi: Tunik<br \/>\n    Kal\u0131p: Normal Kal\u0131p<br \/>\n    Kuma\u015f \u0130\u00e7eri\u011fi: %100 Keten<br \/>\n    Yaka Tipi: G\u00f6mlek Yaka<\/p>\n<p>  Bak\u0131m Talimat\u0131<\/p>\n<p>    Kuru temizleme yap\u0131n\u0131z.<br \/>\n    Elde ya da makinede y\u0131kamay\u0131n\u0131z.<br \/>\n    A\u011fart\u0131c\u0131 kullanmay\u0131n\u0131z.<br \/>\n    Kurutma makinesine atmay\u0131n\u0131z.<\/p>\n<p>\u2014 Technical Details \u2014<br \/>\nMarka: Minik Terzi<br \/>\nSezon: YAZ<br \/>\nCinsiyet: Kad\u0131n<br \/>\nMalzeme: Keten<br \/>\nKuma\u015f \u0130\u00e7eri\u011fi: %100 Keten<br \/>\nKal\u0131p: Tam Kal\u0131p<br \/>\nKol Boyu: Uzun Kollu<br \/>\nYaka Tipi: G\u00f6mlek Yaka<br \/>\nManken \u00d6l\u00e7\u00fcleri: 1,77<br \/>\nMankenin Giydi\u011fi Beden: S Beden<br \/>\nA\u00e7\u0131klama: \u00d6nden d\u00fc\u011fmeli, basic, yazl\u0131k, uzun.<\/p>\n","protected":false},"excerpt":{"rendered":"<p>\u00dcr\u00fcn \u00d6zellikleri<\/p>\n<p>    \u00dcr\u00fcn Tipi: Tunik<br \/>\n    Kal\u0131p: Normal Kal\u0131p<br \/>\n    Kuma\u015f \u0130\u00e7eri\u011fi: %100 Keten<br \/>\n    Yaka Tipi: G\u00f6mlek Yaka<\/p>\n<p>  Bak\u0131m Talimat\u0131<\/p>\n<p>    Kuru temizleme yap\u0131n\u0131z.<br \/>\n    Elde ya da makinede y\u0131kamay\u0131n\u0131z.<br \/>\n    A\u011fart\u0131c\u0131 kullanmay\u0131n\u0131z.<br \/>\n    Kurutma makinesine atmay\u0131n\u0131z.<\/p>\n<p>\u2014 Technical Details \u2014<br \/>\nMarka: Minik Terzi<br \/>\nSezon: YAZ<br \/>\nCinsiyet: Kad\u0131n<br \/>\nMalzeme: Keten<br \/>\nKuma\u015f \u0130\u00e7eri\u011fi: %100 Keten<br \/>\nKal\u0131p: Tam Kal\u0131p<br \/>\nKol Boyu: Uzun Kollu<br \/>\nYaka Tipi: G\u00f6mlek Yaka<br \/>\nManken \u00d6l\u00e7\u00fcleri: 1,77<br \/>\nMankenin Giydi\u011fi Beden: S Beden<br \/>\nA\u00e7\u0131klama: \u00d6nden d\u00fc\u011fmeli, basic, yazl\u0131k, uzun.<\/p>\n","protected":false},"featured_media":38179,"comment_status":"open","ping_status":"closed","template":"","meta":[],"product_brand":[],"product_cat":[2050],"product_tag":[7547],"class_list":{"0":"post-38190","1":"product","2":"type-product","3":"status-publish","4":"has-post-thumbnail","6":"product_cat-blazer-ceketler","7":"product_tag-kadin-giyim","8":"pa_brand-minik-terzi","9":"pa_color-gul-kurusu","10":"pa_size-l","11":"pa_size-m","12":"pa_size-s","14":"first","15":"instock","16":"sale","17":"shipping-taxable","18":"purchasable","19":"product-type-variable"},"_links":{"self":[{"href":"https:\/\/mod.wisdar.net\/tr\/wp-json\/wp\/v2\/product\/38190","targetHints":{"allow":["GET"]}}],"collection":[{"href":"https:\/\/mod.wisdar.net\/tr\/wp-json\/wp\/v2\/product"}],"about":[{"href":"https:\/\/mod.wisdar.net\/tr\/wp-json\/wp\/v2\/types\/product"}],"replies":[{"embeddable":true,"href":"https:\/\/mod.wisdar.net\/tr\/wp-json\/wp\/v2\/comments?post=38190"}],"wp:featuredmedia":[{"embeddable":true,"href":"https:\/\/mod.wisdar.net\/tr\/wp-json\/wp\/v2\/media\/38179"}],"wp:attachment":[{"href":"https:\/\/mod.wisdar.net\/tr\/wp-json\/wp\/v2\/media?parent=38190"}],"wp:term":[{"taxonomy":"product_brand","embeddable":true,"href":"https:\/\/mod.wisdar.net\/tr\/wp-json\/wp\/v2\/product_brand?post=38190"},{"taxonomy":"product_cat","embeddable":true,"href":"https:\/\/mod.wisdar.net\/tr\/wp-json\/wp\/v2\/product_cat?post=38190"},{"taxonomy":"product_tag","embeddable":true,"href":"https:\/\/mod.wisdar.net\/tr\/wp-json\/wp\/v2\/product_tag?post=38190"}],"curies":[{"name":"wp","href":"https:\/\/api.w.org\/{rel}","templated":true}]}}