{"id":38920,"date":"2025-12-15T08:07:05","date_gmt":"2025-12-15T08:07:05","guid":{"rendered":"https:\/\/modesthanim.com\/product\/etegi-kavisli-tunik-siyah\/"},"modified":"2026-03-23T16:11:44","modified_gmt":"2026-03-23T16:11:44","slug":"etegi-kavisli-tunik-siyah","status":"publish","type":"product","link":"https:\/\/mod.wisdar.net\/tr\/urun\/etegi-kavisli-tunik-siyah\/","title":{"rendered":"Ete\u011fi Kavisli Tunik Siyah"},"content":{"rendered":"<p>Do\u011fal ve ferah bir g\u00f6r\u00fcn\u00fcm sunan siyah rengi uzun tunik, yaz sezonunun hafif ve \u015f\u0131k par\u00e7alar\u0131ndan biri. %88 Tencel ve %12 Pes kar\u0131\u015f\u0131m\u0131ndan \u00fcretilen kuma\u015f\u0131, yumu\u015fak dokusu ve nefes alabilir yap\u0131s\u0131yla g\u00fcn boyu konfor sa\u011flar. Minimal tasar\u0131m\u0131, gizli patl\u0131 d\u00fc\u011fme detay\u0131 ve ete\u011finde yer alan zarif kavis kesimi ile modern bir duru\u015f sergiler.<\/p>\n<p>Geni\u015f man\u015fetli uzun kollar\u0131 ve rahat kesimi sayesinde hareket \u00f6zg\u00fcrl\u00fc\u011f\u00fc sunan tunik, hem g\u00fcnl\u00fck kombinlerde hem de ofis \u015f\u0131kl\u0131\u011f\u0131nda rahatl\u0131kla tercih edilebilir. N\u00f6tr ve pastel tonlardaki pantolonlarla m\u00fckemmel uyum sa\u011flar, ayn\u0131 zamanda topuklu sandaletler veya d\u00fcz ayakkab\u0131larla farkl\u0131 stillere uyarlanabilir. Zarif siyah tonu ile gard\u0131robunuza taze ve huzurlu bir dokunu\u015f katar.<\/p>\n<p>\u2014 Technical Details \u2014<br \/>\nmarka: Minik Terzi<br \/>\nsezon: YAZ<br \/>\ncinsiyet: Kad\u0131n<br \/>\nmalzeme: Tensel<br \/>\nkumas_icerigi: %88 Tensel %12 Pes<br \/>\nkalip: Bol Kal\u0131p<br \/>\nkol_boyu: Uzun Kollu<br \/>\nyaka_tipi: G\u00f6mlek Yaka<br \/>\nmanken_olculeri: 1,76<br \/>\nmankenin_giydigi_beden: S Beden<br \/>\naciklama: Elde y\u0131kanmaz kuru temizleme yap\u0131n\u0131z.<\/p>\n","protected":false},"excerpt":{"rendered":"<p>Do\u011fal ve ferah bir g\u00f6r\u00fcn\u00fcm sunan siyah rengi uzun tunik, yaz sezonunun hafif ve \u015f\u0131k par\u00e7alar\u0131ndan biri. %88 Tencel ve %12 Pes kar\u0131\u015f\u0131m\u0131ndan \u00fcretilen kuma\u015f\u0131, yumu\u015fak dokusu ve nefes alabilir yap\u0131s\u0131yla g\u00fcn boyu konfor sa\u011flar. Minimal tasar\u0131m\u0131, gizli patl\u0131 d\u00fc\u011fme detay\u0131 ve ete\u011finde yer alan zarif kavis kesimi ile modern bir duru\u015f sergiler.<\/p>\n<p>Geni\u015f man\u015fetli uzun kollar\u0131 ve rahat kesimi sayesinde hareket \u00f6zg\u00fcrl\u00fc\u011f\u00fc sunan tunik, hem g\u00fcnl\u00fck kombinlerde hem de ofis \u015f\u0131kl\u0131\u011f\u0131nda rahatl\u0131kla tercih edilebilir. N\u00f6tr ve pastel tonlardaki pantolonlarla m\u00fckemmel uyum sa\u011flar, ayn\u0131 zamanda topuklu sandaletler veya d\u00fcz ayakkab\u0131larla farkl\u0131 stillere uyarlanabilir. Zarif siyah tonu ile gard\u0131robunuza taze ve huzurlu bir dokunu\u015f katar.<\/p>\n<p>\u2014 Technical Details \u2014<br \/>\nmarka: Minik Terzi<br \/>\nsezon: YAZ<br \/>\ncinsiyet: Kad\u0131n<br \/>\nmalzeme: Tensel<br \/>\nkumas_icerigi: %88 Tensel %12 Pes<br \/>\nkalip: Bol Kal\u0131p<br \/>\nkol_boyu: Uzun Kollu<br \/>\nyaka_tipi: G\u00f6mlek Yaka<br \/>\nmanken_olculeri: 1,76<br \/>\nmankenin_giydigi_beden: S Beden<br \/>\naciklama: Elde y\u0131kanmaz kuru temizleme yap\u0131n\u0131z.<\/p>\n","protected":false},"featured_media":38907,"comment_status":"open","ping_status":"closed","template":"","meta":[],"product_brand":[],"product_cat":[2050],"product_tag":[7326,6771,7074,6768],"class_list":{"0":"post-38920","1":"product","2":"type-product","3":"status-publish","4":"has-post-thumbnail","6":"product_cat-blazer-ceketler","7":"product_tag-bol-kesim","8":"product_tag-gomlek-yaka","9":"product_tag-siyah","10":"product_tag-uzun-kol","11":"pa_brand-minik-terzi","12":"pa_color-siyah","13":"pa_size-l","14":"pa_size-m","15":"pa_size-s","16":"pa_size-xl","18":"first","19":"outofstock","20":"shipping-taxable","21":"product-type-variable"},"_links":{"self":[{"href":"https:\/\/mod.wisdar.net\/tr\/wp-json\/wp\/v2\/product\/38920","targetHints":{"allow":["GET"]}}],"collection":[{"href":"https:\/\/mod.wisdar.net\/tr\/wp-json\/wp\/v2\/product"}],"about":[{"href":"https:\/\/mod.wisdar.net\/tr\/wp-json\/wp\/v2\/types\/product"}],"replies":[{"embeddable":true,"href":"https:\/\/mod.wisdar.net\/tr\/wp-json\/wp\/v2\/comments?post=38920"}],"wp:featuredmedia":[{"embeddable":true,"href":"https:\/\/mod.wisdar.net\/tr\/wp-json\/wp\/v2\/media\/38907"}],"wp:attachment":[{"href":"https:\/\/mod.wisdar.net\/tr\/wp-json\/wp\/v2\/media?parent=38920"}],"wp:term":[{"taxonomy":"product_brand","embeddable":true,"href":"https:\/\/mod.wisdar.net\/tr\/wp-json\/wp\/v2\/product_brand?post=38920"},{"taxonomy":"product_cat","embeddable":true,"href":"https:\/\/mod.wisdar.net\/tr\/wp-json\/wp\/v2\/product_cat?post=38920"},{"taxonomy":"product_tag","embeddable":true,"href":"https:\/\/mod.wisdar.net\/tr\/wp-json\/wp\/v2\/product_tag?post=38920"}],"curies":[{"name":"wp","href":"https:\/\/api.w.org\/{rel}","templated":true}]}}