{"id":38971,"date":"2025-12-15T08:08:06","date_gmt":"2025-12-15T08:08:06","guid":{"rendered":"https:\/\/modesthanim.com\/product\/uzun-robadan-buzgulu-tunik-aci-kahve\/"},"modified":"2026-03-23T16:14:05","modified_gmt":"2026-03-23T16:14:05","slug":"uzun-robadan-buzgulu-tunik-aci-kahve","status":"publish","type":"product","link":"https:\/\/mod.wisdar.net\/tr\/urun\/uzun-robadan-buzgulu-tunik-aci-kahve\/","title":{"rendered":"Uzun Robadan B\u00fczg\u00fcl\u00fc Tunik Ac\u0131 kahve"},"content":{"rendered":"<p>Renk: Ac\u0131kahve<br \/>\nMevsim: Yazl\u0131k<br \/>\n\u0130\u00e7erik: %100 Viskon<br \/>\nDo\u011fal i\u00e7eri\u011fi sayesinde yakmaz, v\u00fccuda nefes ald\u0131r\u0131r.<br \/>\nK\u0131r\u0131\u015fmaya m\u00fcsait yap\u0131dad\u0131r.<br \/>\nBol kesimdir.<br \/>\nKemerlidir.<br \/>\nY\u0131rtma\u00e7 boyu: 10 cm<br \/>\nManken boyu: 1.75 cm<br \/>\nMankenin \u00fczerindeki beden S bedendir.<br \/>\nHassas y\u0131kama program\u0131nda en fazla 30 derecede y\u0131kanmas\u0131 gerekmektedir.<br \/>\nNot: \u00dcr\u00fcn viskon i\u00e7eri\u011fi nedeniyle y\u0131kand\u0131ktan sonra bir miktar \u00e7ekme yapacakt\u0131r. Bu nedenle \u00fcr\u00fcn\u00fc kestirerek kullanacaksan\u0131z \u00f6ncesinde y\u0131kaman\u0131z\u0131 ve \u00fct\u00fclemenizi tavsiye ederiz.<\/p>\n<p>\u2014 Technical Details \u2014<br \/>\nMarka: Minik Terzi<br \/>\nSezon: YAZ<br \/>\nCinsiyet: Kad\u0131n<br \/>\nMalzeme: Viskon<br \/>\nKuma\u015f \u0130\u00e7eri\u011fi: %100 Viskon<br \/>\nKal\u0131p: Bol Kal\u0131p<br \/>\nKol Boyu: Uzun Kollu<br \/>\nYaka Tipi: Hakim Yaka<br \/>\nManken \u00d6l\u00e7\u00fcleri: 1,75<br \/>\nMankenin Giydi\u011fi Beden: S Beden<\/p>\n","protected":false},"excerpt":{"rendered":"<p>Renk: Ac\u0131kahve<br \/>\nMevsim: Yazl\u0131k<br \/>\n\u0130\u00e7erik: %100 Viskon<br \/>\nDo\u011fal i\u00e7eri\u011fi sayesinde yakmaz, v\u00fccuda nefes ald\u0131r\u0131r.<br \/>\nK\u0131r\u0131\u015fmaya m\u00fcsait yap\u0131dad\u0131r.<br \/>\nBol kesimdir.<br \/>\nKemerlidir.<br \/>\nY\u0131rtma\u00e7 boyu: 10 cm<br \/>\nManken boyu: 1.75 cm<br \/>\nMankenin \u00fczerindeki beden S bedendir.<br \/>\nHassas y\u0131kama program\u0131nda en fazla 30 derecede y\u0131kanmas\u0131 gerekmektedir.<br \/>\nNot: \u00dcr\u00fcn viskon i\u00e7eri\u011fi nedeniyle y\u0131kand\u0131ktan sonra bir miktar \u00e7ekme yapacakt\u0131r. Bu nedenle \u00fcr\u00fcn\u00fc kestirerek kullanacaksan\u0131z \u00f6ncesinde y\u0131kaman\u0131z\u0131 ve \u00fct\u00fclemenizi tavsiye ederiz.<\/p>\n<p>\u2014 Technical Details \u2014<br \/>\nMarka: Minik Terzi<br \/>\nSezon: YAZ<br \/>\nCinsiyet: Kad\u0131n<br \/>\nMalzeme: Viskon<br \/>\nKuma\u015f \u0130\u00e7eri\u011fi: %100 Viskon<br \/>\nKal\u0131p: Bol Kal\u0131p<br \/>\nKol Boyu: Uzun Kollu<br \/>\nYaka Tipi: Hakim Yaka<br \/>\nManken \u00d6l\u00e7\u00fcleri: 1,75<br \/>\nMankenin Giydi\u011fi Beden: S Beden<\/p>\n","protected":false},"featured_media":38958,"comment_status":"open","ping_status":"closed","template":"","meta":[],"product_brand":[],"product_cat":[2050],"product_tag":[7250,7326,6744],"class_list":{"0":"post-38971","1":"product","2":"type-product","3":"status-publish","4":"has-post-thumbnail","6":"product_cat-blazer-ceketler","7":"product_tag-aci-kahve-rengi","8":"product_tag-bol-kesim","9":"product_tag-kadin-modasi","10":"pa_brand-minik-terzi","11":"pa_color-acikahve","12":"pa_size-l","13":"pa_size-m","14":"pa_size-s","15":"pa_size-xl","17":"first","18":"instock","19":"shipping-taxable","20":"purchasable","21":"product-type-variable"},"_links":{"self":[{"href":"https:\/\/mod.wisdar.net\/tr\/wp-json\/wp\/v2\/product\/38971","targetHints":{"allow":["GET"]}}],"collection":[{"href":"https:\/\/mod.wisdar.net\/tr\/wp-json\/wp\/v2\/product"}],"about":[{"href":"https:\/\/mod.wisdar.net\/tr\/wp-json\/wp\/v2\/types\/product"}],"replies":[{"embeddable":true,"href":"https:\/\/mod.wisdar.net\/tr\/wp-json\/wp\/v2\/comments?post=38971"}],"wp:featuredmedia":[{"embeddable":true,"href":"https:\/\/mod.wisdar.net\/tr\/wp-json\/wp\/v2\/media\/38958"}],"wp:attachment":[{"href":"https:\/\/mod.wisdar.net\/tr\/wp-json\/wp\/v2\/media?parent=38971"}],"wp:term":[{"taxonomy":"product_brand","embeddable":true,"href":"https:\/\/mod.wisdar.net\/tr\/wp-json\/wp\/v2\/product_brand?post=38971"},{"taxonomy":"product_cat","embeddable":true,"href":"https:\/\/mod.wisdar.net\/tr\/wp-json\/wp\/v2\/product_cat?post=38971"},{"taxonomy":"product_tag","embeddable":true,"href":"https:\/\/mod.wisdar.net\/tr\/wp-json\/wp\/v2\/product_tag?post=38971"}],"curies":[{"name":"wp","href":"https:\/\/api.w.org\/{rel}","templated":true}]}}