{"id":39001,"date":"2025-12-15T08:08:14","date_gmt":"2025-12-15T08:08:14","guid":{"rendered":"https:\/\/modesthanim.com\/product\/hakim-yaka-%100-keten-tunik-lacivert\/"},"modified":"2026-02-18T07:11:30","modified_gmt":"2026-02-18T07:11:30","slug":"hakim-yaka-%100-keten-tunik-lacivert","status":"publish","type":"product","link":"https:\/\/mod.wisdar.net\/tr\/urun\/hakim-yaka-%100-keten-tunik-lacivert\/","title":{"rendered":"Hakim Yaka %100 Keten Tunik Lacivert"},"content":{"rendered":"<p>Renk: Lacivert<br \/>\nMevsim: Yazl\u0131k<br \/>\n\u0130\u00e7erik: %100 keten<br \/>\nY\u0131rtma\u00e7l\u0131d\u0131r.<br \/>\n\u00d6n boy: ortalama 119 cm<br \/>\nArka boy: ortalama 122 cm<br \/>\nBeden se\u00e7enekleri:<br \/>\nS beden (34-36 uyumlu, g\u00f6\u011f\u00fcs: ortalama 108 cm)<br \/>\nM beden (38-40 uyumlu)<br \/>\nL beden (42-44 uyumlu)<br \/>\nNot: Verilen \u00f6l\u00e7\u00fcler en k\u00fc\u00e7\u00fck bedene aittir, bedenler aras\u0131nda ortalama 4 cm fark bulunmaktad\u0131r.<br \/>\nManken boyu: 1.75 cm<br \/>\nManken \u00fczerindeki beden S bedendir.<br \/>\nKuru temizleme tavsiye edilir.<\/p>\n<p>\u2014 Teknik Detaylar \u2014<br \/>\nMarka: Minik Terzi<br \/>\nSezon: YAZ<br \/>\nCinsiyet: Kad\u0131n<br \/>\nMalzeme: Keten<br \/>\nKuma\u015f \u0130\u00e7eri\u011fi: %100 Keten<br \/>\nKal\u0131p: Bol Kal\u0131p<br \/>\nKol Boyu: Uzun Kollu<br \/>\nYaka Tipi: G\u00f6mlek Yaka<br \/>\nManken \u00d6l\u00e7\u00fcleri: 1,75<br \/>\nMankenin Giydi\u011fi Beden: S Beden<\/p>\n","protected":false},"excerpt":{"rendered":"<p>Renk: Lacivert<br \/>\nMevsim: Yazl\u0131k<br \/>\n\u0130\u00e7erik: %100 keten<br \/>\nY\u0131rtma\u00e7l\u0131d\u0131r.<br \/>\n\u00d6n boy: ortalama 119 cm<br \/>\nArka boy: ortalama 122 cm<br \/>\nBeden se\u00e7enekleri:<br \/>\nS beden (34-36 uyumlu, g\u00f6\u011f\u00fcs: ortalama 108 cm)<br \/>\nM beden (38-40 uyumlu)<br \/>\nL beden (42-44 uyumlu)<br \/>\nNot: Verilen \u00f6l\u00e7\u00fcler en k\u00fc\u00e7\u00fck bedene aittir, bedenler aras\u0131nda ortalama 4 cm fark bulunmaktad\u0131r.<br \/>\nManken boyu: 1.75 cm<br \/>\nManken \u00fczerindeki beden S bedendir.<br \/>\nKuru temizleme tavsiye edilir.<\/p>\n<p>\u2014 Teknik Detaylar \u2014<br \/>\nMarka: Minik Terzi<br \/>\nSezon: YAZ<br \/>\nCinsiyet: Kad\u0131n<br \/>\nMalzeme: Keten<br \/>\nKuma\u015f \u0130\u00e7eri\u011fi: %100 Keten<br \/>\nKal\u0131p: Bol Kal\u0131p<br \/>\nKol Boyu: Uzun Kollu<br \/>\nYaka Tipi: G\u00f6mlek Yaka<br \/>\nManken \u00d6l\u00e7\u00fcleri: 1,75<br \/>\nMankenin Giydi\u011fi Beden: S Beden<\/p>\n","protected":false},"featured_media":38993,"comment_status":"open","ping_status":"closed","template":"","meta":[],"product_brand":[],"product_cat":[2050],"product_tag":[7845],"class_list":{"0":"post-39001","1":"product","2":"type-product","3":"status-publish","4":"has-post-thumbnail","6":"product_cat-blazer-ceketler","7":"product_tag-kadin","8":"pa_brand-minik-terzi","9":"pa_color-lacivert","10":"pa_size-l","11":"pa_size-m","12":"pa_size-s","14":"first","15":"instock","16":"shipping-taxable","17":"purchasable","18":"product-type-variable"},"_links":{"self":[{"href":"https:\/\/mod.wisdar.net\/tr\/wp-json\/wp\/v2\/product\/39001","targetHints":{"allow":["GET"]}}],"collection":[{"href":"https:\/\/mod.wisdar.net\/tr\/wp-json\/wp\/v2\/product"}],"about":[{"href":"https:\/\/mod.wisdar.net\/tr\/wp-json\/wp\/v2\/types\/product"}],"replies":[{"embeddable":true,"href":"https:\/\/mod.wisdar.net\/tr\/wp-json\/wp\/v2\/comments?post=39001"}],"wp:featuredmedia":[{"embeddable":true,"href":"https:\/\/mod.wisdar.net\/tr\/wp-json\/wp\/v2\/media\/38993"}],"wp:attachment":[{"href":"https:\/\/mod.wisdar.net\/tr\/wp-json\/wp\/v2\/media?parent=39001"}],"wp:term":[{"taxonomy":"product_brand","embeddable":true,"href":"https:\/\/mod.wisdar.net\/tr\/wp-json\/wp\/v2\/product_brand?post=39001"},{"taxonomy":"product_cat","embeddable":true,"href":"https:\/\/mod.wisdar.net\/tr\/wp-json\/wp\/v2\/product_cat?post=39001"},{"taxonomy":"product_tag","embeddable":true,"href":"https:\/\/mod.wisdar.net\/tr\/wp-json\/wp\/v2\/product_tag?post=39001"}],"curies":[{"name":"wp","href":"https:\/\/api.w.org\/{rel}","templated":true}]}}