{"id":39111,"date":"2025-12-15T08:10:50","date_gmt":"2025-12-15T08:10:50","guid":{"rendered":"https:\/\/modesthanim.com\/product\/cizgili-muslin-tunik-ekru\/"},"modified":"2026-02-18T07:08:40","modified_gmt":"2026-02-18T07:08:40","slug":"cizgili-muslin-tunik-ekru","status":"publish","type":"product","link":"https:\/\/mod.wisdar.net\/tr\/urun\/cizgili-muslin-tunik-ekru\/","title":{"rendered":"\u00c7izgili M\u00fcslin Tunik Ekru"},"content":{"rendered":"<p>Renk: Ekru<br \/>\nMevsim: Yazl\u0131k<br \/>\n\u0130\u00e7erik: %100 pamuk<br \/>\nTam kal\u0131pt\u0131r.<br \/>\n\u00d6n boy: ortalama 118 cm<br \/>\nArka boy: ortalama 123 cm<br \/>\nBeden se\u00e7enekleri:<br \/>\nS beden (34-36 uyumlu, g\u00f6\u011f\u00fcs: ortalama 106 cm)<br \/>\nM beden (38-40 uyumlu)<br \/>\nL beden (42-44 uyumlu)<br \/>\nNot: Verilen \u00f6l\u00e7\u00fcler en k\u00fc\u00e7\u00fck bedene aittir, bedenler aras\u0131nda ortalama 4 cm fark bulunmaktad\u0131r.<br \/>\nManken boyu: 1.76 cm<br \/>\nManken \u00fczerindeki beden S bedendir.<br \/>\nHassas y\u0131kama program\u0131nda en fazla 30 derecede y\u0131kanmas\u0131 gerekmektedir.<br \/>\nHassas kullan\u0131m gerektirmektedir.<\/p>\n<p>\u2014 Technical Details \u2014<br \/>\nMarka: Minik Terzi<br \/>\nSezon: YAZ<br \/>\nCinsiyet: Kad\u0131n<br \/>\nMalzeme: Pamuk<br \/>\nKuma\u015f \u0130\u00e7eri\u011fi: %100 Pamuk<br \/>\nKal\u0131p: Tam Kal\u0131p<br \/>\nKol Boyu: Uzun Kollu<br \/>\nYaka Tipi: Hakim Yaka<br \/>\nManken \u00d6l\u00e7\u00fcleri: 1,76<br \/>\nMankenin Giydi\u011fi Beden: S Beden<\/p>\n","protected":false},"excerpt":{"rendered":"<p>Renk: Ekru<br \/>\nMevsim: Yazl\u0131k<br \/>\n\u0130\u00e7erik: %100 pamuk<br \/>\nTam kal\u0131pt\u0131r.<br \/>\n\u00d6n boy: ortalama 118 cm<br \/>\nArka boy: ortalama 123 cm<br \/>\nBeden se\u00e7enekleri:<br \/>\nS beden (34-36 uyumlu, g\u00f6\u011f\u00fcs: ortalama 106 cm)<br \/>\nM beden (38-40 uyumlu)<br \/>\nL beden (42-44 uyumlu)<br \/>\nNot: Verilen \u00f6l\u00e7\u00fcler en k\u00fc\u00e7\u00fck bedene aittir, bedenler aras\u0131nda ortalama 4 cm fark bulunmaktad\u0131r.<br \/>\nManken boyu: 1.76 cm<br \/>\nManken \u00fczerindeki beden S bedendir.<br \/>\nHassas y\u0131kama program\u0131nda en fazla 30 derecede y\u0131kanmas\u0131 gerekmektedir.<br \/>\nHassas kullan\u0131m gerektirmektedir.<\/p>\n<p>\u2014 Technical Details \u2014<br \/>\nMarka: Minik Terzi<br \/>\nSezon: YAZ<br \/>\nCinsiyet: Kad\u0131n<br \/>\nMalzeme: Pamuk<br \/>\nKuma\u015f \u0130\u00e7eri\u011fi: %100 Pamuk<br \/>\nKal\u0131p: Tam Kal\u0131p<br \/>\nKol Boyu: Uzun Kollu<br \/>\nYaka Tipi: Hakim Yaka<br \/>\nManken \u00d6l\u00e7\u00fcleri: 1,76<br \/>\nMankenin Giydi\u011fi Beden: S Beden<\/p>\n","protected":false},"featured_media":39097,"comment_status":"open","ping_status":"closed","template":"","meta":[],"product_brand":[],"product_cat":[2050],"product_tag":[6744,6877],"class_list":{"0":"post-39111","1":"product","2":"type-product","3":"status-publish","4":"has-post-thumbnail","6":"product_cat-blazer-ceketler","7":"product_tag-kadin-modasi","8":"product_tag-yaz-elbisesi","9":"pa_brand-minik-terzi","10":"pa_color-ekru","11":"pa_size-l","12":"pa_size-m","13":"pa_size-s","15":"first","16":"instock","17":"shipping-taxable","18":"purchasable","19":"product-type-variable"},"_links":{"self":[{"href":"https:\/\/mod.wisdar.net\/tr\/wp-json\/wp\/v2\/product\/39111","targetHints":{"allow":["GET"]}}],"collection":[{"href":"https:\/\/mod.wisdar.net\/tr\/wp-json\/wp\/v2\/product"}],"about":[{"href":"https:\/\/mod.wisdar.net\/tr\/wp-json\/wp\/v2\/types\/product"}],"replies":[{"embeddable":true,"href":"https:\/\/mod.wisdar.net\/tr\/wp-json\/wp\/v2\/comments?post=39111"}],"wp:featuredmedia":[{"embeddable":true,"href":"https:\/\/mod.wisdar.net\/tr\/wp-json\/wp\/v2\/media\/39097"}],"wp:attachment":[{"href":"https:\/\/mod.wisdar.net\/tr\/wp-json\/wp\/v2\/media?parent=39111"}],"wp:term":[{"taxonomy":"product_brand","embeddable":true,"href":"https:\/\/mod.wisdar.net\/tr\/wp-json\/wp\/v2\/product_brand?post=39111"},{"taxonomy":"product_cat","embeddable":true,"href":"https:\/\/mod.wisdar.net\/tr\/wp-json\/wp\/v2\/product_cat?post=39111"},{"taxonomy":"product_tag","embeddable":true,"href":"https:\/\/mod.wisdar.net\/tr\/wp-json\/wp\/v2\/product_tag?post=39111"}],"curies":[{"name":"wp","href":"https:\/\/api.w.org\/{rel}","templated":true}]}}