{"id":39257,"date":"2025-12-15T08:23:31","date_gmt":"2025-12-15T08:23:31","guid":{"rendered":"https:\/\/modesthanim.com\/product\/lacivert-kot-gomlek-elbise\/"},"modified":"2026-04-03T20:13:38","modified_gmt":"2026-04-03T20:13:38","slug":"lacivert-kot-gomlek-elbise","status":"publish","type":"product","link":"https:\/\/mod.wisdar.net\/tr\/urun\/lacivert-kot-gomlek-elbise\/","title":{"rendered":"Lacivert Kot G\u00f6mlek Elbise"},"content":{"rendered":"<p>Cep detayl\u0131d\u0131r. Hafif ve bol kesim tasar\u0131m\u0131na sahiptir. Bel k\u0131sm\u0131nda kemer bulunmaktad\u0131r. Ortalama boy: 140 cm. Beden se\u00e7enekleri: S beden (34-36 beden uyumlu, g\u00f6\u011f\u00fcs: ortalama 112 cm), M beden (38-40 beden uyumlu), L beden (42-44 beden uyumlu). Not: Verilen \u00f6l\u00e7\u00fcler en k\u00fc\u00e7\u00fck bedene aittir, bedenler aras\u0131nda ortalama 4 cm fark bulunmaktad\u0131r. Manken boyu: 1.75 m. Mankenin \u00fczerindeki beden S bedendir. Hassas y\u0131kama program\u0131nda en fazla 30\u00b0C&#8217;de y\u0131kanmas\u0131 \u00f6nerilir. Ters \u00e7evirerek ve ayn\u0131 renk \u00fcr\u00fcnlerle birlikte y\u0131kay\u0131n\u0131z.<\/p>\n<p>\u2014 Teknik Detaylar \u2014<br \/>\nMarka: Minik Terzi<br \/>\nSezon: YAZ<br \/>\nCinsiyet: Kad\u0131n<br \/>\nMalzeme: Pamuk<br \/>\nKuma\u015f \u0130\u00e7eri\u011fi: %100 Pamuk<br \/>\nKal\u0131p: Bol Kesim<br \/>\nKol Boyu: Uzun Kollu<br \/>\nYaka Tipi: G\u00f6mlek Yaka<br \/>\nManken \u00d6l\u00e7\u00fcleri: 1,75 m<br \/>\nMankenin Giydi\u011fi Beden: S Beden<br \/>\nA\u00e7\u0131klama: Ters \u00e7evirerek ve ayn\u0131 renk \u00fcr\u00fcnlerle birlikte y\u0131kay\u0131n\u0131z.<\/p>\n","protected":false},"excerpt":{"rendered":"<p>Cep detayl\u0131d\u0131r. Hafif ve bol kesim tasar\u0131m\u0131na sahiptir. Bel k\u0131sm\u0131nda kemer bulunmaktad\u0131r. Ortalama boy: 140 cm. Beden se\u00e7enekleri: S beden (34-36 beden uyumlu, g\u00f6\u011f\u00fcs: ortalama 112 cm), M beden (38-40 beden uyumlu), L beden (42-44 beden uyumlu). Not: Verilen \u00f6l\u00e7\u00fcler en k\u00fc\u00e7\u00fck bedene aittir, bedenler aras\u0131nda ortalama 4 cm fark bulunmaktad\u0131r. Manken boyu: 1.75 m. Mankenin \u00fczerindeki beden S bedendir. Hassas y\u0131kama program\u0131nda en fazla 30\u00b0C&#8217;de y\u0131kanmas\u0131 \u00f6nerilir. Ters \u00e7evirerek ve ayn\u0131 renk \u00fcr\u00fcnlerle birlikte y\u0131kay\u0131n\u0131z.<\/p>\n<p>\u2014 Teknik Detaylar \u2014<br \/>\nMarka: Minik Terzi<br \/>\nSezon: YAZ<br \/>\nCinsiyet: Kad\u0131n<br \/>\nMalzeme: Pamuk<br \/>\nKuma\u015f \u0130\u00e7eri\u011fi: %100 Pamuk<br \/>\nKal\u0131p: Bol Kesim<br \/>\nKol Boyu: Uzun Kollu<br \/>\nYaka Tipi: G\u00f6mlek Yaka<br \/>\nManken \u00d6l\u00e7\u00fcleri: 1,75 m<br \/>\nMankenin Giydi\u011fi Beden: S Beden<br \/>\nA\u00e7\u0131klama: Ters \u00e7evirerek ve ayn\u0131 renk \u00fcr\u00fcnlerle birlikte y\u0131kay\u0131n\u0131z.<\/p>\n","protected":false},"featured_media":39217,"comment_status":"open","ping_status":"closed","template":"","meta":[],"product_brand":[],"product_cat":[6249,4077],"product_tag":[],"class_list":{"0":"post-39257","1":"product","2":"type-product","3":"status-publish","4":"has-post-thumbnail","6":"product_cat-elbiseler","7":"product_cat-kot-elbiseler","8":"pa_brand-minik-terzi","9":"pa_color-lacivert","10":"pa_size-l","11":"pa_size-m","12":"pa_size-s","14":"first","15":"instock","16":"shipping-taxable","17":"purchasable","18":"product-type-variable"},"_links":{"self":[{"href":"https:\/\/mod.wisdar.net\/tr\/wp-json\/wp\/v2\/product\/39257","targetHints":{"allow":["GET"]}}],"collection":[{"href":"https:\/\/mod.wisdar.net\/tr\/wp-json\/wp\/v2\/product"}],"about":[{"href":"https:\/\/mod.wisdar.net\/tr\/wp-json\/wp\/v2\/types\/product"}],"replies":[{"embeddable":true,"href":"https:\/\/mod.wisdar.net\/tr\/wp-json\/wp\/v2\/comments?post=39257"}],"wp:featuredmedia":[{"embeddable":true,"href":"https:\/\/mod.wisdar.net\/tr\/wp-json\/wp\/v2\/media\/39217"}],"wp:attachment":[{"href":"https:\/\/mod.wisdar.net\/tr\/wp-json\/wp\/v2\/media?parent=39257"}],"wp:term":[{"taxonomy":"product_brand","embeddable":true,"href":"https:\/\/mod.wisdar.net\/tr\/wp-json\/wp\/v2\/product_brand?post=39257"},{"taxonomy":"product_cat","embeddable":true,"href":"https:\/\/mod.wisdar.net\/tr\/wp-json\/wp\/v2\/product_cat?post=39257"},{"taxonomy":"product_tag","embeddable":true,"href":"https:\/\/mod.wisdar.net\/tr\/wp-json\/wp\/v2\/product_tag?post=39257"}],"curies":[{"name":"wp","href":"https:\/\/api.w.org\/{rel}","templated":true}]}}