{"id":39491,"date":"2025-12-15T08:26:42","date_gmt":"2025-12-15T08:26:42","guid":{"rendered":"https:\/\/modesthanim.com\/product\/beli-lastikli-elbise-antrasit\/"},"modified":"2026-04-10T12:00:58","modified_gmt":"2026-04-10T12:00:58","slug":"beli-lastikli-elbise-antrasit","status":"publish","type":"product","link":"https:\/\/mod.wisdar.net\/tr\/urun\/beli-lastikli-elbise-antrasit\/","title":{"rendered":"Beli Lastikli Elbise Antrasit"},"content":{"rendered":"<p>Beli Lastikli Elbise Antrasit, hafif ve rahat yap\u0131s\u0131yla yaz sezonunun vazge\u00e7ilmez par\u00e7alar\u0131ndan biridir. Yumu\u015fak dokulu kuma\u015f\u0131 ve d\u00f6k\u00fcml\u00fc yap\u0131s\u0131, g\u00fcn boyu konfor sunarken zarif g\u00f6r\u00fcn\u00fcm\u00fcyle de \u00f6ne \u00e7\u0131kar.<\/p>\n<p>V yaka kesimi ve uzun kollu tasar\u0131m\u0131, hem \u015f\u0131kl\u0131k hem de rahatl\u0131k sa\u011flar. Bel k\u0131sm\u0131ndaki lastik detay, v\u00fccuda uyumlu bir siluet olu\u015ftururken ayn\u0131 zamanda hareket \u00f6zg\u00fcrl\u00fc\u011f\u00fc sunar. G\u00fcnl\u00fck kullan\u0131mdan yaz ak\u015fam\u0131 davetlerine kadar geni\u015f bir kullan\u0131m alan\u0131na sahiptir.<\/p>\n<p>\u2014 Teknik Detaylar \u2014<br \/>\nMarka: Minik Terzi<br \/>\nSezon: YAZ<br \/>\nCinsiyet: Kad\u0131n<br \/>\nMalzeme: Pamuk<br \/>\nKuma\u015f \u0130\u00e7eri\u011fi: %84 Pamuk %16 Pes<br \/>\nKal\u0131p: Tam Kal\u0131p<br \/>\nKol Boyu: Uzun Kollu<br \/>\nYaka Tipi: V Yaka<br \/>\nMankenin Giydi\u011fi Beden: S Beden<br \/>\nA\u00e7\u0131klama: Astars\u0131zd\u0131r.<\/p>\n","protected":false},"excerpt":{"rendered":"<p>Beli Lastikli Elbise Antrasit, hafif ve rahat yap\u0131s\u0131yla yaz sezonunun vazge\u00e7ilmez par\u00e7alar\u0131ndan biridir. Yumu\u015fak dokulu kuma\u015f\u0131 ve d\u00f6k\u00fcml\u00fc yap\u0131s\u0131, g\u00fcn boyu konfor sunarken zarif g\u00f6r\u00fcn\u00fcm\u00fcyle de \u00f6ne \u00e7\u0131kar.<\/p>\n<p>V yaka kesimi ve uzun kollu tasar\u0131m\u0131, hem \u015f\u0131kl\u0131k hem de rahatl\u0131k sa\u011flar. Bel k\u0131sm\u0131ndaki lastik detay, v\u00fccuda uyumlu bir siluet olu\u015ftururken ayn\u0131 zamanda hareket \u00f6zg\u00fcrl\u00fc\u011f\u00fc sunar. G\u00fcnl\u00fck kullan\u0131mdan yaz ak\u015fam\u0131 davetlerine kadar geni\u015f bir kullan\u0131m alan\u0131na sahiptir.<\/p>\n<p>\u2014 Teknik Detaylar \u2014<br \/>\nMarka: Minik Terzi<br \/>\nSezon: YAZ<br \/>\nCinsiyet: Kad\u0131n<br \/>\nMalzeme: Pamuk<br \/>\nKuma\u015f \u0130\u00e7eri\u011fi: %84 Pamuk %16 Pes<br \/>\nKal\u0131p: Tam Kal\u0131p<br \/>\nKol Boyu: Uzun Kollu<br \/>\nYaka Tipi: V Yaka<br \/>\nMankenin Giydi\u011fi Beden: S Beden<br \/>\nA\u00e7\u0131klama: Astars\u0131zd\u0131r.<\/p>\n","protected":false},"featured_media":39486,"comment_status":"open","ping_status":"closed","template":"","meta":[],"product_brand":[],"product_cat":[6249],"product_tag":[7526],"class_list":{"0":"post-39491","1":"product","2":"type-product","3":"status-publish","4":"has-post-thumbnail","6":"product_cat-elbiseler","7":"product_tag-long-sleeve","8":"pa_brand-minik-terzi","9":"pa_color-antrasit","10":"pa_size-l","11":"pa_size-m","12":"pa_size-s","13":"pa_size-xl","15":"first","16":"instock","17":"shipping-taxable","18":"purchasable","19":"product-type-variable"},"_links":{"self":[{"href":"https:\/\/mod.wisdar.net\/tr\/wp-json\/wp\/v2\/product\/39491","targetHints":{"allow":["GET"]}}],"collection":[{"href":"https:\/\/mod.wisdar.net\/tr\/wp-json\/wp\/v2\/product"}],"about":[{"href":"https:\/\/mod.wisdar.net\/tr\/wp-json\/wp\/v2\/types\/product"}],"replies":[{"embeddable":true,"href":"https:\/\/mod.wisdar.net\/tr\/wp-json\/wp\/v2\/comments?post=39491"}],"wp:featuredmedia":[{"embeddable":true,"href":"https:\/\/mod.wisdar.net\/tr\/wp-json\/wp\/v2\/media\/39486"}],"wp:attachment":[{"href":"https:\/\/mod.wisdar.net\/tr\/wp-json\/wp\/v2\/media?parent=39491"}],"wp:term":[{"taxonomy":"product_brand","embeddable":true,"href":"https:\/\/mod.wisdar.net\/tr\/wp-json\/wp\/v2\/product_brand?post=39491"},{"taxonomy":"product_cat","embeddable":true,"href":"https:\/\/mod.wisdar.net\/tr\/wp-json\/wp\/v2\/product_cat?post=39491"},{"taxonomy":"product_tag","embeddable":true,"href":"https:\/\/mod.wisdar.net\/tr\/wp-json\/wp\/v2\/product_tag?post=39491"}],"curies":[{"name":"wp","href":"https:\/\/api.w.org\/{rel}","templated":true}]}}