{"id":39591,"date":"2025-12-15T08:34:36","date_gmt":"2025-12-15T08:34:36","guid":{"rendered":"https:\/\/modesthanim.com\/product\/pile-detayli-elbise-bordo\/"},"modified":"2026-04-02T21:59:52","modified_gmt":"2026-04-02T21:59:52","slug":"pile-detayli-elbise-bordo","status":"publish","type":"product","link":"https:\/\/mod.wisdar.net\/tr\/urun\/pile-detayli-elbise-bordo\/","title":{"rendered":"Pile Detayl\u0131 Elbise Bordo"},"content":{"rendered":"<p>Pile Detayl\u0131 Elbise Bordo, do\u011fal tonlar\u0131 ve zarif tasar\u0131m\u0131yla yaz mevsimine sofistike bir hava kat\u0131yor. %88 pamuk ve %12 polyester kar\u0131\u015f\u0131ml\u0131 kuma\u015f\u0131, hafif ve nefes alabilen yap\u0131s\u0131yla g\u00fcn boyu konfor sunarken, bisiklet yaka formu ve uzun boyu klasik bir \u015f\u0131kl\u0131k yarat\u0131r. Pile detaylar\u0131, elbiseye hacim ve hareket kazand\u0131r\u0131rken, arkadan fermuar\u0131 pratik bir kullan\u0131m sa\u011flar. Minimalist \u00e7izgisi sayesinde hem g\u00fcndelik \u015f\u0131kl\u0131kta hem de \u00f6zel g\u00fcnlerde rahatl\u0131kla tercih edilebilir. Sandaletler, babetler veya topuklu ayakkab\u0131larla farkl\u0131 stiller yaratabilece\u011finiz bu elbise, zamans\u0131z tasar\u0131m\u0131yla uzun y\u0131llar severek kullan\u0131lacak bir par\u00e7a olacak.<\/p>\n<p>\u2014 Technical Details \u2014<br \/>\nMarka: Minik Terzi<br \/>\nSezon: YAZ<br \/>\nCinsiyet: Kad\u0131n<br \/>\nMalzeme: Pamuk<br \/>\nKuma\u015f \u0130\u00e7eri\u011fi: %84 Pamuk %16 Pes<br \/>\nKal\u0131p: Tam Kal\u0131p<br \/>\nKol Boyu: Uzun Kollu<br \/>\nYaka Tipi: Bisiklet Yaka<br \/>\nManken \u00d6l\u00e7\u00fcleri: 1,77<br \/>\nMankenin Giydi\u011fi Beden: S Beden<br \/>\nA\u00e7\u0131klama: Astars\u0131zd\u0131r.<br \/>\n\u00dcr\u00fcn Hakk\u0131nda: Kemerli ve ceplidir.<\/p>\n","protected":false},"excerpt":{"rendered":"<p>Pile Detayl\u0131 Elbise Bordo, do\u011fal tonlar\u0131 ve zarif tasar\u0131m\u0131yla yaz mevsimine sofistike bir hava kat\u0131yor. %88 pamuk ve %12 polyester kar\u0131\u015f\u0131ml\u0131 kuma\u015f\u0131, hafif ve nefes alabilen yap\u0131s\u0131yla g\u00fcn boyu konfor sunarken, bisiklet yaka formu ve uzun boyu klasik bir \u015f\u0131kl\u0131k yarat\u0131r. Pile detaylar\u0131, elbiseye hacim ve hareket kazand\u0131r\u0131rken, arkadan fermuar\u0131 pratik bir kullan\u0131m sa\u011flar. Minimalist \u00e7izgisi sayesinde hem g\u00fcndelik \u015f\u0131kl\u0131kta hem de \u00f6zel g\u00fcnlerde rahatl\u0131kla tercih edilebilir. Sandaletler, babetler veya topuklu ayakkab\u0131larla farkl\u0131 stiller yaratabilece\u011finiz bu elbise, zamans\u0131z tasar\u0131m\u0131yla uzun y\u0131llar severek kullan\u0131lacak bir par\u00e7a olacak.<\/p>\n<p>\u2014 Technical Details \u2014<br \/>\nMarka: Minik Terzi<br \/>\nSezon: YAZ<br \/>\nCinsiyet: Kad\u0131n<br \/>\nMalzeme: Pamuk<br \/>\nKuma\u015f \u0130\u00e7eri\u011fi: %84 Pamuk %16 Pes<br \/>\nKal\u0131p: Tam Kal\u0131p<br \/>\nKol Boyu: Uzun Kollu<br \/>\nYaka Tipi: Bisiklet Yaka<br \/>\nManken \u00d6l\u00e7\u00fcleri: 1,77<br \/>\nMankenin Giydi\u011fi Beden: S Beden<br \/>\nA\u00e7\u0131klama: Astars\u0131zd\u0131r.<br \/>\n\u00dcr\u00fcn Hakk\u0131nda: Kemerli ve ceplidir.<\/p>\n","protected":false},"featured_media":39585,"comment_status":"open","ping_status":"closed","template":"","meta":[],"product_brand":[],"product_cat":[6249,1933],"product_tag":[6748,6877],"class_list":{"0":"post-39591","1":"product","2":"type-product","3":"status-publish","4":"has-post-thumbnail","6":"product_cat-elbiseler","7":"product_cat-gunluk-ve-gunduz-elbiseleri","8":"product_tag-uzun-kollu-elbise","9":"product_tag-yaz-elbisesi","10":"pa_brand-minik-terzi","11":"pa_color-bordo","12":"pa_size-l","13":"pa_size-m","14":"pa_size-s","16":"first","17":"outofstock","18":"shipping-taxable","19":"product-type-variable"},"_links":{"self":[{"href":"https:\/\/mod.wisdar.net\/tr\/wp-json\/wp\/v2\/product\/39591","targetHints":{"allow":["GET"]}}],"collection":[{"href":"https:\/\/mod.wisdar.net\/tr\/wp-json\/wp\/v2\/product"}],"about":[{"href":"https:\/\/mod.wisdar.net\/tr\/wp-json\/wp\/v2\/types\/product"}],"replies":[{"embeddable":true,"href":"https:\/\/mod.wisdar.net\/tr\/wp-json\/wp\/v2\/comments?post=39591"}],"wp:featuredmedia":[{"embeddable":true,"href":"https:\/\/mod.wisdar.net\/tr\/wp-json\/wp\/v2\/media\/39585"}],"wp:attachment":[{"href":"https:\/\/mod.wisdar.net\/tr\/wp-json\/wp\/v2\/media?parent=39591"}],"wp:term":[{"taxonomy":"product_brand","embeddable":true,"href":"https:\/\/mod.wisdar.net\/tr\/wp-json\/wp\/v2\/product_brand?post=39591"},{"taxonomy":"product_cat","embeddable":true,"href":"https:\/\/mod.wisdar.net\/tr\/wp-json\/wp\/v2\/product_cat?post=39591"},{"taxonomy":"product_tag","embeddable":true,"href":"https:\/\/mod.wisdar.net\/tr\/wp-json\/wp\/v2\/product_tag?post=39591"}],"curies":[{"name":"wp","href":"https:\/\/api.w.org\/{rel}","templated":true}]}}