{"id":39671,"date":"2025-12-15T08:38:06","date_gmt":"2025-12-15T08:38:06","guid":{"rendered":"https:\/\/modesthanim.com\/product\/etek-ucu-desenli-sifon-elbise-bej\/"},"modified":"2026-02-19T21:14:43","modified_gmt":"2026-02-19T21:14:43","slug":"etek-ucu-desenli-sifon-elbise-bej","status":"publish","type":"product","link":"https:\/\/mod.wisdar.net\/tr\/urun\/etek-ucu-desenli-sifon-elbise-bej\/","title":{"rendered":"Etek Ucu Desenli \u015eifon Elbise Bej"},"content":{"rendered":"<p>Ters \u00e7evirerek k\u0131sa programda 30 derecede y\u0131kay\u0131n\u0131z. Astarl\u0131d\u0131r. Kemerlidir.<\/p>\n<p>\u2014 Teknik Detaylar \u2014<br \/>\nMarka: Minik Terzi<br \/>\nSezon: YAZ<br \/>\nCinsiyet: Kad\u0131n<br \/>\nMalzeme: Pe\u015f<br \/>\nKuma\u015f \u0130\u00e7eri\u011fi: %100 Pe\u015f<br \/>\nManken \u00d6l\u00e7\u00fcleri: 1,80<br \/>\nMankenin Giydi\u011fi Beden: S Beden<br \/>\nA\u00e7\u0131klama: Ters \u00e7evirerek k\u0131sa programda 30 derecede y\u0131kay\u0131n\u0131z. Astarl\u0131d\u0131r. Kemerlidir.<\/p>\n","protected":false},"excerpt":{"rendered":"<p>Ters \u00e7evirerek k\u0131sa programda 30 derecede y\u0131kay\u0131n\u0131z. Astarl\u0131d\u0131r. Kemerlidir.<\/p>\n<p>\u2014 Teknik Detaylar \u2014<br \/>\nMarka: Minik Terzi<br \/>\nSezon: YAZ<br \/>\nCinsiyet: Kad\u0131n<br \/>\nMalzeme: Pe\u015f<br \/>\nKuma\u015f \u0130\u00e7eri\u011fi: %100 Pe\u015f<br \/>\nManken \u00d6l\u00e7\u00fcleri: 1,80<br \/>\nMankenin Giydi\u011fi Beden: S Beden<br \/>\nA\u00e7\u0131klama: Ters \u00e7evirerek k\u0131sa programda 30 derecede y\u0131kay\u0131n\u0131z. Astarl\u0131d\u0131r. Kemerlidir.<\/p>\n","protected":false},"featured_media":39662,"comment_status":"open","ping_status":"closed","template":"","meta":[],"product_brand":[],"product_cat":[6249],"product_tag":[7845],"class_list":{"0":"post-39671","1":"product","2":"type-product","3":"status-publish","4":"has-post-thumbnail","6":"product_cat-elbiseler","7":"product_tag-kadin","8":"pa_brand-minik-terzi","9":"pa_color-bej","10":"pa_size-l","11":"pa_size-m","12":"pa_size-s","14":"first","15":"outofstock","16":"shipping-taxable","17":"product-type-variable"},"_links":{"self":[{"href":"https:\/\/mod.wisdar.net\/tr\/wp-json\/wp\/v2\/product\/39671","targetHints":{"allow":["GET"]}}],"collection":[{"href":"https:\/\/mod.wisdar.net\/tr\/wp-json\/wp\/v2\/product"}],"about":[{"href":"https:\/\/mod.wisdar.net\/tr\/wp-json\/wp\/v2\/types\/product"}],"replies":[{"embeddable":true,"href":"https:\/\/mod.wisdar.net\/tr\/wp-json\/wp\/v2\/comments?post=39671"}],"wp:featuredmedia":[{"embeddable":true,"href":"https:\/\/mod.wisdar.net\/tr\/wp-json\/wp\/v2\/media\/39662"}],"wp:attachment":[{"href":"https:\/\/mod.wisdar.net\/tr\/wp-json\/wp\/v2\/media?parent=39671"}],"wp:term":[{"taxonomy":"product_brand","embeddable":true,"href":"https:\/\/mod.wisdar.net\/tr\/wp-json\/wp\/v2\/product_brand?post=39671"},{"taxonomy":"product_cat","embeddable":true,"href":"https:\/\/mod.wisdar.net\/tr\/wp-json\/wp\/v2\/product_cat?post=39671"},{"taxonomy":"product_tag","embeddable":true,"href":"https:\/\/mod.wisdar.net\/tr\/wp-json\/wp\/v2\/product_tag?post=39671"}],"curies":[{"name":"wp","href":"https:\/\/api.w.org\/{rel}","templated":true}]}}