{"id":39867,"date":"2025-12-15T18:26:29","date_gmt":"2025-12-15T18:26:29","guid":{"rendered":"https:\/\/modesthanim.com\/product\/che-basic-ceket-kot\/"},"modified":"2026-02-19T21:47:54","modified_gmt":"2026-02-19T21:47:54","slug":"che-basic-ceket-kot","status":"publish","type":"product","link":"https:\/\/mod.wisdar.net\/tr\/urun\/che-basic-ceket-kot\/","title":{"rendered":"CHE BASIC CEKET Kot"},"content":{"rendered":"<p>\u00dcR\u00dcN BOY: 74 CM \u00dcR\u00dcN KOL BOYU: 56 CM \u00dcR\u00dcN G\u00d6\u011e\u00dcS \u00d6L\u00c7\u00dcS\u00dc: 70 CM Sala\u015f kesimiyle hareket \u00f6zg\u00fcrl\u00fc\u011f\u00fc sunar. Sade detaylar\u0131yla hem spor hem klasik kombinlerde m\u00fckemmel uyum sa\u011flar. Tesett\u00fcr tunik modas\u0131n\u0131n sade ama zarif bir temsilcisidir. YIKAMA TAL\u0130MATI: \u00c7ama\u015f\u0131r suyu kullan\u0131lmaz. Hafif \u0131s\u0131 ile \u00fct\u00fclenebilir. Kuru temizleme yap\u0131labilir. \u0130ADE ve DE\u011e\u0130\u015e\u0130M: Faturas\u0131z iade ve de\u011fi\u015fim yap\u0131lmamaktad\u0131r. \u00dcr\u00fcn\u00fc teslim ald\u0131ktan sonra herhangi bir nedenle iade veya de\u011fi\u015fim yapmak isterseniz, teslim ald\u0131\u011f\u0131n\u0131z tarihten itibaren 14 g\u00fcn i\u00e7inde iade\/de\u011fi\u015fim i\u015flemini ger\u00e7ekle\u015ftirebilirsiniz.<\/p>\n","protected":false},"excerpt":{"rendered":"<p>\u00dcR\u00dcN BOY: 74 CM \u00dcR\u00dcN KOL BOYU: 56 CM \u00dcR\u00dcN G\u00d6\u011e\u00dcS \u00d6L\u00c7\u00dcS\u00dc: 70 CM Sala\u015f kesimiyle hareket \u00f6zg\u00fcrl\u00fc\u011f\u00fc sunar. Sade detaylar\u0131yla hem spor hem klasik kombinlerde m\u00fckemmel uyum sa\u011flar. Tesett\u00fcr tunik modas\u0131n\u0131n sade ama zarif bir temsilcisidir. YIKAMA TAL\u0130MATI: \u00c7ama\u015f\u0131r suyu kullan\u0131lmaz. Hafif \u0131s\u0131 ile \u00fct\u00fclenebilir. Kuru temizleme yap\u0131labilir. \u0130ADE ve DE\u011e\u0130\u015e\u0130M: Faturas\u0131z iade ve de\u011fi\u015fim yap\u0131lmamaktad\u0131r. \u00dcr\u00fcn\u00fc teslim ald\u0131ktan sonra herhangi bir nedenle iade veya de\u011fi\u015fim yapmak isterseniz, teslim ald\u0131\u011f\u0131n\u0131z tarihten itibaren 14 g\u00fcn i\u00e7inde iade\/de\u011fi\u015fim i\u015flemini ger\u00e7ekle\u015ftirebilirsiniz.<\/p>\n","protected":false},"featured_media":39865,"comment_status":"open","ping_status":"closed","template":"","meta":[],"product_brand":[],"product_cat":[2044],"product_tag":[],"class_list":{"0":"post-39867","1":"product","2":"type-product","3":"status-publish","4":"has-post-thumbnail","6":"product_cat-ceketler","7":"pa_brand-markasiz","8":"pa_color-kot","9":"pa_size-4446","10":"pa_size-4463","12":"first","13":"outofstock","14":"shipping-taxable","15":"product-type-variable"},"_links":{"self":[{"href":"https:\/\/mod.wisdar.net\/tr\/wp-json\/wp\/v2\/product\/39867","targetHints":{"allow":["GET"]}}],"collection":[{"href":"https:\/\/mod.wisdar.net\/tr\/wp-json\/wp\/v2\/product"}],"about":[{"href":"https:\/\/mod.wisdar.net\/tr\/wp-json\/wp\/v2\/types\/product"}],"replies":[{"embeddable":true,"href":"https:\/\/mod.wisdar.net\/tr\/wp-json\/wp\/v2\/comments?post=39867"}],"wp:featuredmedia":[{"embeddable":true,"href":"https:\/\/mod.wisdar.net\/tr\/wp-json\/wp\/v2\/media\/39865"}],"wp:attachment":[{"href":"https:\/\/mod.wisdar.net\/tr\/wp-json\/wp\/v2\/media?parent=39867"}],"wp:term":[{"taxonomy":"product_brand","embeddable":true,"href":"https:\/\/mod.wisdar.net\/tr\/wp-json\/wp\/v2\/product_brand?post=39867"},{"taxonomy":"product_cat","embeddable":true,"href":"https:\/\/mod.wisdar.net\/tr\/wp-json\/wp\/v2\/product_cat?post=39867"},{"taxonomy":"product_tag","embeddable":true,"href":"https:\/\/mod.wisdar.net\/tr\/wp-json\/wp\/v2\/product_tag?post=39867"}],"curies":[{"name":"wp","href":"https:\/\/api.w.org\/{rel}","templated":true}]}}