{"id":39895,"date":"2025-12-15T18:26:56","date_gmt":"2025-12-15T18:26:56","guid":{"rendered":"https:\/\/modesthanim.com\/product\/buklet-ceket-siyah\/"},"modified":"2026-02-19T21:32:39","modified_gmt":"2026-02-19T21:32:39","slug":"buklet-ceket-siyah","status":"publish","type":"product","link":"https:\/\/mod.wisdar.net\/tr\/urun\/buklet-ceket-siyah\/","title":{"rendered":"BUKLET CEKET Siyah"},"content":{"rendered":"<p>Buklet ceket, \u015f\u0131k ve modern tasar\u0131m\u0131yla her mevsim kombinlerinizi tamamlayacak vazge\u00e7ilmez bir par\u00e7a. Siyah rengi ve kaliteli kuma\u015f\u0131 sayesinde hem g\u00fcnl\u00fck kullan\u0131mda hem de \u00f6zel g\u00fcnlerde rahatl\u0131kla tercih edebilirsiniz. Zarif detaylar\u0131 ve m\u00fckemmel kesimiyle gard\u0131robunuzun olmazsa olmaz\u0131.<\/p>\n","protected":false},"excerpt":{"rendered":"<p>Buklet ceket, \u015f\u0131k ve modern tasar\u0131m\u0131yla her mevsim kombinlerinizi tamamlayacak vazge\u00e7ilmez bir par\u00e7a. Siyah rengi ve kaliteli kuma\u015f\u0131 sayesinde hem g\u00fcnl\u00fck kullan\u0131mda hem de \u00f6zel g\u00fcnlerde rahatl\u0131kla tercih edebilirsiniz. Zarif detaylar\u0131 ve m\u00fckemmel kesimiyle gard\u0131robunuzun olmazsa olmaz\u0131.<\/p>\n","protected":false},"featured_media":39886,"comment_status":"open","ping_status":"closed","template":"","meta":[],"product_brand":[],"product_cat":[2044],"product_tag":[],"class_list":{"0":"post-39895","1":"product","2":"type-product","3":"status-publish","4":"has-post-thumbnail","6":"product_cat-ceketler","7":"pa_brand-markasiz","8":"pa_color-siyah","9":"pa_size-4701","10":"pa_size-4706","11":"pa_size-4711","12":"pa_size-4713","14":"first","15":"outofstock","16":"shipping-taxable","17":"product-type-variable"},"_links":{"self":[{"href":"https:\/\/mod.wisdar.net\/tr\/wp-json\/wp\/v2\/product\/39895","targetHints":{"allow":["GET"]}}],"collection":[{"href":"https:\/\/mod.wisdar.net\/tr\/wp-json\/wp\/v2\/product"}],"about":[{"href":"https:\/\/mod.wisdar.net\/tr\/wp-json\/wp\/v2\/types\/product"}],"replies":[{"embeddable":true,"href":"https:\/\/mod.wisdar.net\/tr\/wp-json\/wp\/v2\/comments?post=39895"}],"wp:featuredmedia":[{"embeddable":true,"href":"https:\/\/mod.wisdar.net\/tr\/wp-json\/wp\/v2\/media\/39886"}],"wp:attachment":[{"href":"https:\/\/mod.wisdar.net\/tr\/wp-json\/wp\/v2\/media?parent=39895"}],"wp:term":[{"taxonomy":"product_brand","embeddable":true,"href":"https:\/\/mod.wisdar.net\/tr\/wp-json\/wp\/v2\/product_brand?post=39895"},{"taxonomy":"product_cat","embeddable":true,"href":"https:\/\/mod.wisdar.net\/tr\/wp-json\/wp\/v2\/product_cat?post=39895"},{"taxonomy":"product_tag","embeddable":true,"href":"https:\/\/mod.wisdar.net\/tr\/wp-json\/wp\/v2\/product_tag?post=39895"}],"curies":[{"name":"wp","href":"https:\/\/api.w.org\/{rel}","templated":true}]}}