{"id":39955,"date":"2025-12-15T18:29:50","date_gmt":"2025-12-15T18:29:50","guid":{"rendered":"https:\/\/modesthanim.com\/product\/ce-atkili-hirka-kahverengi\/"},"modified":"2026-01-15T07:35:13","modified_gmt":"2026-01-15T07:35:13","slug":"ce-atkili-hirka-kahverengi","status":"publish","type":"product","link":"https:\/\/mod.wisdar.net\/tr\/urun\/ce-atkili-hirka-kahverengi\/","title":{"rendered":"\u00c7E ATKILI HIRKA Kahverengi"},"content":{"rendered":"<p>HIRKA BOYU: 72 CM<\/p>\n<p>KOL BOYU: 50 CM<\/p>\n<p>KUMA\u015e \u0130\u00c7ER\u0130\u011e\u0130: %100 POLYESTER KUMA\u015eTIR.<\/p>\n<p>YUKARIDA BEL\u0130RT\u0130LEN \u00d6L\u00c7\u00dcLER STANDART BEDENE A\u0130TT\u0130R.<\/p>\n<p>YIKAMA TAL\u0130MATLARI<\/p>\n<p>\u00c7ama\u015f\u0131r suyu kullan\u0131lmaz.<\/p>\n<p>Hafif \u0131s\u0131 ile \u00fct\u00fclenebilir.<\/p>\n<p>Kuru temizleme yap\u0131labilir.<\/p>\n<p>\u0130ADE VE DE\u011e\u0130\u015e\u0130M<\/p>\n<p>Faturas\u0131z iade ve de\u011fi\u015fim yap\u0131lmamaktad\u0131r.<\/p>\n<p>\u00dcr\u00fcn\u00fc teslim ald\u0131ktan sonra herhangi bir nedenle iade veya de\u011fi\u015fim yapmak isterseniz, teslim ald\u0131\u011f\u0131n\u0131z tarihten itibaren 14 g\u00fcn i\u00e7inde iade\/de\u011fi\u015fim i\u015flemini ger\u00e7ekle\u015ftirebilirsiniz.<\/p>\n<p>Hasarl\u0131 ve eksik \u00fcr\u00fcnler i\u00e7in 24 saat i\u00e7inde online ma\u011fazam\u0131z \u00fczerinden iade talebi olu\u015fturabilirsiniz.<\/p>\n","protected":false},"excerpt":{"rendered":"<p>HIRKA BOYU: 72 CM<\/p>\n<p>KOL BOYU: 50 CM<\/p>\n<p>KUMA\u015e \u0130\u00c7ER\u0130\u011e\u0130: %100 POLYESTER KUMA\u015eTIR.<\/p>\n<p>YUKARIDA BEL\u0130RT\u0130LEN \u00d6L\u00c7\u00dcLER STANDART BEDENE A\u0130TT\u0130R.<\/p>\n<p>YIKAMA TAL\u0130MATLARI<\/p>\n<p>\u00c7ama\u015f\u0131r suyu kullan\u0131lmaz.<\/p>\n<p>Hafif \u0131s\u0131 ile \u00fct\u00fclenebilir.<\/p>\n<p>Kuru temizleme yap\u0131labilir.<\/p>\n<p>\u0130ADE VE DE\u011e\u0130\u015e\u0130M<\/p>\n<p>Faturas\u0131z iade ve de\u011fi\u015fim yap\u0131lmamaktad\u0131r.<\/p>\n<p>\u00dcr\u00fcn\u00fc teslim ald\u0131ktan sonra herhangi bir nedenle iade veya de\u011fi\u015fim yapmak isterseniz, teslim ald\u0131\u011f\u0131n\u0131z tarihten itibaren 14 g\u00fcn i\u00e7inde iade\/de\u011fi\u015fim i\u015flemini ger\u00e7ekle\u015ftirebilirsiniz.<\/p>\n<p>Hasarl\u0131 ve eksik \u00fcr\u00fcnler i\u00e7in 24 saat i\u00e7inde online ma\u011fazam\u0131z \u00fczerinden iade talebi olu\u015fturabilirsiniz.<\/p>\n","protected":false},"featured_media":39951,"comment_status":"open","ping_status":"closed","template":"","meta":[],"product_brand":[],"product_cat":[2044],"product_tag":[],"class_list":{"0":"post-39955","1":"product","2":"type-product","3":"status-publish","4":"has-post-thumbnail","6":"product_cat-ceketler","7":"pa_brand-markasiz","8":"pa_color-kahverengi","9":"pa_size-std","11":"first","12":"instock","13":"shipping-taxable","14":"purchasable","15":"product-type-variable"},"_links":{"self":[{"href":"https:\/\/mod.wisdar.net\/tr\/wp-json\/wp\/v2\/product\/39955","targetHints":{"allow":["GET"]}}],"collection":[{"href":"https:\/\/mod.wisdar.net\/tr\/wp-json\/wp\/v2\/product"}],"about":[{"href":"https:\/\/mod.wisdar.net\/tr\/wp-json\/wp\/v2\/types\/product"}],"replies":[{"embeddable":true,"href":"https:\/\/mod.wisdar.net\/tr\/wp-json\/wp\/v2\/comments?post=39955"}],"wp:featuredmedia":[{"embeddable":true,"href":"https:\/\/mod.wisdar.net\/tr\/wp-json\/wp\/v2\/media\/39951"}],"wp:attachment":[{"href":"https:\/\/mod.wisdar.net\/tr\/wp-json\/wp\/v2\/media?parent=39955"}],"wp:term":[{"taxonomy":"product_brand","embeddable":true,"href":"https:\/\/mod.wisdar.net\/tr\/wp-json\/wp\/v2\/product_brand?post=39955"},{"taxonomy":"product_cat","embeddable":true,"href":"https:\/\/mod.wisdar.net\/tr\/wp-json\/wp\/v2\/product_cat?post=39955"},{"taxonomy":"product_tag","embeddable":true,"href":"https:\/\/mod.wisdar.net\/tr\/wp-json\/wp\/v2\/product_tag?post=39955"}],"curies":[{"name":"wp","href":"https:\/\/api.w.org\/{rel}","templated":true}]}}