{"id":39963,"date":"2025-12-15T18:30:09","date_gmt":"2025-12-15T18:30:09","guid":{"rendered":"https:\/\/modesthanim.com\/product\/che-atkili-hirka-ekru\/"},"modified":"2026-01-15T07:33:15","modified_gmt":"2026-01-15T07:33:15","slug":"che-atkili-hirka-ekru","status":"publish","type":"product","link":"https:\/\/mod.wisdar.net\/tr\/urun\/che-atkili-hirka-ekru\/","title":{"rendered":"CHE ATKILI HIRKA Ekru"},"content":{"rendered":"<p>HIRKA BOY: 72 CM<br \/>\nKOL BOY: 50 CM<br \/>\nKUMA\u015e \u0130\u00c7ER\u0130\u011e\u0130: %100 POLYESTER KUMA\u015eTIR.<br \/>\nYUKARDA BEL\u0130RT\u0130LEN \u00d6L\u00c7\u00dcLER STANDART BEDENE A\u0130TT\u0130R.<br \/>\nYIKAMA TAL\u0130MATI<br \/>\n\u00c7ama\u015f\u0131r suyu kullan\u0131lmaz.<br \/>\nHafif \u0131s\u0131 ile \u00fct\u00fclenebilir<br \/>\nKuru temizleme yap\u0131labilir.<br \/>\n\u0130ADE ve DE\u011e\u0130\u015e\u0130M<br \/>\nFaturas\u0131z iade ve de\u011fi\u015fim yoktur.<br \/>\n\u00dcr\u00fcn\u00fc teslim ald\u0131ktan sonra herhangi bir nedenden dolay\u0131 iade veya de\u011fi\u015fime g\u00f6ndermek isterseniz teslim ald\u0131\u011f\u0131n\u0131z tarih itibariyle 14 g\u00fcn i\u00e7erisinde iade\/de\u011fi\u015fim ger\u00e7ekle\u015ftirebilirsiniz.<br \/>\nHasarl\u0131 ve eksik \u00fcr\u00fcnler i\u00e7in 24 saat i\u00e7erisinde online ma\u011fazam\u0131z \u00fczerinden iade talebi olu\u015fturulabilir.<\/p>\n<p>\u2014 Technical Details \u2014<br \/>\nTedarik\u00e7i Mam\u00fcl Kodu: 52603<\/p>\n","protected":false},"excerpt":{"rendered":"<p>HIRKA BOY: 72 CM<br \/>\nKOL BOY: 50 CM<br \/>\nKUMA\u015e \u0130\u00c7ER\u0130\u011e\u0130: %100 POLYESTER KUMA\u015eTIR.<br \/>\nYUKARDA BEL\u0130RT\u0130LEN \u00d6L\u00c7\u00dcLER STANDART BEDENE A\u0130TT\u0130R.<br \/>\nYIKAMA TAL\u0130MATI<br \/>\n\u00c7ama\u015f\u0131r suyu kullan\u0131lmaz.<br \/>\nHafif \u0131s\u0131 ile \u00fct\u00fclenebilir<br \/>\nKuru temizleme yap\u0131labilir.<br \/>\n\u0130ADE ve DE\u011e\u0130\u015e\u0130M<br \/>\nFaturas\u0131z iade ve de\u011fi\u015fim yoktur.<br \/>\n\u00dcr\u00fcn\u00fc teslim ald\u0131ktan sonra herhangi bir nedenden dolay\u0131 iade veya de\u011fi\u015fime g\u00f6ndermek isterseniz teslim ald\u0131\u011f\u0131n\u0131z tarih itibariyle 14 g\u00fcn i\u00e7erisinde iade\/de\u011fi\u015fim ger\u00e7ekle\u015ftirebilirsiniz.<br \/>\nHasarl\u0131 ve eksik \u00fcr\u00fcnler i\u00e7in 24 saat i\u00e7erisinde online ma\u011fazam\u0131z \u00fczerinden iade talebi olu\u015fturulabilir.<\/p>\n<p>\u2014 Technical Details \u2014<br \/>\nTedarik\u00e7i Mam\u00fcl Kodu: 52603<\/p>\n","protected":false},"featured_media":39956,"comment_status":"open","ping_status":"closed","template":"","meta":[],"product_brand":[],"product_cat":[2044],"product_tag":[6757,7426,7308,6744,7021],"class_list":{"0":"post-39963","1":"product","2":"type-product","3":"status-publish","4":"has-post-thumbnail","6":"product_cat-ceketler","7":"product_tag-ekru","8":"product_tag-gunluk-giyim-3","9":"product_tag-hirka","10":"product_tag-kadin-modasi","11":"product_tag-polyester","12":"pa_brand-markasiz","13":"pa_color-ekru","14":"pa_size-std","16":"first","17":"instock","18":"shipping-taxable","19":"purchasable","20":"product-type-variable"},"_links":{"self":[{"href":"https:\/\/mod.wisdar.net\/tr\/wp-json\/wp\/v2\/product\/39963","targetHints":{"allow":["GET"]}}],"collection":[{"href":"https:\/\/mod.wisdar.net\/tr\/wp-json\/wp\/v2\/product"}],"about":[{"href":"https:\/\/mod.wisdar.net\/tr\/wp-json\/wp\/v2\/types\/product"}],"replies":[{"embeddable":true,"href":"https:\/\/mod.wisdar.net\/tr\/wp-json\/wp\/v2\/comments?post=39963"}],"wp:featuredmedia":[{"embeddable":true,"href":"https:\/\/mod.wisdar.net\/tr\/wp-json\/wp\/v2\/media\/39956"}],"wp:attachment":[{"href":"https:\/\/mod.wisdar.net\/tr\/wp-json\/wp\/v2\/media?parent=39963"}],"wp:term":[{"taxonomy":"product_brand","embeddable":true,"href":"https:\/\/mod.wisdar.net\/tr\/wp-json\/wp\/v2\/product_brand?post=39963"},{"taxonomy":"product_cat","embeddable":true,"href":"https:\/\/mod.wisdar.net\/tr\/wp-json\/wp\/v2\/product_cat?post=39963"},{"taxonomy":"product_tag","embeddable":true,"href":"https:\/\/mod.wisdar.net\/tr\/wp-json\/wp\/v2\/product_tag?post=39963"}],"curies":[{"name":"wp","href":"https:\/\/api.w.org\/{rel}","templated":true}]}}