{"id":39988,"date":"2025-12-15T18:31:00","date_gmt":"2025-12-15T18:31:00","guid":{"rendered":"https:\/\/modesthanim.com\/product\/haz-dugmeli-kaban-siyah\/"},"modified":"2026-02-19T21:47:39","modified_gmt":"2026-02-19T21:47:39","slug":"haz-dugmeli-kaban-siyah","status":"publish","type":"product","link":"https:\/\/mod.wisdar.net\/tr\/urun\/haz-dugmeli-kaban-siyah\/","title":{"rendered":"HAZ D\u00dc\u011eMEL\u0130 KABAN Siyah"},"content":{"rendered":"<p>\u015e\u0131k ve fonksiyonel tasar\u0131m\u0131yla \u00f6ne \u00e7\u0131kan bu siyah kaban, k\u0131\u015f sezonunun vazge\u00e7ilmez par\u00e7alar\u0131ndan biridir. Haz d\u00fc\u011fmeli detay\u0131 ile modern bir g\u00f6r\u00fcn\u00fcm sunarken, kaliteli kuma\u015f\u0131 sayesinde s\u0131cakl\u0131k ve konfor sa\u011flar. G\u00fcnl\u00fck kullan\u0131ma uygun olan bu kaban, hem resmi hem de g\u00fcndelik k\u0131yafetlerle kombinlenebilir.<\/p>\n","protected":false},"excerpt":{"rendered":"<p>\u015e\u0131k ve fonksiyonel tasar\u0131m\u0131yla \u00f6ne \u00e7\u0131kan bu siyah kaban, k\u0131\u015f sezonunun vazge\u00e7ilmez par\u00e7alar\u0131ndan biridir. Haz d\u00fc\u011fmeli detay\u0131 ile modern bir g\u00f6r\u00fcn\u00fcm sunarken, kaliteli kuma\u015f\u0131 sayesinde s\u0131cakl\u0131k ve konfor sa\u011flar. G\u00fcnl\u00fck kullan\u0131ma uygun olan bu kaban, hem resmi hem de g\u00fcndelik k\u0131yafetlerle kombinlenebilir.<\/p>\n","protected":false},"featured_media":39985,"comment_status":"open","ping_status":"closed","template":"","meta":[],"product_brand":[],"product_cat":[2047],"product_tag":[],"class_list":{"0":"post-39988","1":"product","2":"type-product","3":"status-publish","4":"has-post-thumbnail","6":"product_cat-paltolar","7":"pa_brand-markasiz","8":"pa_color-siyah","9":"pa_size-l","10":"pa_size-m","11":"pa_size-s","12":"pa_size-xl","14":"first","15":"outofstock","16":"shipping-taxable","17":"product-type-variable"},"_links":{"self":[{"href":"https:\/\/mod.wisdar.net\/tr\/wp-json\/wp\/v2\/product\/39988","targetHints":{"allow":["GET"]}}],"collection":[{"href":"https:\/\/mod.wisdar.net\/tr\/wp-json\/wp\/v2\/product"}],"about":[{"href":"https:\/\/mod.wisdar.net\/tr\/wp-json\/wp\/v2\/types\/product"}],"replies":[{"embeddable":true,"href":"https:\/\/mod.wisdar.net\/tr\/wp-json\/wp\/v2\/comments?post=39988"}],"wp:featuredmedia":[{"embeddable":true,"href":"https:\/\/mod.wisdar.net\/tr\/wp-json\/wp\/v2\/media\/39985"}],"wp:attachment":[{"href":"https:\/\/mod.wisdar.net\/tr\/wp-json\/wp\/v2\/media?parent=39988"}],"wp:term":[{"taxonomy":"product_brand","embeddable":true,"href":"https:\/\/mod.wisdar.net\/tr\/wp-json\/wp\/v2\/product_brand?post=39988"},{"taxonomy":"product_cat","embeddable":true,"href":"https:\/\/mod.wisdar.net\/tr\/wp-json\/wp\/v2\/product_cat?post=39988"},{"taxonomy":"product_tag","embeddable":true,"href":"https:\/\/mod.wisdar.net\/tr\/wp-json\/wp\/v2\/product_tag?post=39988"}],"curies":[{"name":"wp","href":"https:\/\/api.w.org\/{rel}","templated":true}]}}