{"id":40000,"date":"2025-12-15T18:31:18","date_gmt":"2025-12-15T18:31:18","guid":{"rendered":"https:\/\/modesthanim.com\/product\/che-basic-ceket-siyah\/"},"modified":"2026-02-17T05:44:45","modified_gmt":"2026-02-17T05:44:45","slug":"che-basic-ceket-siyah","status":"publish","type":"product","link":"https:\/\/mod.wisdar.net\/tr\/urun\/che-basic-ceket-siyah\/","title":{"rendered":"CHE BASIC CEKET Siyah"},"content":{"rendered":"<p>\u00dcR\u00dcN BOY: 74 CM | \u00dcR\u00dcN KOL BOYU: 56 CM | \u00dcR\u00dcN G\u00d6\u011e\u00dcS \u00d6L\u00c7\u00dcS\u00dc: 70 CM<\/p>\n<p>Sala\u015f kal\u0131b\u0131 sayesinde hareket \u00f6zg\u00fcrl\u00fc\u011f\u00fc sunar. Sade detaylar\u0131yla hem spor hem klasik kombinlerde uyum yakalar. Tesett\u00fcr tunik modas\u0131n\u0131n sade ama zarif temsilcisi.<\/p>\n<p>YIKAMA TAL\u0130MATI: \u00c7ama\u015f\u0131r suyu kullan\u0131lmaz. Hafif \u0131s\u0131 ile \u00fct\u00fclenebilir. Kuru temizleme yap\u0131labilir.<\/p>\n<p>\u0130ADE ve DE\u011e\u0130\u015e\u0130M: Faturas\u0131z iade ve de\u011fi\u015fim yap\u0131lmamaktad\u0131r. \u00dcr\u00fcn\u00fc teslim ald\u0131ktan sonra herhangi bir nedenden dolay\u0131 iade veya de\u011fi\u015fim yapmak isterseniz, teslim ald\u0131\u011f\u0131n\u0131z tarihten itibaren 14 g\u00fcn i\u00e7erisinde iade\/de\u011fi\u015fim i\u015flemini ger\u00e7ekle\u015ftirebilirsiniz.<\/p>\n","protected":false},"excerpt":{"rendered":"<p>\u00dcR\u00dcN BOY: 74 CM | \u00dcR\u00dcN KOL BOYU: 56 CM | \u00dcR\u00dcN G\u00d6\u011e\u00dcS \u00d6L\u00c7\u00dcS\u00dc: 70 CM<\/p>\n<p>Sala\u015f kal\u0131b\u0131 sayesinde hareket \u00f6zg\u00fcrl\u00fc\u011f\u00fc sunar. Sade detaylar\u0131yla hem spor hem klasik kombinlerde uyum yakalar. Tesett\u00fcr tunik modas\u0131n\u0131n sade ama zarif temsilcisi.<\/p>\n<p>YIKAMA TAL\u0130MATI: \u00c7ama\u015f\u0131r suyu kullan\u0131lmaz. Hafif \u0131s\u0131 ile \u00fct\u00fclenebilir. Kuru temizleme yap\u0131labilir.<\/p>\n<p>\u0130ADE ve DE\u011e\u0130\u015e\u0130M: Faturas\u0131z iade ve de\u011fi\u015fim yap\u0131lmamaktad\u0131r. \u00dcr\u00fcn\u00fc teslim ald\u0131ktan sonra herhangi bir nedenden dolay\u0131 iade veya de\u011fi\u015fim yapmak isterseniz, teslim ald\u0131\u011f\u0131n\u0131z tarihten itibaren 14 g\u00fcn i\u00e7erisinde iade\/de\u011fi\u015fim i\u015flemini ger\u00e7ekle\u015ftirebilirsiniz.<\/p>\n","protected":false},"featured_media":39999,"comment_status":"open","ping_status":"closed","template":"","meta":[],"product_brand":[],"product_cat":[2044],"product_tag":[],"class_list":{"0":"post-40000","1":"product","2":"type-product","3":"status-publish","4":"has-post-thumbnail","6":"product_cat-ceketler","7":"pa_brand-markasiz","8":"pa_color-siyah","9":"pa_size-4446","10":"pa_size-4463","12":"first","13":"instock","14":"sale","15":"shipping-taxable","16":"purchasable","17":"product-type-variable"},"_links":{"self":[{"href":"https:\/\/mod.wisdar.net\/tr\/wp-json\/wp\/v2\/product\/40000","targetHints":{"allow":["GET"]}}],"collection":[{"href":"https:\/\/mod.wisdar.net\/tr\/wp-json\/wp\/v2\/product"}],"about":[{"href":"https:\/\/mod.wisdar.net\/tr\/wp-json\/wp\/v2\/types\/product"}],"replies":[{"embeddable":true,"href":"https:\/\/mod.wisdar.net\/tr\/wp-json\/wp\/v2\/comments?post=40000"}],"wp:featuredmedia":[{"embeddable":true,"href":"https:\/\/mod.wisdar.net\/tr\/wp-json\/wp\/v2\/media\/39999"}],"wp:attachment":[{"href":"https:\/\/mod.wisdar.net\/tr\/wp-json\/wp\/v2\/media?parent=40000"}],"wp:term":[{"taxonomy":"product_brand","embeddable":true,"href":"https:\/\/mod.wisdar.net\/tr\/wp-json\/wp\/v2\/product_brand?post=40000"},{"taxonomy":"product_cat","embeddable":true,"href":"https:\/\/mod.wisdar.net\/tr\/wp-json\/wp\/v2\/product_cat?post=40000"},{"taxonomy":"product_tag","embeddable":true,"href":"https:\/\/mod.wisdar.net\/tr\/wp-json\/wp\/v2\/product_tag?post=40000"}],"curies":[{"name":"wp","href":"https:\/\/api.w.org\/{rel}","templated":true}]}}