{"id":40225,"date":"2025-12-15T18:52:22","date_gmt":"2025-12-15T18:52:22","guid":{"rendered":"https:\/\/modesthanim.com\/product\/rai-4-dugmeli-kaban-gri\/"},"modified":"2026-02-08T21:02:20","modified_gmt":"2026-02-08T21:02:20","slug":"rai-4-dugmeli-kaban-gri","status":"publish","type":"product","link":"https:\/\/mod.wisdar.net\/tr\/urun\/rai-4-dugmeli-kaban-gri\/","title":{"rendered":"RA\u0130 4 D\u00fc\u011fmeli Kaban \u2013 Gri"},"content":{"rendered":"<p>RA\u0130 markas\u0131n\u0131n zarif tasar\u0131m\u0131 ve kaliteli malzemeleriyle \u00f6ne \u00e7\u0131kan 4 d\u00fc\u011fmeli kaban modeli. Gri rengi ile her tarza uyum sa\u011flayan bu kaban, hem g\u00fcnl\u00fck kullan\u0131mda hem de \u00f6zel g\u00fcnlerde \u015f\u0131kl\u0131\u011f\u0131n\u0131z\u0131 tamamlayacak. Rahat kesimi ve dayan\u0131kl\u0131 kuma\u015f\u0131 sayesinde uzun s\u00fcre kullanabilece\u011finiz bir par\u00e7a.<\/p>\n","protected":false},"excerpt":{"rendered":"<p>RA\u0130 markas\u0131n\u0131n zarif tasar\u0131m\u0131 ve kaliteli malzemeleriyle \u00f6ne \u00e7\u0131kan 4 d\u00fc\u011fmeli kaban modeli. Gri rengi ile her tarza uyum sa\u011flayan bu kaban, hem g\u00fcnl\u00fck kullan\u0131mda hem de \u00f6zel g\u00fcnlerde \u015f\u0131kl\u0131\u011f\u0131n\u0131z\u0131 tamamlayacak. Rahat kesimi ve dayan\u0131kl\u0131 kuma\u015f\u0131 sayesinde uzun s\u00fcre kullanabilece\u011finiz bir par\u00e7a.<\/p>\n","protected":false},"featured_media":40215,"comment_status":"open","ping_status":"closed","template":"","meta":[],"product_brand":[],"product_cat":[2047],"product_tag":[],"class_list":{"0":"post-40225","1":"product","2":"type-product","3":"status-publish","4":"has-post-thumbnail","6":"product_cat-paltolar","7":"pa_brand-markasiz","8":"pa_color-gri","9":"pa_size-4446","10":"pa_size-4463","12":"first","13":"instock","14":"sale","15":"shipping-taxable","16":"purchasable","17":"product-type-variable"},"_links":{"self":[{"href":"https:\/\/mod.wisdar.net\/tr\/wp-json\/wp\/v2\/product\/40225","targetHints":{"allow":["GET"]}}],"collection":[{"href":"https:\/\/mod.wisdar.net\/tr\/wp-json\/wp\/v2\/product"}],"about":[{"href":"https:\/\/mod.wisdar.net\/tr\/wp-json\/wp\/v2\/types\/product"}],"replies":[{"embeddable":true,"href":"https:\/\/mod.wisdar.net\/tr\/wp-json\/wp\/v2\/comments?post=40225"}],"wp:featuredmedia":[{"embeddable":true,"href":"https:\/\/mod.wisdar.net\/tr\/wp-json\/wp\/v2\/media\/40215"}],"wp:attachment":[{"href":"https:\/\/mod.wisdar.net\/tr\/wp-json\/wp\/v2\/media?parent=40225"}],"wp:term":[{"taxonomy":"product_brand","embeddable":true,"href":"https:\/\/mod.wisdar.net\/tr\/wp-json\/wp\/v2\/product_brand?post=40225"},{"taxonomy":"product_cat","embeddable":true,"href":"https:\/\/mod.wisdar.net\/tr\/wp-json\/wp\/v2\/product_cat?post=40225"},{"taxonomy":"product_tag","embeddable":true,"href":"https:\/\/mod.wisdar.net\/tr\/wp-json\/wp\/v2\/product_tag?post=40225"}],"curies":[{"name":"wp","href":"https:\/\/api.w.org\/{rel}","templated":true}]}}