{"id":40314,"date":"2025-12-15T18:55:35","date_gmt":"2025-12-15T18:55:35","guid":{"rendered":"https:\/\/modesthanim.com\/product\/kislik-triko-hirka-antrasit\/"},"modified":"2026-04-15T22:57:21","modified_gmt":"2026-04-15T22:57:21","slug":"kislik-triko-hirka-antrasit","status":"publish","type":"product","link":"https:\/\/mod.wisdar.net\/tr\/urun\/kislik-triko-hirka-antrasit\/","title":{"rendered":"K\u0131\u015fl\u0131k Triko H\u0131rka Antrasit"},"content":{"rendered":"<p>\u00dcr\u00fcn boyu: 125 cm<\/p>\n<p>Kol uzunlu\u011fu: 45 cm<\/p>\n<p>Manken \u00fczerindeki numune &#8216;Standart&#8217; bedendir. \u00dcr\u00fcn kuma\u015f\u0131 Kal\u0131n Trikodur.<\/p>\n<p>MANKEN \u00d6L\u00c7\u00dcLER\u0130<\/p>\n<p>Boy: 1.67 m<\/p>\n<p>Kilo: 52 kg<\/p>\n<p>G\u00f6\u011f\u00fcs: 88 cm<\/p>\n<p>Bel: 64 cm<\/p>\n<p>Kal\u00e7a: 88 cm<\/p>\n<p>YIKAMA TAL\u0130MATLARI<\/p>\n<p>\u00c7ama\u015f\u0131r suyu kullan\u0131lmaz.<\/p>\n<p>Hafif \u0131s\u0131 ile \u00fct\u00fclenebilir.<\/p>\n<p>Kuru temizleme yap\u0131labilir.<\/p>\n<p>\u0130ADE VE DE\u011e\u0130\u015e\u0130M<\/p>\n<p>Faturas\u0131z iade ve de\u011fi\u015fim yap\u0131lmamaktad\u0131r.<\/p>\n<p>\u00dcr\u00fcn\u00fc teslim ald\u0131ktan sonra herhangi bir nedenle iade veya de\u011fi\u015fim yapmak isterseniz, teslim ald\u0131\u011f\u0131n\u0131z tarihten itibaren 14 g\u00fcn i\u00e7inde iade\/de\u011fi\u015fim i\u015flemi ger\u00e7ekle\u015ftirebilirsiniz.<\/p>\n<p>Hasarl\u0131 ve eksik \u00fcr\u00fcnler i\u00e7in 24 saat i\u00e7inde online ma\u011fazam\u0131z \u00fczerinden iade talebi olu\u015fturabilirsiniz.<\/p>\n<p>\u2014 Teknik Detaylar \u2014<br \/>\nTedarik\u00e7i \u00dcr\u00fcn Kodu: 92476<\/p>\n","protected":false},"excerpt":{"rendered":"<p>\u00dcr\u00fcn boyu: 125 cm<\/p>\n<p>Kol uzunlu\u011fu: 45 cm<\/p>\n<p>Manken \u00fczerindeki numune &#8216;Standart&#8217; bedendir. \u00dcr\u00fcn kuma\u015f\u0131 Kal\u0131n Trikodur.<\/p>\n<p>MANKEN \u00d6L\u00c7\u00dcLER\u0130<\/p>\n<p>Boy: 1.67 m<\/p>\n<p>Kilo: 52 kg<\/p>\n<p>G\u00f6\u011f\u00fcs: 88 cm<\/p>\n<p>Bel: 64 cm<\/p>\n<p>Kal\u00e7a: 88 cm<\/p>\n<p>YIKAMA TAL\u0130MATLARI<\/p>\n<p>\u00c7ama\u015f\u0131r suyu kullan\u0131lmaz.<\/p>\n<p>Hafif \u0131s\u0131 ile \u00fct\u00fclenebilir.<\/p>\n<p>Kuru temizleme yap\u0131labilir.<\/p>\n<p>\u0130ADE VE DE\u011e\u0130\u015e\u0130M<\/p>\n<p>Faturas\u0131z iade ve de\u011fi\u015fim yap\u0131lmamaktad\u0131r.<\/p>\n<p>\u00dcr\u00fcn\u00fc teslim ald\u0131ktan sonra herhangi bir nedenle iade veya de\u011fi\u015fim yapmak isterseniz, teslim ald\u0131\u011f\u0131n\u0131z tarihten itibaren 14 g\u00fcn i\u00e7inde iade\/de\u011fi\u015fim i\u015flemi ger\u00e7ekle\u015ftirebilirsiniz.<\/p>\n<p>Hasarl\u0131 ve eksik \u00fcr\u00fcnler i\u00e7in 24 saat i\u00e7inde online ma\u011fazam\u0131z \u00fczerinden iade talebi olu\u015fturabilirsiniz.<\/p>\n<p>\u2014 Teknik Detaylar \u2014<br \/>\nTedarik\u00e7i \u00dcr\u00fcn Kodu: 92476<\/p>\n","protected":false},"featured_media":40310,"comment_status":"open","ping_status":"closed","template":"","meta":[],"product_brand":[],"product_cat":[1909],"product_tag":[5207,5206,5205],"class_list":{"0":"post-40314","1":"product","2":"type-product","3":"status-publish","4":"has-post-thumbnail","6":"product_cat-bluzlar-ve-gomlekler","7":"product_tag-kisin-vazgecilmez-sikligi","8":"product_tag-moda-ala","9":"product_tag-winter-triko-hirka-antrasit","10":"pa_brand-markasiz","11":"pa_color-antrasit","12":"pa_size-std","14":"first","15":"instock","16":"sale","17":"shipping-taxable","18":"purchasable","19":"product-type-variable"},"_links":{"self":[{"href":"https:\/\/mod.wisdar.net\/tr\/wp-json\/wp\/v2\/product\/40314","targetHints":{"allow":["GET"]}}],"collection":[{"href":"https:\/\/mod.wisdar.net\/tr\/wp-json\/wp\/v2\/product"}],"about":[{"href":"https:\/\/mod.wisdar.net\/tr\/wp-json\/wp\/v2\/types\/product"}],"replies":[{"embeddable":true,"href":"https:\/\/mod.wisdar.net\/tr\/wp-json\/wp\/v2\/comments?post=40314"}],"wp:featuredmedia":[{"embeddable":true,"href":"https:\/\/mod.wisdar.net\/tr\/wp-json\/wp\/v2\/media\/40310"}],"wp:attachment":[{"href":"https:\/\/mod.wisdar.net\/tr\/wp-json\/wp\/v2\/media?parent=40314"}],"wp:term":[{"taxonomy":"product_brand","embeddable":true,"href":"https:\/\/mod.wisdar.net\/tr\/wp-json\/wp\/v2\/product_brand?post=40314"},{"taxonomy":"product_cat","embeddable":true,"href":"https:\/\/mod.wisdar.net\/tr\/wp-json\/wp\/v2\/product_cat?post=40314"},{"taxonomy":"product_tag","embeddable":true,"href":"https:\/\/mod.wisdar.net\/tr\/wp-json\/wp\/v2\/product_tag?post=40314"}],"curies":[{"name":"wp","href":"https:\/\/api.w.org\/{rel}","templated":true}]}}