{"id":40330,"date":"2025-12-15T18:56:05","date_gmt":"2025-12-15T18:56:05","guid":{"rendered":"https:\/\/modesthanim.com\/product\/city-yumos-hirka-kahverengi\/"},"modified":"2026-02-08T21:09:08","modified_gmt":"2026-02-08T21:09:08","slug":"city-yumos-hirka-kahverengi","status":"publish","type":"product","link":"https:\/\/mod.wisdar.net\/tr\/urun\/city-yumos-hirka-kahverengi\/","title":{"rendered":"C\u0130TY YUMO\u015e HIRKA Kahverengi"},"content":{"rendered":"<p>C\u0130TY YUMO\u015e h\u0131rka, \u015f\u0131k ve rahat tasar\u0131m\u0131yla g\u00fcnl\u00fck kombinlerinize m\u00fckemmel bir katk\u0131 sa\u011flar. Yumu\u015fak dokusu ve kahverengi rengiyle her mevsime uygun, modaya uygun bir par\u00e7ad\u0131r.<\/p>\n","protected":false},"excerpt":{"rendered":"<p>C\u0130TY YUMO\u015e h\u0131rka, \u015f\u0131k ve rahat tasar\u0131m\u0131yla g\u00fcnl\u00fck kombinlerinize m\u00fckemmel bir katk\u0131 sa\u011flar. Yumu\u015fak dokusu ve kahverengi rengiyle her mevsime uygun, modaya uygun bir par\u00e7ad\u0131r.<\/p>\n","protected":false},"featured_media":40328,"comment_status":"open","ping_status":"closed","template":"","meta":[],"product_brand":[],"product_cat":[1909],"product_tag":[],"class_list":{"0":"post-40330","1":"product","2":"type-product","3":"status-publish","4":"has-post-thumbnail","6":"product_cat-bluzlar-ve-gomlekler","7":"pa_brand-markasiz","8":"pa_color-kahverengi","9":"pa_size-std","11":"first","12":"instock","13":"sale","14":"shipping-taxable","15":"purchasable","16":"product-type-variable"},"_links":{"self":[{"href":"https:\/\/mod.wisdar.net\/tr\/wp-json\/wp\/v2\/product\/40330","targetHints":{"allow":["GET"]}}],"collection":[{"href":"https:\/\/mod.wisdar.net\/tr\/wp-json\/wp\/v2\/product"}],"about":[{"href":"https:\/\/mod.wisdar.net\/tr\/wp-json\/wp\/v2\/types\/product"}],"replies":[{"embeddable":true,"href":"https:\/\/mod.wisdar.net\/tr\/wp-json\/wp\/v2\/comments?post=40330"}],"wp:featuredmedia":[{"embeddable":true,"href":"https:\/\/mod.wisdar.net\/tr\/wp-json\/wp\/v2\/media\/40328"}],"wp:attachment":[{"href":"https:\/\/mod.wisdar.net\/tr\/wp-json\/wp\/v2\/media?parent=40330"}],"wp:term":[{"taxonomy":"product_brand","embeddable":true,"href":"https:\/\/mod.wisdar.net\/tr\/wp-json\/wp\/v2\/product_brand?post=40330"},{"taxonomy":"product_cat","embeddable":true,"href":"https:\/\/mod.wisdar.net\/tr\/wp-json\/wp\/v2\/product_cat?post=40330"},{"taxonomy":"product_tag","embeddable":true,"href":"https:\/\/mod.wisdar.net\/tr\/wp-json\/wp\/v2\/product_tag?post=40330"}],"curies":[{"name":"wp","href":"https:\/\/api.w.org\/{rel}","templated":true}]}}