{"id":40337,"date":"2025-12-15T18:56:14","date_gmt":"2025-12-15T18:56:14","guid":{"rendered":"https:\/\/modesthanim.com\/product\/city-yumos-hirka-gri\/"},"modified":"2026-04-02T20:31:04","modified_gmt":"2026-04-02T20:31:04","slug":"city-yumos-hirka-gri","status":"publish","type":"product","link":"https:\/\/mod.wisdar.net\/tr\/urun\/city-yumos-hirka-gri\/","title":{"rendered":"C\u0130TY YUMO\u015e HIRKA Gri"},"content":{"rendered":"<p>\u015e\u0131k ve konforlu City Yumo\u015f H\u0131rka ile g\u00fcnl\u00fck tarz\u0131n\u0131z\u0131 tamamlay\u0131n. Yumu\u015fak dokusu ve modern gri rengiyle her an\u0131n\u0131za \u015f\u0131kl\u0131k kat\u0131n.<\/p>\n","protected":false},"excerpt":{"rendered":"<p>\u015e\u0131k ve konforlu City Yumo\u015f H\u0131rka ile g\u00fcnl\u00fck tarz\u0131n\u0131z\u0131 tamamlay\u0131n. Yumu\u015fak dokusu ve modern gri rengiyle her an\u0131n\u0131za \u015f\u0131kl\u0131k kat\u0131n.<\/p>\n","protected":false},"featured_media":40331,"comment_status":"open","ping_status":"closed","template":"","meta":[],"product_brand":[],"product_cat":[1909],"product_tag":[],"class_list":{"0":"post-40337","1":"product","2":"type-product","3":"status-publish","4":"has-post-thumbnail","6":"product_cat-bluzlar-ve-gomlekler","7":"pa_brand-markasiz","8":"pa_color-gri","9":"pa_size-std","11":"first","12":"outofstock","13":"shipping-taxable","14":"product-type-variable","15":"has-default-attributes"},"_links":{"self":[{"href":"https:\/\/mod.wisdar.net\/tr\/wp-json\/wp\/v2\/product\/40337","targetHints":{"allow":["GET"]}}],"collection":[{"href":"https:\/\/mod.wisdar.net\/tr\/wp-json\/wp\/v2\/product"}],"about":[{"href":"https:\/\/mod.wisdar.net\/tr\/wp-json\/wp\/v2\/types\/product"}],"replies":[{"embeddable":true,"href":"https:\/\/mod.wisdar.net\/tr\/wp-json\/wp\/v2\/comments?post=40337"}],"wp:featuredmedia":[{"embeddable":true,"href":"https:\/\/mod.wisdar.net\/tr\/wp-json\/wp\/v2\/media\/40331"}],"wp:attachment":[{"href":"https:\/\/mod.wisdar.net\/tr\/wp-json\/wp\/v2\/media?parent=40337"}],"wp:term":[{"taxonomy":"product_brand","embeddable":true,"href":"https:\/\/mod.wisdar.net\/tr\/wp-json\/wp\/v2\/product_brand?post=40337"},{"taxonomy":"product_cat","embeddable":true,"href":"https:\/\/mod.wisdar.net\/tr\/wp-json\/wp\/v2\/product_cat?post=40337"},{"taxonomy":"product_tag","embeddable":true,"href":"https:\/\/mod.wisdar.net\/tr\/wp-json\/wp\/v2\/product_tag?post=40337"}],"curies":[{"name":"wp","href":"https:\/\/api.w.org\/{rel}","templated":true}]}}