{"id":40370,"date":"2025-12-15T18:57:42","date_gmt":"2025-12-15T18:57:42","guid":{"rendered":"https:\/\/modesthanim.com\/product\/dilvin-baklava-desen-hirka-kahverengi\/"},"modified":"2026-02-08T21:11:26","modified_gmt":"2026-02-08T21:11:26","slug":"dilvin-baklava-desen-hirka-kahverengi","status":"publish","type":"product","link":"https:\/\/mod.wisdar.net\/tr\/urun\/dilvin-baklava-desen-hirka-kahverengi\/","title":{"rendered":"D\u0130LV\u0130N BAKLAVA DESEN HIRKA \u2013 Kahverengi"},"content":{"rendered":"<p>Zarif baklava deseni ile \u00f6ne \u00e7\u0131kan bu kahverengi h\u0131rka, \u015f\u0131kl\u0131\u011f\u0131n\u0131za \u015f\u0131kl\u0131k katacak. Kaliteli malzemesi ve modern tasar\u0131m\u0131 ile hem g\u00fcnl\u00fck hem de \u00f6zel g\u00fcnlerde rahatl\u0131kla kullanabilece\u011finiz bir par\u00e7a. Kombinlerinizi tamamlayacak, her tarza uyum sa\u011flayan bir stil.<\/p>\n","protected":false},"excerpt":{"rendered":"<p>Zarif baklava deseni ile \u00f6ne \u00e7\u0131kan bu kahverengi h\u0131rka, \u015f\u0131kl\u0131\u011f\u0131n\u0131za \u015f\u0131kl\u0131k katacak. Kaliteli malzemesi ve modern tasar\u0131m\u0131 ile hem g\u00fcnl\u00fck hem de \u00f6zel g\u00fcnlerde rahatl\u0131kla kullanabilece\u011finiz bir par\u00e7a. Kombinlerinizi tamamlayacak, her tarza uyum sa\u011flayan bir stil.<\/p>\n","protected":false},"featured_media":40367,"comment_status":"open","ping_status":"closed","template":"","meta":[],"product_brand":[],"product_cat":[1909],"product_tag":[],"class_list":{"0":"post-40370","1":"product","2":"type-product","3":"status-publish","4":"has-post-thumbnail","6":"product_cat-bluzlar-ve-gomlekler","7":"pa_brand-markasiz","8":"pa_color-kahverengi","9":"pa_size-std","11":"first","12":"instock","13":"sale","14":"shipping-taxable","15":"purchasable","16":"product-type-variable"},"_links":{"self":[{"href":"https:\/\/mod.wisdar.net\/tr\/wp-json\/wp\/v2\/product\/40370","targetHints":{"allow":["GET"]}}],"collection":[{"href":"https:\/\/mod.wisdar.net\/tr\/wp-json\/wp\/v2\/product"}],"about":[{"href":"https:\/\/mod.wisdar.net\/tr\/wp-json\/wp\/v2\/types\/product"}],"replies":[{"embeddable":true,"href":"https:\/\/mod.wisdar.net\/tr\/wp-json\/wp\/v2\/comments?post=40370"}],"wp:featuredmedia":[{"embeddable":true,"href":"https:\/\/mod.wisdar.net\/tr\/wp-json\/wp\/v2\/media\/40367"}],"wp:attachment":[{"href":"https:\/\/mod.wisdar.net\/tr\/wp-json\/wp\/v2\/media?parent=40370"}],"wp:term":[{"taxonomy":"product_brand","embeddable":true,"href":"https:\/\/mod.wisdar.net\/tr\/wp-json\/wp\/v2\/product_brand?post=40370"},{"taxonomy":"product_cat","embeddable":true,"href":"https:\/\/mod.wisdar.net\/tr\/wp-json\/wp\/v2\/product_cat?post=40370"},{"taxonomy":"product_tag","embeddable":true,"href":"https:\/\/mod.wisdar.net\/tr\/wp-json\/wp\/v2\/product_tag?post=40370"}],"curies":[{"name":"wp","href":"https:\/\/api.w.org\/{rel}","templated":true}]}}