{"id":40375,"date":"2025-12-15T18:57:53","date_gmt":"2025-12-15T18:57:53","guid":{"rendered":"https:\/\/modesthanim.com\/product\/mixray-baklava-desen-hirka-siyah\/"},"modified":"2026-01-15T07:40:16","modified_gmt":"2026-01-15T07:40:16","slug":"mixray-baklava-desen-hirka-siyah","status":"publish","type":"product","link":"https:\/\/mod.wisdar.net\/tr\/urun\/mixray-baklava-desen-hirka-siyah\/","title":{"rendered":"M\u0130XRAY BAKLAVA DESEN HIRKA Siyah"},"content":{"rendered":"<p>HIRKA BOY: 70 CM<\/p>\n<p>KOL BOY: 55 CM<\/p>\n<p>G\u00d6\u011e\u00dcS: 58 CM<\/p>\n<p>KUMA\u015e \u0130\u00c7ER\u0130\u011e\u0130: %70 AKR\u0130L\u0130K %30 POLYESTER TR\u0130KO KUMA\u015eTIR.<\/p>\n<p>YUKARDA BEL\u0130RT\u0130LEN \u00d6L\u00c7\u00dcLER STANDART BEDENE A\u0130TT\u0130R.<\/p>\n<p>YIKAMA TAL\u0130MATI<\/p>\n<p>\u00c7ama\u015f\u0131r suyu kullan\u0131lmaz.<\/p>\n<p>Hafif \u0131s\u0131 ile \u00fct\u00fclenebilir<\/p>\n<p>Kuru temizleme yap\u0131labilir.<\/p>\n<p>\u0130ADE ve DE\u011e\u0130\u015e\u0130M<\/p>\n<p>Faturas\u0131z iade ve de\u011fi\u015fim yoktur.<\/p>\n<p>\u00dcr\u00fcn\u00fc teslim ald\u0131ktan sonra herhangi bir nedenden dolay\u0131 iade veya de\u011fi\u015fime g\u00f6ndermek isterseniz teslim ald\u0131\u011f\u0131n\u0131z tarih itibariyle 14 g\u00fcn i\u00e7erisinde iade\/de\u011fi\u015fim ger\u00e7ekle\u015ftirebilirsiniz.<\/p>\n<p>Hasarl\u0131 ve eksik \u00fcr\u00fcnler i\u00e7in 24 saat i\u00e7erisinde online ma\u011fazam\u0131z \u00fczerinden iade talebi olu\u015fturulabilir.<\/p>\n","protected":false},"excerpt":{"rendered":"<p>HIRKA BOY: 70 CM<\/p>\n<p>KOL BOY: 55 CM<\/p>\n<p>G\u00d6\u011e\u00dcS: 58 CM<\/p>\n<p>KUMA\u015e \u0130\u00c7ER\u0130\u011e\u0130: %70 AKR\u0130L\u0130K %30 POLYESTER TR\u0130KO KUMA\u015eTIR.<\/p>\n<p>YUKARDA BEL\u0130RT\u0130LEN \u00d6L\u00c7\u00dcLER STANDART BEDENE A\u0130TT\u0130R.<\/p>\n<p>YIKAMA TAL\u0130MATI<\/p>\n<p>\u00c7ama\u015f\u0131r suyu kullan\u0131lmaz.<\/p>\n<p>Hafif \u0131s\u0131 ile \u00fct\u00fclenebilir<\/p>\n<p>Kuru temizleme yap\u0131labilir.<\/p>\n<p>\u0130ADE ve DE\u011e\u0130\u015e\u0130M<\/p>\n<p>Faturas\u0131z iade ve de\u011fi\u015fim yoktur.<\/p>\n<p>\u00dcr\u00fcn\u00fc teslim ald\u0131ktan sonra herhangi bir nedenden dolay\u0131 iade veya de\u011fi\u015fime g\u00f6ndermek isterseniz teslim ald\u0131\u011f\u0131n\u0131z tarih itibariyle 14 g\u00fcn i\u00e7erisinde iade\/de\u011fi\u015fim ger\u00e7ekle\u015ftirebilirsiniz.<\/p>\n<p>Hasarl\u0131 ve eksik \u00fcr\u00fcnler i\u00e7in 24 saat i\u00e7erisinde online ma\u011fazam\u0131z \u00fczerinden iade talebi olu\u015fturulabilir.<\/p>\n","protected":false},"featured_media":40371,"comment_status":"open","ping_status":"closed","template":"","meta":[],"product_brand":[],"product_cat":[1909],"product_tag":[],"class_list":{"0":"post-40375","1":"product","2":"type-product","3":"status-publish","4":"has-post-thumbnail","6":"product_cat-bluzlar-ve-gomlekler","7":"pa_brand-markasiz","8":"pa_color-siyah","9":"pa_size-std","11":"first","12":"instock","13":"shipping-taxable","14":"purchasable","15":"product-type-variable"},"_links":{"self":[{"href":"https:\/\/mod.wisdar.net\/tr\/wp-json\/wp\/v2\/product\/40375","targetHints":{"allow":["GET"]}}],"collection":[{"href":"https:\/\/mod.wisdar.net\/tr\/wp-json\/wp\/v2\/product"}],"about":[{"href":"https:\/\/mod.wisdar.net\/tr\/wp-json\/wp\/v2\/types\/product"}],"replies":[{"embeddable":true,"href":"https:\/\/mod.wisdar.net\/tr\/wp-json\/wp\/v2\/comments?post=40375"}],"wp:featuredmedia":[{"embeddable":true,"href":"https:\/\/mod.wisdar.net\/tr\/wp-json\/wp\/v2\/media\/40371"}],"wp:attachment":[{"href":"https:\/\/mod.wisdar.net\/tr\/wp-json\/wp\/v2\/media?parent=40375"}],"wp:term":[{"taxonomy":"product_brand","embeddable":true,"href":"https:\/\/mod.wisdar.net\/tr\/wp-json\/wp\/v2\/product_brand?post=40375"},{"taxonomy":"product_cat","embeddable":true,"href":"https:\/\/mod.wisdar.net\/tr\/wp-json\/wp\/v2\/product_cat?post=40375"},{"taxonomy":"product_tag","embeddable":true,"href":"https:\/\/mod.wisdar.net\/tr\/wp-json\/wp\/v2\/product_tag?post=40375"}],"curies":[{"name":"wp","href":"https:\/\/api.w.org\/{rel}","templated":true}]}}