{"id":40492,"date":"2025-12-15T19:01:57","date_gmt":"2025-12-15T19:01:57","guid":{"rendered":"https:\/\/modesthanim.com\/product\/puf-elbise-beyaz\/"},"modified":"2026-03-23T11:25:55","modified_gmt":"2026-03-23T11:25:55","slug":"puf-elbise-beyaz","status":"publish","type":"product","link":"https:\/\/mod.wisdar.net\/tr\/urun\/puf-elbise-beyaz\/","title":{"rendered":"PUF ELB\u0130SE Beyaz"},"content":{"rendered":"<p>ELB\u0130SE BOY: 137 CM<\/p>\n<p>KOL BOY: 60 CM<\/p>\n<p>G\u00d6\u011e\u00dcS: 46 CM<\/p>\n<p>KUMA\u015e \u0130\u00c7ER\u0130\u011e\u0130: PUF SCUBA KUMAS\u0327TIR.<\/p>\n<p>YUKARDA BEL\u0130RT\u0130LEN \u00d6L\u00c7\u00dcLER 36 BEDENE A\u0130TT\u0130R.<\/p>\n<p>YIKAMA TAL\u0130MATI<\/p>\n<p>\u00c7amas\u0327\u0131r suyu kullan\u0131lmaz.<\/p>\n<p>Hafif \u0131s\u0131 ile \u00fct\u00fclenebilir<\/p>\n<p>Kuru temizleme yap\u0131labilir.<\/p>\n<p>\u0130ADE ve DE\u011e\u0130\u015e\u0130M<\/p>\n<p>Faturas\u0131z iade ve de\u011fi\u015fim yoktur.<\/p>\n<p>\u00dcr\u00fcn\u00fc teslim ald\u0131ktan sonra herhangi bir nedenden dolay\u0131 iade veya de\u011fi\u015fime g\u00f6ndermek isterseniz teslim ald\u0131\u011f\u0131n\u0131z tarih itibariyle 14 g\u00fcn i\u00e7erisinde iade\/de\u011fi\u015fim ger\u00e7ekle\u015ftirebilirsiniz.<\/p>\n<p>Hasarl\u0131 ve eksik \u00fcr\u00fcnler i\u00e7in 24 saat i\u00e7erisinde online ma\u011fazam\u0131z \u00fczerinden iade talebi olu\u015fturulabilir.<\/p>\n","protected":false},"excerpt":{"rendered":"<p>ELB\u0130SE BOY: 137 CM<\/p>\n<p>KOL BOY: 60 CM<\/p>\n<p>G\u00d6\u011e\u00dcS: 46 CM<\/p>\n<p>KUMA\u015e \u0130\u00c7ER\u0130\u011e\u0130: PUF SCUBA KUMAS\u0327TIR.<\/p>\n<p>YUKARDA BEL\u0130RT\u0130LEN \u00d6L\u00c7\u00dcLER 36 BEDENE A\u0130TT\u0130R.<\/p>\n<p>YIKAMA TAL\u0130MATI<\/p>\n<p>\u00c7amas\u0327\u0131r suyu kullan\u0131lmaz.<\/p>\n<p>Hafif \u0131s\u0131 ile \u00fct\u00fclenebilir<\/p>\n<p>Kuru temizleme yap\u0131labilir.<\/p>\n<p>\u0130ADE ve DE\u011e\u0130\u015e\u0130M<\/p>\n<p>Faturas\u0131z iade ve de\u011fi\u015fim yoktur.<\/p>\n<p>\u00dcr\u00fcn\u00fc teslim ald\u0131ktan sonra herhangi bir nedenden dolay\u0131 iade veya de\u011fi\u015fime g\u00f6ndermek isterseniz teslim ald\u0131\u011f\u0131n\u0131z tarih itibariyle 14 g\u00fcn i\u00e7erisinde iade\/de\u011fi\u015fim ger\u00e7ekle\u015ftirebilirsiniz.<\/p>\n<p>Hasarl\u0131 ve eksik \u00fcr\u00fcnler i\u00e7in 24 saat i\u00e7erisinde online ma\u011fazam\u0131z \u00fczerinden iade talebi olu\u015fturulabilir.<\/p>\n","protected":false},"featured_media":40489,"comment_status":"open","ping_status":"closed","template":"","meta":[],"product_brand":[],"product_cat":[6249],"product_tag":[8427,6744],"class_list":{"0":"post-40492","1":"product","2":"type-product","3":"status-publish","4":"has-post-thumbnail","6":"product_cat-elbiseler","7":"product_tag-gece-elbisesi","8":"product_tag-kadin-modasi","9":"pa_brand-markasiz","10":"pa_color-beyaz","11":"pa_size-4701","12":"pa_size-4706","13":"pa_size-4711","15":"first","16":"instock","17":"sale","18":"shipping-taxable","19":"purchasable","20":"product-type-variable"},"_links":{"self":[{"href":"https:\/\/mod.wisdar.net\/tr\/wp-json\/wp\/v2\/product\/40492","targetHints":{"allow":["GET"]}}],"collection":[{"href":"https:\/\/mod.wisdar.net\/tr\/wp-json\/wp\/v2\/product"}],"about":[{"href":"https:\/\/mod.wisdar.net\/tr\/wp-json\/wp\/v2\/types\/product"}],"replies":[{"embeddable":true,"href":"https:\/\/mod.wisdar.net\/tr\/wp-json\/wp\/v2\/comments?post=40492"}],"wp:featuredmedia":[{"embeddable":true,"href":"https:\/\/mod.wisdar.net\/tr\/wp-json\/wp\/v2\/media\/40489"}],"wp:attachment":[{"href":"https:\/\/mod.wisdar.net\/tr\/wp-json\/wp\/v2\/media?parent=40492"}],"wp:term":[{"taxonomy":"product_brand","embeddable":true,"href":"https:\/\/mod.wisdar.net\/tr\/wp-json\/wp\/v2\/product_brand?post=40492"},{"taxonomy":"product_cat","embeddable":true,"href":"https:\/\/mod.wisdar.net\/tr\/wp-json\/wp\/v2\/product_cat?post=40492"},{"taxonomy":"product_tag","embeddable":true,"href":"https:\/\/mod.wisdar.net\/tr\/wp-json\/wp\/v2\/product_tag?post=40492"}],"curies":[{"name":"wp","href":"https:\/\/api.w.org\/{rel}","templated":true}]}}