{"id":40530,"date":"2025-12-15T19:02:57","date_gmt":"2025-12-15T19:02:57","guid":{"rendered":"https:\/\/modesthanim.com\/product\/seasons-elbise-kahverengi\/"},"modified":"2026-02-19T21:36:06","modified_gmt":"2026-02-19T21:36:06","slug":"seasons-elbise-kahverengi","status":"publish","type":"product","link":"https:\/\/mod.wisdar.net\/tr\/urun\/seasons-elbise-kahverengi\/","title":{"rendered":"SEASONS ELB\u0130SE Kahverengi"},"content":{"rendered":"<p>Seasons koleksiyonunun \u015f\u0131k ve zarif bir par\u00e7as\u0131 olan bu kahverengi elbise, her mevsim gard\u0131robunuzun vazge\u00e7ilmezi olacak. Kaliteli kuma\u015f\u0131 ve m\u00fckemmel kesimiyle rahatl\u0131k ve \u015f\u0131kl\u0131\u011f\u0131 bir arada sunar.<\/p>\n","protected":false},"excerpt":{"rendered":"<p>Seasons koleksiyonunun \u015f\u0131k ve zarif bir par\u00e7as\u0131 olan bu kahverengi elbise, her mevsim gard\u0131robunuzun vazge\u00e7ilmezi olacak. Kaliteli kuma\u015f\u0131 ve m\u00fckemmel kesimiyle rahatl\u0131k ve \u015f\u0131kl\u0131\u011f\u0131 bir arada sunar.<\/p>\n","protected":false},"featured_media":40527,"comment_status":"open","ping_status":"closed","template":"","meta":[],"product_brand":[],"product_cat":[6249],"product_tag":[],"class_list":{"0":"post-40530","1":"product","2":"type-product","3":"status-publish","4":"has-post-thumbnail","6":"product_cat-elbiseler","7":"pa_brand-markasiz","8":"pa_color-kahverengi","9":"pa_size-4446","10":"pa_size-4463","12":"first","13":"outofstock","14":"shipping-taxable","15":"product-type-variable"},"_links":{"self":[{"href":"https:\/\/mod.wisdar.net\/tr\/wp-json\/wp\/v2\/product\/40530","targetHints":{"allow":["GET"]}}],"collection":[{"href":"https:\/\/mod.wisdar.net\/tr\/wp-json\/wp\/v2\/product"}],"about":[{"href":"https:\/\/mod.wisdar.net\/tr\/wp-json\/wp\/v2\/types\/product"}],"replies":[{"embeddable":true,"href":"https:\/\/mod.wisdar.net\/tr\/wp-json\/wp\/v2\/comments?post=40530"}],"wp:featuredmedia":[{"embeddable":true,"href":"https:\/\/mod.wisdar.net\/tr\/wp-json\/wp\/v2\/media\/40527"}],"wp:attachment":[{"href":"https:\/\/mod.wisdar.net\/tr\/wp-json\/wp\/v2\/media?parent=40530"}],"wp:term":[{"taxonomy":"product_brand","embeddable":true,"href":"https:\/\/mod.wisdar.net\/tr\/wp-json\/wp\/v2\/product_brand?post=40530"},{"taxonomy":"product_cat","embeddable":true,"href":"https:\/\/mod.wisdar.net\/tr\/wp-json\/wp\/v2\/product_cat?post=40530"},{"taxonomy":"product_tag","embeddable":true,"href":"https:\/\/mod.wisdar.net\/tr\/wp-json\/wp\/v2\/product_tag?post=40530"}],"curies":[{"name":"wp","href":"https:\/\/api.w.org\/{rel}","templated":true}]}}