{"id":40678,"date":"2025-12-15T20:25:30","date_gmt":"2025-12-15T20:25:30","guid":{"rendered":"https:\/\/modesthanim.com\/product\/yumusak-kanvas-kiremit-elbise\/"},"modified":"2026-02-18T07:22:44","modified_gmt":"2026-02-18T07:22:44","slug":"yumusak-kanvas-kiremit-elbise","status":"publish","type":"product","link":"https:\/\/mod.wisdar.net\/tr\/urun\/yumusak-kanvas-kiremit-elbise\/","title":{"rendered":"Yumu\u015fak Kanvas Kiremit Elbise"},"content":{"rendered":"<p>Kemerli ve ceplidir. Astars\u0131zd\u0131r, i\u00e7 g\u00f6stermez. Renk: Kiremit Mevsim: K\u0131\u015fl\u0131k \u2013 Baharl\u0131k \u0130\u00e7erik: %100 Pamuk Hafif bol kal\u0131pt\u0131r. Ceplidir. Kemerlidir. Boy: ortalama 135 cm Beden se\u00e7enekleri: S beden (34-36 uyumlu, g\u00f6\u011f\u00fcs: ortalama 112 cm) M beden (38-40 uyumlu) L beden (42-44 uyumlu) Not: Verilen \u00f6l\u00e7\u00fcler en k\u00fc\u00e7\u00fck bedene aittir, bedenler aras\u0131nda ortalama 4 cm fark bulunmaktad\u0131r. Manken boyu: 1.75 m Mankenin \u00fczerindeki beden S bedendir. Hassas y\u0131kama program\u0131nda en fazla 30 derecede y\u0131kanmas\u0131 gerekmektedir.<\/p>\n<p>\u2014 Teknik Detaylar \u2014<br \/>\nSezon: KI\u015e<br \/>\nCinsiyet: Kad\u0131n<br \/>\nMalzeme: Pamuk<br \/>\nKuma\u015f \u0130\u00e7eri\u011fi: %100 Pamuk<br \/>\nKal\u0131p: Bol Kal\u0131p<br \/>\nKol Boyu: Uzun Kollu<br \/>\nYaka Tipi: Bisiklet Yaka<br \/>\nManken \u00d6l\u00e7\u00fcleri: 1,75 m<br \/>\nMankenin Giydi\u011fi Beden: S Beden<\/p>\n","protected":false},"excerpt":{"rendered":"<p>Kemerli ve ceplidir. Astars\u0131zd\u0131r, i\u00e7 g\u00f6stermez. Renk: Kiremit Mevsim: K\u0131\u015fl\u0131k \u2013 Baharl\u0131k \u0130\u00e7erik: %100 Pamuk Hafif bol kal\u0131pt\u0131r. Ceplidir. Kemerlidir. Boy: ortalama 135 cm Beden se\u00e7enekleri: S beden (34-36 uyumlu, g\u00f6\u011f\u00fcs: ortalama 112 cm) M beden (38-40 uyumlu) L beden (42-44 uyumlu) Not: Verilen \u00f6l\u00e7\u00fcler en k\u00fc\u00e7\u00fck bedene aittir, bedenler aras\u0131nda ortalama 4 cm fark bulunmaktad\u0131r. Manken boyu: 1.75 m Mankenin \u00fczerindeki beden S bedendir. Hassas y\u0131kama program\u0131nda en fazla 30 derecede y\u0131kanmas\u0131 gerekmektedir.<\/p>\n<p>\u2014 Teknik Detaylar \u2014<br \/>\nSezon: KI\u015e<br \/>\nCinsiyet: Kad\u0131n<br \/>\nMalzeme: Pamuk<br \/>\nKuma\u015f \u0130\u00e7eri\u011fi: %100 Pamuk<br \/>\nKal\u0131p: Bol Kal\u0131p<br \/>\nKol Boyu: Uzun Kollu<br \/>\nYaka Tipi: Bisiklet Yaka<br \/>\nManken \u00d6l\u00e7\u00fcleri: 1,75 m<br \/>\nMankenin Giydi\u011fi Beden: S Beden<\/p>\n","protected":false},"featured_media":40664,"comment_status":"open","ping_status":"closed","template":"","meta":[],"product_brand":[],"product_cat":[6249,1933],"product_tag":[],"class_list":{"0":"post-40678","1":"product","2":"type-product","3":"status-publish","4":"has-post-thumbnail","6":"product_cat-elbiseler","7":"product_cat-gunluk-ve-gunduz-elbiseleri","8":"pa_brand-minik-terzi","9":"pa_color-kiremit","10":"pa_size-l","11":"pa_size-m","12":"pa_size-s","14":"first","15":"instock","16":"shipping-taxable","17":"purchasable","18":"product-type-variable"},"_links":{"self":[{"href":"https:\/\/mod.wisdar.net\/tr\/wp-json\/wp\/v2\/product\/40678","targetHints":{"allow":["GET"]}}],"collection":[{"href":"https:\/\/mod.wisdar.net\/tr\/wp-json\/wp\/v2\/product"}],"about":[{"href":"https:\/\/mod.wisdar.net\/tr\/wp-json\/wp\/v2\/types\/product"}],"replies":[{"embeddable":true,"href":"https:\/\/mod.wisdar.net\/tr\/wp-json\/wp\/v2\/comments?post=40678"}],"wp:featuredmedia":[{"embeddable":true,"href":"https:\/\/mod.wisdar.net\/tr\/wp-json\/wp\/v2\/media\/40664"}],"wp:attachment":[{"href":"https:\/\/mod.wisdar.net\/tr\/wp-json\/wp\/v2\/media?parent=40678"}],"wp:term":[{"taxonomy":"product_brand","embeddable":true,"href":"https:\/\/mod.wisdar.net\/tr\/wp-json\/wp\/v2\/product_brand?post=40678"},{"taxonomy":"product_cat","embeddable":true,"href":"https:\/\/mod.wisdar.net\/tr\/wp-json\/wp\/v2\/product_cat?post=40678"},{"taxonomy":"product_tag","embeddable":true,"href":"https:\/\/mod.wisdar.net\/tr\/wp-json\/wp\/v2\/product_tag?post=40678"}],"curies":[{"name":"wp","href":"https:\/\/api.w.org\/{rel}","templated":true}]}}