{"id":40772,"date":"2025-12-16T16:40:39","date_gmt":"2025-12-16T16:40:39","guid":{"rendered":"https:\/\/modesthanim.com\/product\/cep-kapakli-merserize-lacivert-hirka\/"},"modified":"2026-03-29T20:40:46","modified_gmt":"2026-03-29T20:40:46","slug":"cep-kapakli-merserize-lacivert-hirka","status":"publish","type":"product","link":"https:\/\/mod.wisdar.net\/tr\/urun\/cep-kapakli-merserize-lacivert-hirka\/","title":{"rendered":"Cep Kapakl\u0131 Merserize Lacivert H\u0131rka"},"content":{"rendered":"<p>CEP KAPAKLI MERSER\u0130ZE LAC\u0130VERT HIRKA \u00d6ZELL\u0130KLER\u0130D\u00fc\u011fmeli, cep kapal\u0131, apolet detayl\u0131, tam kal\u0131p, k\u0131sa merserize h\u0131rka.Kuma\u015f \u0130\u00e7eri\u011fi ve Y\u0131kama Talimat:%60 Viscon %40 PesMaksimum 30 derecede hassas y\u0131kama yap\u0131n\u0131z. Sentetik ve narin programlar\u0131 ile y\u0131kama yap\u0131n\u0131z.Manken \u00dcr\u00fcn Bedeni: SManken \u00d6l\u00e7\u00fcleri: Boy: 1.74 cm, G\u00f6\u011f\u00fcs: 78 cm, Bel: 58 cm, Basen: 87 cm<\/p>\n","protected":false},"excerpt":{"rendered":"<p>CEP KAPAKLI MERSER\u0130ZE LAC\u0130VERT HIRKA \u00d6ZELL\u0130KLER\u0130D\u00fc\u011fmeli, cep kapal\u0131, apolet detayl\u0131, tam kal\u0131p, k\u0131sa merserize h\u0131rka.Kuma\u015f \u0130\u00e7eri\u011fi ve Y\u0131kama Talimat:%60 Viscon %40 PesMaksimum 30 derecede hassas y\u0131kama yap\u0131n\u0131z. Sentetik ve narin programlar\u0131 ile y\u0131kama yap\u0131n\u0131z.Manken \u00dcr\u00fcn Bedeni: SManken \u00d6l\u00e7\u00fcleri: Boy: 1.74 cm, G\u00f6\u011f\u00fcs: 78 cm, Bel: 58 cm, Basen: 87 cm<\/p>\n","protected":false},"featured_media":40765,"comment_status":"open","ping_status":"closed","template":"","meta":[],"product_brand":[],"product_cat":[1909],"product_tag":[7308,7238,7021],"class_list":{"0":"post-40772","1":"product","2":"type-product","3":"status-publish","4":"has-post-thumbnail","6":"product_cat-bluzlar-ve-gomlekler","7":"product_tag-hirka","8":"product_tag-lacivert","9":"product_tag-polyester","10":"pa_brand-hooopstore","11":"pa_color-lacivert","12":"pa_size-large","13":"pa_size-medium","14":"pa_size-small","16":"first","17":"instock","18":"sale","19":"shipping-taxable","20":"purchasable","21":"product-type-variable"},"_links":{"self":[{"href":"https:\/\/mod.wisdar.net\/tr\/wp-json\/wp\/v2\/product\/40772","targetHints":{"allow":["GET"]}}],"collection":[{"href":"https:\/\/mod.wisdar.net\/tr\/wp-json\/wp\/v2\/product"}],"about":[{"href":"https:\/\/mod.wisdar.net\/tr\/wp-json\/wp\/v2\/types\/product"}],"replies":[{"embeddable":true,"href":"https:\/\/mod.wisdar.net\/tr\/wp-json\/wp\/v2\/comments?post=40772"}],"wp:featuredmedia":[{"embeddable":true,"href":"https:\/\/mod.wisdar.net\/tr\/wp-json\/wp\/v2\/media\/40765"}],"wp:attachment":[{"href":"https:\/\/mod.wisdar.net\/tr\/wp-json\/wp\/v2\/media?parent=40772"}],"wp:term":[{"taxonomy":"product_brand","embeddable":true,"href":"https:\/\/mod.wisdar.net\/tr\/wp-json\/wp\/v2\/product_brand?post=40772"},{"taxonomy":"product_cat","embeddable":true,"href":"https:\/\/mod.wisdar.net\/tr\/wp-json\/wp\/v2\/product_cat?post=40772"},{"taxonomy":"product_tag","embeddable":true,"href":"https:\/\/mod.wisdar.net\/tr\/wp-json\/wp\/v2\/product_tag?post=40772"}],"curies":[{"name":"wp","href":"https:\/\/api.w.org\/{rel}","templated":true}]}}