{"id":40814,"date":"2025-12-16T17:14:41","date_gmt":"2025-12-16T17:14:41","guid":{"rendered":"https:\/\/modesthanim.com\/product\/suet-kemer-detayli-pelerin-siyah-kaban\/"},"modified":"2026-02-19T21:42:07","modified_gmt":"2026-02-19T21:42:07","slug":"suet-kemer-detayli-pelerin-siyah-kaban","status":"publish","type":"product","link":"https:\/\/mod.wisdar.net\/tr\/urun\/suet-kemer-detayli-pelerin-siyah-kaban\/","title":{"rendered":"S\u00fcet Kemer Detayl\u0131 Pelerin Siyah Kaban"},"content":{"rendered":"<p>S\u00dcET KEMER DETAYLI PELER\u0130N S\u0130YAH KABAN \u00d6ZELL\u0130KLER\u0130 G\u00f6mlek yakal\u0131, bir adet d\u00fc\u011fme kapamal\u0131, s\u00fcet kemer aksesuarl\u0131, oversize kal\u0131p, astars\u0131z s\u00fcet kemer detayl\u0131 pelerin kaban. \u0130\u00c7ER\u0130\u011e\u0130 VE YIKANMASI %100 Pes Kuru temizleme \u00f6nerilir. El ile \u00f6l\u00e7\u00fcmlerde 2-3 cm farkl\u0131l\u0131k g\u00f6sterebilir. Manken Bedeni: STD Manken \u00d6l\u00e7\u00fcs\u00fc: Boy: 1.74 cm, G\u00f6\u011f\u00fcs: 78 cm, Bel: 58 cm, Basen: 87 cm<\/p>\n","protected":false},"excerpt":{"rendered":"<p>S\u00dcET KEMER DETAYLI PELER\u0130N S\u0130YAH KABAN \u00d6ZELL\u0130KLER\u0130 G\u00f6mlek yakal\u0131, bir adet d\u00fc\u011fme kapamal\u0131, s\u00fcet kemer aksesuarl\u0131, oversize kal\u0131p, astars\u0131z s\u00fcet kemer detayl\u0131 pelerin kaban. \u0130\u00c7ER\u0130\u011e\u0130 VE YIKANMASI %100 Pes Kuru temizleme \u00f6nerilir. El ile \u00f6l\u00e7\u00fcmlerde 2-3 cm farkl\u0131l\u0131k g\u00f6sterebilir. Manken Bedeni: STD Manken \u00d6l\u00e7\u00fcs\u00fc: Boy: 1.74 cm, G\u00f6\u011f\u00fcs: 78 cm, Bel: 58 cm, Basen: 87 cm<\/p>\n","protected":false},"featured_media":40805,"comment_status":"open","ping_status":"closed","template":"","meta":[],"product_brand":[],"product_cat":[2047],"product_tag":[7960,6311],"class_list":{"0":"post-40814","1":"product","2":"type-product","3":"status-publish","4":"has-post-thumbnail","6":"product_cat-paltolar","7":"product_tag-kadin-dis-giyim","8":"product_tag-winter-coat","9":"pa_brand-hooopstore","10":"pa_color-siyah","11":"pa_size-standart","13":"first","14":"outofstock","15":"shipping-taxable","16":"product-type-variable"},"_links":{"self":[{"href":"https:\/\/mod.wisdar.net\/tr\/wp-json\/wp\/v2\/product\/40814","targetHints":{"allow":["GET"]}}],"collection":[{"href":"https:\/\/mod.wisdar.net\/tr\/wp-json\/wp\/v2\/product"}],"about":[{"href":"https:\/\/mod.wisdar.net\/tr\/wp-json\/wp\/v2\/types\/product"}],"replies":[{"embeddable":true,"href":"https:\/\/mod.wisdar.net\/tr\/wp-json\/wp\/v2\/comments?post=40814"}],"wp:featuredmedia":[{"embeddable":true,"href":"https:\/\/mod.wisdar.net\/tr\/wp-json\/wp\/v2\/media\/40805"}],"wp:attachment":[{"href":"https:\/\/mod.wisdar.net\/tr\/wp-json\/wp\/v2\/media?parent=40814"}],"wp:term":[{"taxonomy":"product_brand","embeddable":true,"href":"https:\/\/mod.wisdar.net\/tr\/wp-json\/wp\/v2\/product_brand?post=40814"},{"taxonomy":"product_cat","embeddable":true,"href":"https:\/\/mod.wisdar.net\/tr\/wp-json\/wp\/v2\/product_cat?post=40814"},{"taxonomy":"product_tag","embeddable":true,"href":"https:\/\/mod.wisdar.net\/tr\/wp-json\/wp\/v2\/product_tag?post=40814"}],"curies":[{"name":"wp","href":"https:\/\/api.w.org\/{rel}","templated":true}]}}