{"id":40847,"date":"2025-12-16T17:15:27","date_gmt":"2025-12-16T17:15:27","guid":{"rendered":"https:\/\/modesthanim.com\/product\/asimetrik-kesim-pelerin-yaka-bordo-kaban\/"},"modified":"2026-02-19T21:41:42","modified_gmt":"2026-02-19T21:41:42","slug":"asimetrik-kesim-pelerin-yaka-bordo-kaban","status":"publish","type":"product","link":"https:\/\/mod.wisdar.net\/tr\/urun\/asimetrik-kesim-pelerin-yaka-bordo-kaban\/","title":{"rendered":"Asimetrik Kesim Pelerin Yaka Bordo Kaban"},"content":{"rendered":"<p>AS\u0130METR\u0130K KES\u0130M PELER\u0130N YAKA BORDO KABAN \u00d6ZELL\u0130KLER\u0130 Bisiklet yaka, yandan y\u0131rtma\u00e7l\u0131, pelerin \u015fal yaka detayl\u0131, rahat kal\u0131p, yumu\u015fak dokuya sahip, astars\u0131z asimetrik kesim pelerin yaka kaban. \u0130\u00c7ER\u0130\u011e\u0130 VE YIKANMASI %100 Pes Kuru temizleme \u00f6nerilir. El ile \u00f6l\u00e7\u00fcmlerde 2-3 cm farkl\u0131l\u0131k g\u00f6sterebilir. Manken Bedeni: S-M Manken \u00d6l\u00e7\u00fcs\u00fc: Boy: 1.74 cm, G\u00f6\u011f\u00fcs: 78 cm, Bel: 58 cm, Basen: 87 cm<\/p>\n","protected":false},"excerpt":{"rendered":"<p>AS\u0130METR\u0130K KES\u0130M PELER\u0130N YAKA BORDO KABAN \u00d6ZELL\u0130KLER\u0130 Bisiklet yaka, yandan y\u0131rtma\u00e7l\u0131, pelerin \u015fal yaka detayl\u0131, rahat kal\u0131p, yumu\u015fak dokuya sahip, astars\u0131z asimetrik kesim pelerin yaka kaban. \u0130\u00c7ER\u0130\u011e\u0130 VE YIKANMASI %100 Pes Kuru temizleme \u00f6nerilir. El ile \u00f6l\u00e7\u00fcmlerde 2-3 cm farkl\u0131l\u0131k g\u00f6sterebilir. Manken Bedeni: S-M Manken \u00d6l\u00e7\u00fcs\u00fc: Boy: 1.74 cm, G\u00f6\u011f\u00fcs: 78 cm, Bel: 58 cm, Basen: 87 cm<\/p>\n","protected":false},"featured_media":40840,"comment_status":"open","ping_status":"closed","template":"","meta":[],"product_brand":[],"product_cat":[2047],"product_tag":[],"class_list":{"0":"post-40847","1":"product","2":"type-product","3":"status-publish","4":"has-post-thumbnail","6":"product_cat-paltolar","7":"pa_brand-hooopstore","8":"pa_color-bordo","9":"pa_size-l-xl-2","10":"pa_size-s-m","12":"first","13":"outofstock","14":"shipping-taxable","15":"product-type-variable"},"_links":{"self":[{"href":"https:\/\/mod.wisdar.net\/tr\/wp-json\/wp\/v2\/product\/40847","targetHints":{"allow":["GET"]}}],"collection":[{"href":"https:\/\/mod.wisdar.net\/tr\/wp-json\/wp\/v2\/product"}],"about":[{"href":"https:\/\/mod.wisdar.net\/tr\/wp-json\/wp\/v2\/types\/product"}],"replies":[{"embeddable":true,"href":"https:\/\/mod.wisdar.net\/tr\/wp-json\/wp\/v2\/comments?post=40847"}],"wp:featuredmedia":[{"embeddable":true,"href":"https:\/\/mod.wisdar.net\/tr\/wp-json\/wp\/v2\/media\/40840"}],"wp:attachment":[{"href":"https:\/\/mod.wisdar.net\/tr\/wp-json\/wp\/v2\/media?parent=40847"}],"wp:term":[{"taxonomy":"product_brand","embeddable":true,"href":"https:\/\/mod.wisdar.net\/tr\/wp-json\/wp\/v2\/product_brand?post=40847"},{"taxonomy":"product_cat","embeddable":true,"href":"https:\/\/mod.wisdar.net\/tr\/wp-json\/wp\/v2\/product_cat?post=40847"},{"taxonomy":"product_tag","embeddable":true,"href":"https:\/\/mod.wisdar.net\/tr\/wp-json\/wp\/v2\/product_tag?post=40847"}],"curies":[{"name":"wp","href":"https:\/\/api.w.org\/{rel}","templated":true}]}}