{"id":40907,"date":"2025-12-16T17:17:11","date_gmt":"2025-12-16T17:17:11","guid":{"rendered":"https:\/\/modesthanim.com\/product\/anvelop-baglama-sisme-kahve-mont\/"},"modified":"2026-01-14T20:14:04","modified_gmt":"2026-01-14T20:14:04","slug":"anvelop-baglama-sisme-kahve-mont","status":"publish","type":"product","link":"https:\/\/mod.wisdar.net\/tr\/urun\/anvelop-baglama-sisme-kahve-mont\/","title":{"rendered":"Anvelop Ba\u011flama \u015ei\u015fme Kahve Mont"},"content":{"rendered":"<p>ANVELOP BA\u011eLAMA \u015e\u0130\u015eME KAHVE MONT \u00d6ZELL\u0130KLER\u0130 Kimono yakal\u0131, ba\u011flama detayl\u0131, d\u00fc\u015f\u00fck omuz, gizli cep detayl\u0131, rahat kal\u0131p, astars\u0131z anvelop ba\u011flama \u015fi\u015fme mont. \u0130\u00c7ER\u0130\u011e\u0130 VE YIKANMASI %100 Pes Kuru temizleme \u00f6nerilir. El ile \u00f6l\u00e7\u00fcmlerde 2-3 cm farkl\u0131l\u0131k g\u00f6sterebilir. Manken Bedeni: S-M Manken \u00d6l\u00e7\u00fcs\u00fc: 1.74 cm, G\u00f6\u011f\u00fcs: 78 cm, Bel: 58 cm, Basen: 87 cm<\/p>\n","protected":false},"excerpt":{"rendered":"<p>ANVELOP BA\u011eLAMA \u015e\u0130\u015eME KAHVE MONT \u00d6ZELL\u0130KLER\u0130 Kimono yakal\u0131, ba\u011flama detayl\u0131, d\u00fc\u015f\u00fck omuz, gizli cep detayl\u0131, rahat kal\u0131p, astars\u0131z anvelop ba\u011flama \u015fi\u015fme mont. \u0130\u00c7ER\u0130\u011e\u0130 VE YIKANMASI %100 Pes Kuru temizleme \u00f6nerilir. El ile \u00f6l\u00e7\u00fcmlerde 2-3 cm farkl\u0131l\u0131k g\u00f6sterebilir. Manken Bedeni: S-M Manken \u00d6l\u00e7\u00fcs\u00fc: 1.74 cm, G\u00f6\u011f\u00fcs: 78 cm, Bel: 58 cm, Basen: 87 cm<\/p>\n","protected":false},"featured_media":40894,"comment_status":"open","ping_status":"closed","template":"","meta":[],"product_brand":[],"product_cat":[2047],"product_tag":[8326,6840,7021,5016],"class_list":{"0":"post-40907","1":"product","2":"type-product","3":"status-publish","4":"has-post-thumbnail","6":"product_cat-paltolar","7":"product_tag-gizli-cep","8":"product_tag-kahve-rengi","9":"product_tag-polyester","10":"product_tag-unlined","11":"pa_brand-hooopstore","12":"pa_color-kahve","13":"pa_size-l-xl-2","14":"pa_size-s-m","16":"first","17":"instock","18":"sale","19":"shipping-taxable","20":"purchasable","21":"product-type-variable"},"_links":{"self":[{"href":"https:\/\/mod.wisdar.net\/tr\/wp-json\/wp\/v2\/product\/40907","targetHints":{"allow":["GET"]}}],"collection":[{"href":"https:\/\/mod.wisdar.net\/tr\/wp-json\/wp\/v2\/product"}],"about":[{"href":"https:\/\/mod.wisdar.net\/tr\/wp-json\/wp\/v2\/types\/product"}],"replies":[{"embeddable":true,"href":"https:\/\/mod.wisdar.net\/tr\/wp-json\/wp\/v2\/comments?post=40907"}],"wp:featuredmedia":[{"embeddable":true,"href":"https:\/\/mod.wisdar.net\/tr\/wp-json\/wp\/v2\/media\/40894"}],"wp:attachment":[{"href":"https:\/\/mod.wisdar.net\/tr\/wp-json\/wp\/v2\/media?parent=40907"}],"wp:term":[{"taxonomy":"product_brand","embeddable":true,"href":"https:\/\/mod.wisdar.net\/tr\/wp-json\/wp\/v2\/product_brand?post=40907"},{"taxonomy":"product_cat","embeddable":true,"href":"https:\/\/mod.wisdar.net\/tr\/wp-json\/wp\/v2\/product_cat?post=40907"},{"taxonomy":"product_tag","embeddable":true,"href":"https:\/\/mod.wisdar.net\/tr\/wp-json\/wp\/v2\/product_tag?post=40907"}],"curies":[{"name":"wp","href":"https:\/\/api.w.org\/{rel}","templated":true}]}}