{"id":40927,"date":"2025-12-16T17:17:32","date_gmt":"2025-12-16T17:17:32","guid":{"rendered":"https:\/\/modesthanim.com\/product\/anvelop-baglamali-kapitone-lacivert-mont\/"},"modified":"2026-01-14T20:15:36","modified_gmt":"2026-01-14T20:15:36","slug":"anvelop-baglamali-kapitone-lacivert-mont","status":"publish","type":"product","link":"https:\/\/mod.wisdar.net\/tr\/urun\/anvelop-baglamali-kapitone-lacivert-mont\/","title":{"rendered":"Anvelop Ba\u011flamal\u0131 Kapitone Lacivert Mont"},"content":{"rendered":"<p>ANVELOP BA\u011eLAMALI KAP\u0130TONE LAC\u0130VERT MONT \u00d6ZELL\u0130KLER\u0130<br \/>\nKimono yakal\u0131, ba\u011flamal\u0131, cep detayl\u0131, rahat kal\u0131p, astarl\u0131 anvelop ba\u011flamal\u0131 kapitone mont.<br \/>\n\u0130\u00c7ER\u0130\u011e\u0130 VE YIKANMASI<br \/>\n%100 Pes<br \/>\nKuru temizleme \u00f6nerilir.<br \/>\nEl ile \u00f6l\u00e7\u00fcmlerde 2-3 cm farkl\u0131l\u0131k g\u00f6sterebilir.<br \/>\nManken Bedeni: SM<br \/>\nManken \u00d6l\u00e7\u00fcs\u00fc: Boy: 1.74 cm, G\u00f6\u011f\u00fcs: 78 cm, Bel: 58 cm, Basen: 87 cm<\/p>\n","protected":false},"excerpt":{"rendered":"<p>ANVELOP BA\u011eLAMALI KAP\u0130TONE LAC\u0130VERT MONT \u00d6ZELL\u0130KLER\u0130<br \/>\nKimono yakal\u0131, ba\u011flamal\u0131, cep detayl\u0131, rahat kal\u0131p, astarl\u0131 anvelop ba\u011flamal\u0131 kapitone mont.<br \/>\n\u0130\u00c7ER\u0130\u011e\u0130 VE YIKANMASI<br \/>\n%100 Pes<br \/>\nKuru temizleme \u00f6nerilir.<br \/>\nEl ile \u00f6l\u00e7\u00fcmlerde 2-3 cm farkl\u0131l\u0131k g\u00f6sterebilir.<br \/>\nManken Bedeni: SM<br \/>\nManken \u00d6l\u00e7\u00fcs\u00fc: Boy: 1.74 cm, G\u00f6\u011f\u00fcs: 78 cm, Bel: 58 cm, Basen: 87 cm<\/p>\n","protected":false},"featured_media":40920,"comment_status":"open","ping_status":"closed","template":"","meta":[],"product_brand":[],"product_cat":[2047],"product_tag":[7960,6314,6311],"class_list":{"0":"post-40927","1":"product","2":"type-product","3":"status-publish","4":"has-post-thumbnail","6":"product_cat-paltolar","7":"product_tag-kadin-dis-giyim","8":"product_tag-quilted-coat","9":"product_tag-winter-coat","10":"pa_brand-hooopstore","11":"pa_color-lacivert","12":"pa_size-l-xl-2","13":"pa_size-s-m","15":"first","16":"instock","17":"shipping-taxable","18":"purchasable","19":"product-type-variable"},"_links":{"self":[{"href":"https:\/\/mod.wisdar.net\/tr\/wp-json\/wp\/v2\/product\/40927","targetHints":{"allow":["GET"]}}],"collection":[{"href":"https:\/\/mod.wisdar.net\/tr\/wp-json\/wp\/v2\/product"}],"about":[{"href":"https:\/\/mod.wisdar.net\/tr\/wp-json\/wp\/v2\/types\/product"}],"replies":[{"embeddable":true,"href":"https:\/\/mod.wisdar.net\/tr\/wp-json\/wp\/v2\/comments?post=40927"}],"wp:featuredmedia":[{"embeddable":true,"href":"https:\/\/mod.wisdar.net\/tr\/wp-json\/wp\/v2\/media\/40920"}],"wp:attachment":[{"href":"https:\/\/mod.wisdar.net\/tr\/wp-json\/wp\/v2\/media?parent=40927"}],"wp:term":[{"taxonomy":"product_brand","embeddable":true,"href":"https:\/\/mod.wisdar.net\/tr\/wp-json\/wp\/v2\/product_brand?post=40927"},{"taxonomy":"product_cat","embeddable":true,"href":"https:\/\/mod.wisdar.net\/tr\/wp-json\/wp\/v2\/product_cat?post=40927"},{"taxonomy":"product_tag","embeddable":true,"href":"https:\/\/mod.wisdar.net\/tr\/wp-json\/wp\/v2\/product_tag?post=40927"}],"curies":[{"name":"wp","href":"https:\/\/api.w.org\/{rel}","templated":true}]}}