{"id":41065,"date":"2025-12-16T17:19:56","date_gmt":"2025-12-16T17:19:56","guid":{"rendered":"https:\/\/modesthanim.com\/product\/pelus-yesil-kaban\/"},"modified":"2026-01-14T20:15:03","modified_gmt":"2026-01-14T20:15:03","slug":"pelus-yesil-kaban","status":"publish","type":"product","link":"https:\/\/mod.wisdar.net\/tr\/urun\/pelus-yesil-kaban\/","title":{"rendered":"Pelu\u015f Ye\u015fil Kaban"},"content":{"rendered":"<p>Pelu\u015f Kaban \u00d6zellikleri<br \/>\n\u00d6nden fermuar kapamal\u0131, yakal\u0131, \u00f6nden fermuar kapama cepli, astarl\u0131, t\u00fcy d\u00f6kme yapmayan pel\u00fc\u015f kaban.<br \/>\n%100 Pes<br \/>\nYaln\u0131zca kuru temizleme yap\u0131n\u0131z. \u00dcr\u00fcne kesinlikle \u00fct\u00fc vurmay\u0131n\u0131z.<\/p>\n","protected":false},"excerpt":{"rendered":"<p>Pelu\u015f Kaban \u00d6zellikleri<br \/>\n\u00d6nden fermuar kapamal\u0131, yakal\u0131, \u00f6nden fermuar kapama cepli, astarl\u0131, t\u00fcy d\u00f6kme yapmayan pel\u00fc\u015f kaban.<br \/>\n%100 Pes<br \/>\nYaln\u0131zca kuru temizleme yap\u0131n\u0131z. \u00dcr\u00fcne kesinlikle \u00fct\u00fc vurmay\u0131n\u0131z.<\/p>\n","protected":false},"featured_media":41057,"comment_status":"open","ping_status":"closed","template":"","meta":[],"product_brand":[],"product_cat":[2047],"product_tag":[],"class_list":{"0":"post-41065","1":"product","2":"type-product","3":"status-publish","4":"has-post-thumbnail","6":"product_cat-paltolar","7":"pa_brand-hooopstore","8":"pa_color-yesil","9":"pa_size-m-l","10":"pa_size-s-m","12":"first","13":"instock","14":"sale","15":"shipping-taxable","16":"purchasable","17":"product-type-variable"},"_links":{"self":[{"href":"https:\/\/mod.wisdar.net\/tr\/wp-json\/wp\/v2\/product\/41065","targetHints":{"allow":["GET"]}}],"collection":[{"href":"https:\/\/mod.wisdar.net\/tr\/wp-json\/wp\/v2\/product"}],"about":[{"href":"https:\/\/mod.wisdar.net\/tr\/wp-json\/wp\/v2\/types\/product"}],"replies":[{"embeddable":true,"href":"https:\/\/mod.wisdar.net\/tr\/wp-json\/wp\/v2\/comments?post=41065"}],"wp:featuredmedia":[{"embeddable":true,"href":"https:\/\/mod.wisdar.net\/tr\/wp-json\/wp\/v2\/media\/41057"}],"wp:attachment":[{"href":"https:\/\/mod.wisdar.net\/tr\/wp-json\/wp\/v2\/media?parent=41065"}],"wp:term":[{"taxonomy":"product_brand","embeddable":true,"href":"https:\/\/mod.wisdar.net\/tr\/wp-json\/wp\/v2\/product_brand?post=41065"},{"taxonomy":"product_cat","embeddable":true,"href":"https:\/\/mod.wisdar.net\/tr\/wp-json\/wp\/v2\/product_cat?post=41065"},{"taxonomy":"product_tag","embeddable":true,"href":"https:\/\/mod.wisdar.net\/tr\/wp-json\/wp\/v2\/product_tag?post=41065"}],"curies":[{"name":"wp","href":"https:\/\/api.w.org\/{rel}","templated":true}]}}