{"id":41124,"date":"2025-12-16T17:20:38","date_gmt":"2025-12-16T17:20:38","guid":{"rendered":"https:\/\/modesthanim.com\/product\/punto-dikisli-kiremit-kaban\/"},"modified":"2026-03-29T20:51:26","modified_gmt":"2026-03-29T20:51:26","slug":"punto-dikisli-kiremit-kaban","status":"publish","type":"product","link":"https:\/\/mod.wisdar.net\/tr\/urun\/punto-dikisli-kiremit-kaban\/","title":{"rendered":"Punto Diki\u015fli Kiremit Kaban"},"content":{"rendered":"<p>PUNTO D\u0130K\u0130\u015eL\u0130 K\u0130REM\u0130T KABAN \u00d6ZELL\u0130KLER\u0130<br \/>\nKruvaze yaka, d\u00fc\u011fme kapamal\u0131, b\u00fcy\u00fck cep detayl\u0131, kendi kuma\u015f\u0131ndan ku\u015fakl\u0131, rahat kal\u0131p, astarl\u0131 punto diki\u015fli kaban.<br \/>\n\u0130\u00c7ER\u0130\u011e\u0130 VE YIKANMASI<br \/>\n%76 Polyester %24 Viskon<br \/>\nKuru temizleme \u00f6nerilir.<br \/>\nEl ile \u00f6l\u00e7\u00fcmlerde 2-3 cm farkl\u0131l\u0131k g\u00f6sterebilir.<br \/>\nManken Bedeni: S-M<\/p>\n","protected":false},"excerpt":{"rendered":"<p>PUNTO D\u0130K\u0130\u015eL\u0130 K\u0130REM\u0130T KABAN \u00d6ZELL\u0130KLER\u0130<br \/>\nKruvaze yaka, d\u00fc\u011fme kapamal\u0131, b\u00fcy\u00fck cep detayl\u0131, kendi kuma\u015f\u0131ndan ku\u015fakl\u0131, rahat kal\u0131p, astarl\u0131 punto diki\u015fli kaban.<br \/>\n\u0130\u00c7ER\u0130\u011e\u0130 VE YIKANMASI<br \/>\n%76 Polyester %24 Viskon<br \/>\nKuru temizleme \u00f6nerilir.<br \/>\nEl ile \u00f6l\u00e7\u00fcmlerde 2-3 cm farkl\u0131l\u0131k g\u00f6sterebilir.<br \/>\nManken Bedeni: S-M<\/p>\n","protected":false},"featured_media":41114,"comment_status":"open","ping_status":"closed","template":"","meta":[],"product_brand":[],"product_cat":[2047],"product_tag":[],"class_list":{"0":"post-41124","1":"product","2":"type-product","3":"status-publish","4":"has-post-thumbnail","6":"product_cat-paltolar","7":"pa_brand-hooopstore","8":"pa_color-kiremit","9":"pa_size-m-l","10":"pa_size-s-m","12":"first","13":"instock","14":"sale","15":"shipping-taxable","16":"purchasable","17":"product-type-variable"},"_links":{"self":[{"href":"https:\/\/mod.wisdar.net\/tr\/wp-json\/wp\/v2\/product\/41124","targetHints":{"allow":["GET"]}}],"collection":[{"href":"https:\/\/mod.wisdar.net\/tr\/wp-json\/wp\/v2\/product"}],"about":[{"href":"https:\/\/mod.wisdar.net\/tr\/wp-json\/wp\/v2\/types\/product"}],"replies":[{"embeddable":true,"href":"https:\/\/mod.wisdar.net\/tr\/wp-json\/wp\/v2\/comments?post=41124"}],"wp:featuredmedia":[{"embeddable":true,"href":"https:\/\/mod.wisdar.net\/tr\/wp-json\/wp\/v2\/media\/41114"}],"wp:attachment":[{"href":"https:\/\/mod.wisdar.net\/tr\/wp-json\/wp\/v2\/media?parent=41124"}],"wp:term":[{"taxonomy":"product_brand","embeddable":true,"href":"https:\/\/mod.wisdar.net\/tr\/wp-json\/wp\/v2\/product_brand?post=41124"},{"taxonomy":"product_cat","embeddable":true,"href":"https:\/\/mod.wisdar.net\/tr\/wp-json\/wp\/v2\/product_cat?post=41124"},{"taxonomy":"product_tag","embeddable":true,"href":"https:\/\/mod.wisdar.net\/tr\/wp-json\/wp\/v2\/product_tag?post=41124"}],"curies":[{"name":"wp","href":"https:\/\/api.w.org\/{rel}","templated":true}]}}