{"id":41159,"date":"2025-12-16T17:21:08","date_gmt":"2025-12-16T17:21:08","guid":{"rendered":"https:\/\/modesthanim.com\/product\/kruvaze-yaka-fume-kaban\/"},"modified":"2026-04-10T06:33:00","modified_gmt":"2026-04-10T06:33:00","slug":"kruvaze-yaka-fume-kaban","status":"publish","type":"product","link":"https:\/\/mod.wisdar.net\/tr\/urun\/kruvaze-yaka-fume-kaban\/","title":{"rendered":"Kruvaze Yaka F\u00fcme Kaban"},"content":{"rendered":"<p>Kruvaze Yaka Kaban \u00d6zellikleri<br \/>\nKruvaze kapama, geni\u015f yakal\u0131, yanlardan cepli, oversize, yumu\u015fak dokulu, premium astarl\u0131 kaban.<br \/>\n%100 Pes<br \/>\nYaln\u0131zca kuru temizleme yap\u0131n\u0131z.<\/p>\n","protected":false},"excerpt":{"rendered":"<p>Kruvaze Yaka Kaban \u00d6zellikleri<br \/>\nKruvaze kapama, geni\u015f yakal\u0131, yanlardan cepli, oversize, yumu\u015fak dokulu, premium astarl\u0131 kaban.<br \/>\n%100 Pes<br \/>\nYaln\u0131zca kuru temizleme yap\u0131n\u0131z.<\/p>\n","protected":false},"featured_media":41151,"comment_status":"open","ping_status":"closed","template":"","meta":[],"product_brand":[],"product_cat":[2047],"product_tag":[5010,8108,4999,7327,8450],"class_list":{"0":"post-41159","1":"product","2":"type-product","3":"status-publish","4":"has-post-thumbnail","6":"product_cat-paltolar","7":"product_tag-coat","8":"product_tag-kis","9":"product_tag-outerwear","10":"product_tag-oversize","11":"product_tag-premium","12":"pa_brand-hooopstore","13":"pa_color-fume-rengi","14":"pa_size-m-l","15":"pa_size-s-m","17":"first","18":"instock","19":"sale","20":"shipping-taxable","21":"purchasable","22":"product-type-variable"},"_links":{"self":[{"href":"https:\/\/mod.wisdar.net\/tr\/wp-json\/wp\/v2\/product\/41159","targetHints":{"allow":["GET"]}}],"collection":[{"href":"https:\/\/mod.wisdar.net\/tr\/wp-json\/wp\/v2\/product"}],"about":[{"href":"https:\/\/mod.wisdar.net\/tr\/wp-json\/wp\/v2\/types\/product"}],"replies":[{"embeddable":true,"href":"https:\/\/mod.wisdar.net\/tr\/wp-json\/wp\/v2\/comments?post=41159"}],"wp:featuredmedia":[{"embeddable":true,"href":"https:\/\/mod.wisdar.net\/tr\/wp-json\/wp\/v2\/media\/41151"}],"wp:attachment":[{"href":"https:\/\/mod.wisdar.net\/tr\/wp-json\/wp\/v2\/media?parent=41159"}],"wp:term":[{"taxonomy":"product_brand","embeddable":true,"href":"https:\/\/mod.wisdar.net\/tr\/wp-json\/wp\/v2\/product_brand?post=41159"},{"taxonomy":"product_cat","embeddable":true,"href":"https:\/\/mod.wisdar.net\/tr\/wp-json\/wp\/v2\/product_cat?post=41159"},{"taxonomy":"product_tag","embeddable":true,"href":"https:\/\/mod.wisdar.net\/tr\/wp-json\/wp\/v2\/product_tag?post=41159"}],"curies":[{"name":"wp","href":"https:\/\/api.w.org\/{rel}","templated":true}]}}