{"id":41230,"date":"2025-12-16T17:33:08","date_gmt":"2025-12-16T17:33:08","guid":{"rendered":"https:\/\/modesthanim.com\/product\/premium-kruvaze-kahve-trenckot\/"},"modified":"2026-01-14T20:15:55","modified_gmt":"2026-01-14T20:15:55","slug":"premium-kruvaze-kahve-trenckot","status":"publish","type":"product","link":"https:\/\/mod.wisdar.net\/tr\/urun\/premium-kruvaze-kahve-trenckot\/","title":{"rendered":"Premium Kruvaze Kahve Tren\u00e7kot"},"content":{"rendered":"<p>Premium Kruvaze Tren\u00e7kot \u00d6zellikleri<br \/>\nKruvaze kapama, reglan kol, r\u00fczgarl\u0131k ve apolet detayl\u0131, geni\u015f kal\u0131p, yanlardan cepli, kendi kuma\u015f\u0131ndan kemerli, arkadan y\u0131rtma\u00e7l\u0131, astarl\u0131, maxi boy y\u00fcn dokuma efektli tren\u00e7kot.<br \/>\n%64 Pes %32 Viskon %4 Elasten<br \/>\nYaln\u0131zca kuru temizleme yap\u0131n\u0131z.<\/p>\n","protected":false},"excerpt":{"rendered":"<p>Premium Kruvaze Tren\u00e7kot \u00d6zellikleri<br \/>\nKruvaze kapama, reglan kol, r\u00fczgarl\u0131k ve apolet detayl\u0131, geni\u015f kal\u0131p, yanlardan cepli, kendi kuma\u015f\u0131ndan kemerli, arkadan y\u0131rtma\u00e7l\u0131, astarl\u0131, maxi boy y\u00fcn dokuma efektli tren\u00e7kot.<br \/>\n%64 Pes %32 Viskon %4 Elasten<br \/>\nYaln\u0131zca kuru temizleme yap\u0131n\u0131z.<\/p>\n","protected":false},"featured_media":41216,"comment_status":"open","ping_status":"closed","template":"","meta":[],"product_brand":[],"product_cat":[2047],"product_tag":[],"class_list":{"0":"post-41230","1":"product","2":"type-product","3":"status-publish","4":"has-post-thumbnail","6":"product_cat-paltolar","7":"pa_brand-hooopstore","8":"pa_color-kahve","9":"pa_size-m-l","10":"pa_size-s-m","12":"first","13":"instock","14":"sale","15":"shipping-taxable","16":"purchasable","17":"product-type-variable"},"_links":{"self":[{"href":"https:\/\/mod.wisdar.net\/tr\/wp-json\/wp\/v2\/product\/41230","targetHints":{"allow":["GET"]}}],"collection":[{"href":"https:\/\/mod.wisdar.net\/tr\/wp-json\/wp\/v2\/product"}],"about":[{"href":"https:\/\/mod.wisdar.net\/tr\/wp-json\/wp\/v2\/types\/product"}],"replies":[{"embeddable":true,"href":"https:\/\/mod.wisdar.net\/tr\/wp-json\/wp\/v2\/comments?post=41230"}],"wp:featuredmedia":[{"embeddable":true,"href":"https:\/\/mod.wisdar.net\/tr\/wp-json\/wp\/v2\/media\/41216"}],"wp:attachment":[{"href":"https:\/\/mod.wisdar.net\/tr\/wp-json\/wp\/v2\/media?parent=41230"}],"wp:term":[{"taxonomy":"product_brand","embeddable":true,"href":"https:\/\/mod.wisdar.net\/tr\/wp-json\/wp\/v2\/product_brand?post=41230"},{"taxonomy":"product_cat","embeddable":true,"href":"https:\/\/mod.wisdar.net\/tr\/wp-json\/wp\/v2\/product_cat?post=41230"},{"taxonomy":"product_tag","embeddable":true,"href":"https:\/\/mod.wisdar.net\/tr\/wp-json\/wp\/v2\/product_tag?post=41230"}],"curies":[{"name":"wp","href":"https:\/\/api.w.org\/{rel}","templated":true}]}}