{"id":41279,"date":"2025-12-16T17:47:53","date_gmt":"2025-12-16T17:47:53","guid":{"rendered":"https:\/\/modesthanim.com\/product\/suet-camel-trenckot\/"},"modified":"2026-04-02T20:41:35","modified_gmt":"2026-04-02T20:41:35","slug":"suet-camel-trenckot","status":"publish","type":"product","link":"https:\/\/mod.wisdar.net\/tr\/urun\/suet-camel-trenckot\/","title":{"rendered":"S\u00fcet Camel Tren\u00e7kot"},"content":{"rendered":"<p>S\u00fcet Tren\u00e7kot \u00d6zellikleri<br \/>\nKruvaze kapamal\u0131, \u00f6nden d\u00fc\u011fmeli, arkadan y\u0131rtma\u00e7l\u0131, astarl\u0131, kendi kuma\u015f\u0131ndan seyyar kemerli, kemer k\u00f6pr\u00fcl\u00fc, yanlardan cepli, s\u00fcet tren\u00e7kot.<br \/>\n%100 Polyester<br \/>\nYaln\u0131zca kuru temizleme yap\u0131n\u0131z. \u00dcr\u00fcne kesinlikle \u00fct\u00fc vurmay\u0131n\u0131z.<\/p>\n","protected":false},"excerpt":{"rendered":"<p>S\u00fcet Tren\u00e7kot \u00d6zellikleri<br \/>\nKruvaze kapamal\u0131, \u00f6nden d\u00fc\u011fmeli, arkadan y\u0131rtma\u00e7l\u0131, astarl\u0131, kendi kuma\u015f\u0131ndan seyyar kemerli, kemer k\u00f6pr\u00fcl\u00fc, yanlardan cepli, s\u00fcet tren\u00e7kot.<br \/>\n%100 Polyester<br \/>\nYaln\u0131zca kuru temizleme yap\u0131n\u0131z. \u00dcr\u00fcne kesinlikle \u00fct\u00fc vurmay\u0131n\u0131z.<\/p>\n","protected":false},"featured_media":41272,"comment_status":"open","ping_status":"closed","template":"","meta":[],"product_brand":[],"product_cat":[2047],"product_tag":[],"class_list":{"0":"post-41279","1":"product","2":"type-product","3":"status-publish","4":"has-post-thumbnail","6":"product_cat-paltolar","7":"pa_brand-hooopstore","8":"pa_color-camel","9":"pa_size-m-l","10":"pa_size-s-m","12":"first","13":"instock","14":"sale","15":"shipping-taxable","16":"purchasable","17":"product-type-variable"},"_links":{"self":[{"href":"https:\/\/mod.wisdar.net\/tr\/wp-json\/wp\/v2\/product\/41279","targetHints":{"allow":["GET"]}}],"collection":[{"href":"https:\/\/mod.wisdar.net\/tr\/wp-json\/wp\/v2\/product"}],"about":[{"href":"https:\/\/mod.wisdar.net\/tr\/wp-json\/wp\/v2\/types\/product"}],"replies":[{"embeddable":true,"href":"https:\/\/mod.wisdar.net\/tr\/wp-json\/wp\/v2\/comments?post=41279"}],"wp:featuredmedia":[{"embeddable":true,"href":"https:\/\/mod.wisdar.net\/tr\/wp-json\/wp\/v2\/media\/41272"}],"wp:attachment":[{"href":"https:\/\/mod.wisdar.net\/tr\/wp-json\/wp\/v2\/media?parent=41279"}],"wp:term":[{"taxonomy":"product_brand","embeddable":true,"href":"https:\/\/mod.wisdar.net\/tr\/wp-json\/wp\/v2\/product_brand?post=41279"},{"taxonomy":"product_cat","embeddable":true,"href":"https:\/\/mod.wisdar.net\/tr\/wp-json\/wp\/v2\/product_cat?post=41279"},{"taxonomy":"product_tag","embeddable":true,"href":"https:\/\/mod.wisdar.net\/tr\/wp-json\/wp\/v2\/product_tag?post=41279"}],"curies":[{"name":"wp","href":"https:\/\/api.w.org\/{rel}","templated":true}]}}