{"id":41335,"date":"2025-12-16T17:48:28","date_gmt":"2025-12-16T17:48:28","guid":{"rendered":"https:\/\/modesthanim.com\/product\/temel-lacivert-kazak\/"},"modified":"2026-02-19T21:43:15","modified_gmt":"2026-02-19T21:43:15","slug":"temel-lacivert-kazak","status":"publish","type":"product","link":"https:\/\/mod.wisdar.net\/tr\/urun\/temel-lacivert-kazak\/","title":{"rendered":"Temel Lacivert Kazak"},"content":{"rendered":"<p>Temel Kazak \u00d6zellikleri<br \/>\nYuvarlak yaka, d\u00fc\u015f\u00fck omuz, yanlardan y\u0131rtma\u00e7l\u0131, rahat kesim kazak.<br \/>\n%100 Akrilik<br \/>\nElde y\u0131kama yap\u0131n\u0131z. Sererek kurutunuz ya da kuru temizleme yap\u0131n\u0131z.<\/p>\n","protected":false},"excerpt":{"rendered":"<p>Temel Kazak \u00d6zellikleri<br \/>\nYuvarlak yaka, d\u00fc\u015f\u00fck omuz, yanlardan y\u0131rtma\u00e7l\u0131, rahat kesim kazak.<br \/>\n%100 Akrilik<br \/>\nElde y\u0131kama yap\u0131n\u0131z. Sererek kurutunuz ya da kuru temizleme yap\u0131n\u0131z.<\/p>\n","protected":false},"featured_media":41327,"comment_status":"open","ping_status":"closed","template":"","meta":[],"product_brand":[],"product_cat":[1909],"product_tag":[],"class_list":{"0":"post-41335","1":"product","2":"type-product","3":"status-publish","4":"has-post-thumbnail","6":"product_cat-bluzlar-ve-gomlekler","7":"pa_brand-hooopstore","8":"pa_color-lacivert","9":"pa_size-std","11":"first","12":"outofstock","13":"shipping-taxable","14":"product-type-variable"},"_links":{"self":[{"href":"https:\/\/mod.wisdar.net\/tr\/wp-json\/wp\/v2\/product\/41335","targetHints":{"allow":["GET"]}}],"collection":[{"href":"https:\/\/mod.wisdar.net\/tr\/wp-json\/wp\/v2\/product"}],"about":[{"href":"https:\/\/mod.wisdar.net\/tr\/wp-json\/wp\/v2\/types\/product"}],"replies":[{"embeddable":true,"href":"https:\/\/mod.wisdar.net\/tr\/wp-json\/wp\/v2\/comments?post=41335"}],"wp:featuredmedia":[{"embeddable":true,"href":"https:\/\/mod.wisdar.net\/tr\/wp-json\/wp\/v2\/media\/41327"}],"wp:attachment":[{"href":"https:\/\/mod.wisdar.net\/tr\/wp-json\/wp\/v2\/media?parent=41335"}],"wp:term":[{"taxonomy":"product_brand","embeddable":true,"href":"https:\/\/mod.wisdar.net\/tr\/wp-json\/wp\/v2\/product_brand?post=41335"},{"taxonomy":"product_cat","embeddable":true,"href":"https:\/\/mod.wisdar.net\/tr\/wp-json\/wp\/v2\/product_cat?post=41335"},{"taxonomy":"product_tag","embeddable":true,"href":"https:\/\/mod.wisdar.net\/tr\/wp-json\/wp\/v2\/product_tag?post=41335"}],"curies":[{"name":"wp","href":"https:\/\/api.w.org\/{rel}","templated":true}]}}