{"id":41355,"date":"2025-12-16T17:48:39","date_gmt":"2025-12-16T17:48:39","guid":{"rendered":"https:\/\/modesthanim.com\/product\/fermuar-detayli-kahve-hirka\/"},"modified":"2026-03-23T08:21:22","modified_gmt":"2026-03-23T08:21:22","slug":"fermuar-detayli-kahve-hirka","status":"publish","type":"product","link":"https:\/\/mod.wisdar.net\/tr\/urun\/fermuar-detayli-kahve-hirka\/","title":{"rendered":"Fermuar Detayl\u0131 Kahve H\u0131rka"},"content":{"rendered":"<p>Fermuar Detayl\u0131 H\u0131rka \u00d6zellikleri \u00d6nden fermuarl\u0131 ve kesikli, \u00f6nden cepli, d\u00fc\u015f\u00fck omuz, kol ve etek ucu kendi kuma\u015f\u0131ndan bant detayl\u0131 bol kesim h\u0131rka. %40 Pamuk %55 Viskon %5 Lyc Maksimum 30 derecede y\u0131kama yap\u0131n\u0131z. D\u00fc\u015f\u00fck s\u0131cakl\u0131kta tersten \u00fct\u00fcleyiniz.<\/p>\n","protected":false},"excerpt":{"rendered":"<p>Fermuar Detayl\u0131 H\u0131rka \u00d6zellikleri \u00d6nden fermuarl\u0131 ve kesikli, \u00f6nden cepli, d\u00fc\u015f\u00fck omuz, kol ve etek ucu kendi kuma\u015f\u0131ndan bant detayl\u0131 bol kesim h\u0131rka. %40 Pamuk %55 Viskon %5 Lyc Maksimum 30 derecede y\u0131kama yap\u0131n\u0131z. D\u00fc\u015f\u00fck s\u0131cakl\u0131kta tersten \u00fct\u00fcleyiniz.<\/p>\n","protected":false},"featured_media":41347,"comment_status":"open","ping_status":"closed","template":"","meta":[],"product_brand":[],"product_cat":[1909],"product_tag":[7428,7426,7308,6840,7327],"class_list":{"0":"post-41355","1":"product","2":"type-product","3":"status-publish","4":"has-post-thumbnail","6":"product_cat-bluzlar-ve-gomlekler","7":"product_tag-fermuar-detayi","8":"product_tag-gunluk-giyim-3","9":"product_tag-hirka","10":"product_tag-kahve-rengi","11":"product_tag-oversize","12":"pa_brand-hooopstore","13":"pa_color-kahve","14":"pa_size-m-l","15":"pa_size-s-m","17":"first","18":"outofstock","19":"shipping-taxable","20":"product-type-variable"},"_links":{"self":[{"href":"https:\/\/mod.wisdar.net\/tr\/wp-json\/wp\/v2\/product\/41355","targetHints":{"allow":["GET"]}}],"collection":[{"href":"https:\/\/mod.wisdar.net\/tr\/wp-json\/wp\/v2\/product"}],"about":[{"href":"https:\/\/mod.wisdar.net\/tr\/wp-json\/wp\/v2\/types\/product"}],"replies":[{"embeddable":true,"href":"https:\/\/mod.wisdar.net\/tr\/wp-json\/wp\/v2\/comments?post=41355"}],"wp:featuredmedia":[{"embeddable":true,"href":"https:\/\/mod.wisdar.net\/tr\/wp-json\/wp\/v2\/media\/41347"}],"wp:attachment":[{"href":"https:\/\/mod.wisdar.net\/tr\/wp-json\/wp\/v2\/media?parent=41355"}],"wp:term":[{"taxonomy":"product_brand","embeddable":true,"href":"https:\/\/mod.wisdar.net\/tr\/wp-json\/wp\/v2\/product_brand?post=41355"},{"taxonomy":"product_cat","embeddable":true,"href":"https:\/\/mod.wisdar.net\/tr\/wp-json\/wp\/v2\/product_cat?post=41355"},{"taxonomy":"product_tag","embeddable":true,"href":"https:\/\/mod.wisdar.net\/tr\/wp-json\/wp\/v2\/product_tag?post=41355"}],"curies":[{"name":"wp","href":"https:\/\/api.w.org\/{rel}","templated":true}]}}